{"id":986,"date":"2020-03-17T17:14:50","date_gmt":"2020-03-17T16:14:50","guid":{"rendered":"http:\/\/www.asso-audrey.org\/?page_id=986"},"modified":"2020-03-22T18:56:00","modified_gmt":"2020-03-22T17:56:00","slug":"contactanos","status":"publish","type":"page","link":"https:\/\/www.asso-audrey.org\/?page_id=986&lang=es","title":{"rendered":"Cont\u00e1ctanos"},"content":{"rendered":"\n<h2 class=\"is-style-vk-heading-background_fill_lightgray wp-block-heading\"> Cont\u00e1ctanos <\/h2>\n\n\n<h2 class=\"fontSizeBig\">Coordenadas:<\/h2>\n<p class=\"fontSizeBig\">Puedes contactarnos a la direcci\u00f3n siguiente:<\/p>\n<p>\u00a0<\/p>\n<p><img data-recalc-dims=\"1\" loading=\"lazy\" decoding=\"async\" class=\"size-medium wp-image-58 alignleft\" src=\"https:\/\/i0.wp.com\/www.asso-audrey.org\/wp-content\/uploads\/2020\/03\/meningites.png?resize=300%2C165&#038;ssl=1\" alt=\"\" width=\"300\" height=\"165\" srcset=\"https:\/\/i0.wp.com\/www.asso-audrey.org\/wp-content\/uploads\/2020\/03\/meningites.png?resize=300%2C165&amp;ssl=1 300w, https:\/\/i0.wp.com\/www.asso-audrey.org\/wp-content\/uploads\/2020\/03\/meningites.png?resize=768%2C421&amp;ssl=1 768w, https:\/\/i0.wp.com\/www.asso-audrey.org\/wp-content\/uploads\/2020\/03\/meningites.png?w=933&amp;ssl=1 933w\" sizes=\"auto, (max-width: 300px) 100vw, 300px\" \/>Association Audrey<br \/>31, Mail des Quatre Vents<br \/>49000 ECOUFLANT<\/p>\n<p>T\u00e9l: 02 41 37 82 46<\/p>\n<p>Mail : ass.audrey@wanadoo.fr<\/p>\n<p>\u00a0<\/p>\n\n\n<h2 class=\"wp-block-heading\"> Otras antenas: <br><br><br><\/h2>\n\n\n<p><img data-recalc-dims=\"1\" loading=\"lazy\" decoding=\"async\" class=\" wp-image-569 alignleft\" src=\"https:\/\/i0.wp.com\/www.asso-audrey.org\/wp-content\/uploads\/2020\/03\/audrey_2-1.jpg?resize=159%2C237&#038;ssl=1\" alt=\"\" width=\"159\" height=\"237\" srcset=\"https:\/\/i0.wp.com\/www.asso-audrey.org\/wp-content\/uploads\/2020\/03\/audrey_2-1.jpg?resize=201%2C300&amp;ssl=1 201w, https:\/\/i0.wp.com\/www.asso-audrey.org\/wp-content\/uploads\/2020\/03\/audrey_2-1.jpg?w=294&amp;ssl=1 294w\" sizes=\"auto, (max-width: 159px) 100vw, 159px\" \/><\/p>\n<p>\u00a0<\/p>\n<p>La Asociaci\u00f3n Audrey se estableci\u00f3 en otras regiones de Francia a fin de realizar sus misiones con mayor eficiencia en el pa\u00eds entero:<\/p>\n<p><br \/><br \/><br \/><br \/><br \/><\/p>\n<p>\u00a0<\/p>\n<p>\u00a0<\/p>\n\n\n<div class=\"wp-block-media-text alignwide\" style=\"grid-template-columns:15% auto\"><figure class=\"wp-block-media-text__media\"><img data-recalc-dims=\"1\" loading=\"lazy\" decoding=\"async\" width=\"254\" height=\"366\" src=\"https:\/\/i0.wp.com\/www.asso-audrey.org\/wp-content\/uploads\/2020\/03\/42-emeric.jpg?resize=254%2C366&#038;ssl=1\" alt=\"\" class=\"wp-image-1004\" srcset=\"https:\/\/i0.wp.com\/www.asso-audrey.org\/wp-content\/uploads\/2020\/03\/42-emeric.jpg?w=254&amp;ssl=1 254w, https:\/\/i0.wp.com\/www.asso-audrey.org\/wp-content\/uploads\/2020\/03\/42-emeric.jpg?resize=208%2C300&amp;ssl=1 208w\" sizes=\"auto, (max-width: 254px) 100vw, 254px\" \/><\/figure><div class=\"wp-block-media-text__content\">\n<p><strong> LOIRE<\/strong><\/p>\n\n\n\n<p><strong>Association Audrey 42 Emeric<\/strong><\/p>\n\n\n\n<p>AROD Philippe et FOURNIER Dominique<br>27, rue de la Renaudi\u00e8re<br>42400 SAINT CHAMOND<br>T\u00e9l : 04 77 29 10 75&nbsp;&nbsp; ou&nbsp;&nbsp;&nbsp;06 98 00 47 78<br>Mail : assoaudrey42emeric@tele2.fr <br><br><\/p>\n<\/div><\/div>\n","protected":false},"excerpt":{"rendered":"<p>Cont\u00e1ctanos Coordenadas: Puedes contactarnos a la direcci\u00f3n siguiente: \u00a0 Association Audrey31, Mail des Quatre Vents49000 ECOUFLANT T\u00e9l: 02 41 37 82 46 Mail : ass.audrey@wanadoo.fr \u00a0 Otras antenas: \u00a0 La Asociaci\u00f3n Audrey se estableci\u00f3 en otras regiones de Francia a fin de realizar sus misiones con mayor eficiencia en el pa\u00eds entero: \u00a0 \u00a0 LOIRE [&hellip;]<\/p>\n","protected":false},"author":1,"featured_media":0,"parent":0,"menu_order":11,"comment_status":"closed","ping_status":"closed","template":"","meta":{"vkexunit_cta_each_option":"","footnotes":""},"folder":[],"class_list":["post-986","page","type-page","status-publish","hentry"],"jetpack_shortlink":"https:\/\/wp.me\/PbNfD9-fU","jetpack_sharing_enabled":true,"_links":{"self":[{"href":"https:\/\/www.asso-audrey.org\/index.php?rest_route=\/wp\/v2\/pages\/986","targetHints":{"allow":["GET"]}}],"collection":[{"href":"https:\/\/www.asso-audrey.org\/index.php?rest_route=\/wp\/v2\/pages"}],"about":[{"href":"https:\/\/www.asso-audrey.org\/index.php?rest_route=\/wp\/v2\/types\/page"}],"author":[{"embeddable":true,"href":"https:\/\/www.asso-audrey.org\/index.php?rest_route=\/wp\/v2\/users\/1"}],"replies":[{"embeddable":true,"href":"https:\/\/www.asso-audrey.org\/index.php?rest_route=%2Fwp%2Fv2%2Fcomments&post=986"}],"version-history":[{"count":9,"href":"https:\/\/www.asso-audrey.org\/index.php?rest_route=\/wp\/v2\/pages\/986\/revisions"}],"predecessor-version":[{"id":1227,"href":"https:\/\/www.asso-audrey.org\/index.php?rest_route=\/wp\/v2\/pages\/986\/revisions\/1227"}],"wp:attachment":[{"href":"https:\/\/www.asso-audrey.org\/index.php?rest_route=%2Fwp%2Fv2%2Fmedia&parent=986"}],"wp:term":[{"taxonomy":"folder","embeddable":true,"href":"https:\/\/www.asso-audrey.org\/index.php?rest_route=%2Fwp%2Fv2%2Ffolder&post=986"}],"curies":[{"name":"wp","href":"https:\/\/api.w.org\/{rel}","templated":true}]}}