{"id":852,"date":"2020-03-17T15:20:06","date_gmt":"2020-03-17T14:20:06","guid":{"rendered":"http:\/\/www.asso-audrey.org\/?page_id=852"},"modified":"2020-03-17T15:21:12","modified_gmt":"2020-03-17T14:21:12","slug":"logotipo","status":"publish","type":"page","link":"https:\/\/www.asso-audrey.org\/?page_id=852&lang=es","title":{"rendered":"Logotipo"},"content":{"rendered":"\n<h2 class=\"is-style-vk-heading-background_fill_lightgray wp-block-heading\"> Titulo <\/h2>\n\n\n<p>La asociaci\u00f3n Audrey elijo dos logotipos representativos de sus acciones contra las meningitis.<\/p>\n\n<h3 class=\"fontSizeBig\">El primer representa los acciones que todav\u00eda hay que desarrollar en Francia, Europa y \u00c1frica; especialmente acciones relativas a las secuelas de la enfermedad (minusval\u00eda) gracias a colaboraciones con escuelas, asociaciones, centros hospitalarios, empresas (ver Fundaci\u00f3n para saber m\u00e1s).<br \/><br \/>El segundo representa la asociaci\u00f3n y sus acciones actuales.<\/h3>\n<p>\u00a0<\/p>\n\n<p><img data-recalc-dims=\"1\" loading=\"lazy\" decoding=\"async\" class=\"size-medium wp-image-807 alignleft\" src=\"https:\/\/i0.wp.com\/www.asso-audrey.org\/wp-content\/uploads\/2020\/03\/meningites-2.png?resize=300%2C165&#038;ssl=1\" alt=\"\" width=\"300\" height=\"165\" srcset=\"https:\/\/i0.wp.com\/www.asso-audrey.org\/wp-content\/uploads\/2020\/03\/meningites-2.png?resize=300%2C165&amp;ssl=1 300w, https:\/\/i0.wp.com\/www.asso-audrey.org\/wp-content\/uploads\/2020\/03\/meningites-2.png?resize=768%2C421&amp;ssl=1 768w, https:\/\/i0.wp.com\/www.asso-audrey.org\/wp-content\/uploads\/2020\/03\/meningites-2.png?resize=750%2C410&amp;ssl=1 750w, https:\/\/i0.wp.com\/www.asso-audrey.org\/wp-content\/uploads\/2020\/03\/meningites-2.png?w=933&amp;ssl=1 933w\" sizes=\"auto, (max-width: 300px) 100vw, 300px\" \/><\/p>\n<p>\u00a0<\/p>\n<p>logo M\u00e9ningites France &#8211; Association Audrey<\/p>\n<p>\u00a0<\/p>\n<p>\u00a0<\/p>\n<p>\u00a0<\/p>\n<p>\u00a0<\/p>\n\n<p><img data-recalc-dims=\"1\" loading=\"lazy\" decoding=\"async\" class=\"size-medium wp-image-855 alignleft\" src=\"https:\/\/i0.wp.com\/www.asso-audrey.org\/wp-content\/uploads\/2020\/03\/logo_1-1.jpg?resize=271%2C300&#038;ssl=1\" alt=\"\" width=\"271\" height=\"300\" srcset=\"https:\/\/i0.wp.com\/www.asso-audrey.org\/wp-content\/uploads\/2020\/03\/logo_1-1.jpg?resize=271%2C300&amp;ssl=1 271w, https:\/\/i0.wp.com\/www.asso-audrey.org\/wp-content\/uploads\/2020\/03\/logo_1-1.jpg?w=450&amp;ssl=1 450w\" sizes=\"auto, (max-width: 271px) 100vw, 271px\" \/><\/p>\n<p>\u00a0<\/p>\n<p>\u00a0<\/p>\n<p>\u00a0<\/p>\n<p>logo Association Audrey<\/p>","protected":false},"excerpt":{"rendered":"<p>Titulo La asociaci\u00f3n Audrey elijo dos logotipos representativos de sus acciones contra las meningitis. El primer representa los acciones que todav\u00eda hay que desarrollar en Francia, Europa y \u00c1frica; especialmente acciones relativas a las secuelas de la enfermedad (minusval\u00eda) gracias a colaboraciones con escuelas, asociaciones, centros hospitalarios, empresas (ver Fundaci\u00f3n para saber m\u00e1s). El segundo [&hellip;]<\/p>\n","protected":false},"author":1,"featured_media":0,"parent":837,"menu_order":2,"comment_status":"closed","ping_status":"closed","template":"","meta":{"vkexunit_cta_each_option":"","footnotes":""},"folder":[],"class_list":["post-852","page","type-page","status-publish","hentry"],"jetpack_shortlink":"https:\/\/wp.me\/PbNfD9-dK","jetpack_sharing_enabled":true,"_links":{"self":[{"href":"https:\/\/www.asso-audrey.org\/index.php?rest_route=\/wp\/v2\/pages\/852","targetHints":{"allow":["GET"]}}],"collection":[{"href":"https:\/\/www.asso-audrey.org\/index.php?rest_route=\/wp\/v2\/pages"}],"about":[{"href":"https:\/\/www.asso-audrey.org\/index.php?rest_route=\/wp\/v2\/types\/page"}],"author":[{"embeddable":true,"href":"https:\/\/www.asso-audrey.org\/index.php?rest_route=\/wp\/v2\/users\/1"}],"replies":[{"embeddable":true,"href":"https:\/\/www.asso-audrey.org\/index.php?rest_route=%2Fwp%2Fv2%2Fcomments&post=852"}],"version-history":[{"count":6,"href":"https:\/\/www.asso-audrey.org\/index.php?rest_route=\/wp\/v2\/pages\/852\/revisions"}],"predecessor-version":[{"id":859,"href":"https:\/\/www.asso-audrey.org\/index.php?rest_route=\/wp\/v2\/pages\/852\/revisions\/859"}],"up":[{"embeddable":true,"href":"https:\/\/www.asso-audrey.org\/index.php?rest_route=\/wp\/v2\/pages\/837"}],"wp:attachment":[{"href":"https:\/\/www.asso-audrey.org\/index.php?rest_route=%2Fwp%2Fv2%2Fmedia&parent=852"}],"wp:term":[{"taxonomy":"folder","embeddable":true,"href":"https:\/\/www.asso-audrey.org\/index.php?rest_route=%2Fwp%2Fv2%2Ffolder&post=852"}],"curies":[{"name":"wp","href":"https:\/\/api.w.org\/{rel}","templated":true}]}}