{"id":816,"date":"2020-03-17T15:04:42","date_gmt":"2020-03-17T14:04:42","guid":{"rendered":"http:\/\/www.asso-audrey.org\/?page_id=816"},"modified":"2020-03-17T15:05:06","modified_gmt":"2020-03-17T14:05:06","slug":"agenda-2","status":"publish","type":"page","link":"https:\/\/www.asso-audrey.org\/?page_id=816&lang=es","title":{"rendered":"Agenda"},"content":{"rendered":"\n<figure class=\"wp-block-image size-large\"><img data-recalc-dims=\"1\" loading=\"lazy\" decoding=\"async\" width=\"648\" height=\"486\" src=\"https:\/\/i0.wp.com\/www.asso-audrey.org\/wp-content\/uploads\/2020\/03\/p1010007-2.jpg?resize=648%2C486&#038;ssl=1\" alt=\"\" class=\"wp-image-817\" srcset=\"https:\/\/i0.wp.com\/www.asso-audrey.org\/wp-content\/uploads\/2020\/03\/p1010007-2.jpg?resize=1024%2C768&amp;ssl=1 1024w, https:\/\/i0.wp.com\/www.asso-audrey.org\/wp-content\/uploads\/2020\/03\/p1010007-2.jpg?resize=300%2C225&amp;ssl=1 300w, https:\/\/i0.wp.com\/www.asso-audrey.org\/wp-content\/uploads\/2020\/03\/p1010007-2.jpg?resize=768%2C576&amp;ssl=1 768w, https:\/\/i0.wp.com\/www.asso-audrey.org\/wp-content\/uploads\/2020\/03\/p1010007-2.jpg?resize=1536%2C1152&amp;ssl=1 1536w, https:\/\/i0.wp.com\/www.asso-audrey.org\/wp-content\/uploads\/2020\/03\/p1010007-2.jpg?w=2048&amp;ssl=1 2048w, https:\/\/i0.wp.com\/www.asso-audrey.org\/wp-content\/uploads\/2020\/03\/p1010007-2.jpg?w=1296&amp;ssl=1 1296w, https:\/\/i0.wp.com\/www.asso-audrey.org\/wp-content\/uploads\/2020\/03\/p1010007-2.jpg?w=1944&amp;ssl=1 1944w\" sizes=\"auto, (max-width: 648px) 100vw, 648px\" \/><\/figure>\n\n\n<p style=\"text-align: center;\">Organizaci\u00f3n de formaciones sobre las meningitis bacterianas.<\/p>\n<p>\u00a0<\/p>\n\n<p><u>Torneo de f\u00fatbol al estado Fr\u00e9mur en Angers el 13 de junio de 2009.<br \/><\/u><br \/><br \/><b><br \/><\/b><u>Jornada de formaci\u00f3n Ministerio de Salud el 8 de octubre de 2009.<br \/><\/u><br \/><br \/><b><br \/><\/b><u>Conferencia sobre el enlutado en Angers el 15 de diciembre 2009 al centro de congreso.<\/u><br \/><br \/><br \/><b>A finales de 2009<br \/><br \/><\/b><\/p>\n<div class=\"right-part\">\n<div class=\"right-part-content-wrap\">\n<div class=\"translation-layout-wrap\">\n<div id=\"trVisibleScroll\">\n<div id=\"trEntireScroll\">\n<div class=\"translation-layout\">\n<div class=\"padded-single-translation trans-wrap\">\n<div class=\"tpart\">Formaci\u00f3n sobre meningitis en Rennes.<\/div>\n<\/div>\n<\/div>\n<\/div>\n<\/div>\n<\/div>\n<\/div>\n<\/div>","protected":false},"excerpt":{"rendered":"<p>Organizaci\u00f3n de formaciones sobre las meningitis bacterianas. \u00a0 Torneo de f\u00fatbol al estado Fr\u00e9mur en Angers el 13 de junio de 2009. Jornada de formaci\u00f3n Ministerio de Salud el 8 de octubre de 2009. Conferencia sobre el enlutado en Angers el 15 de diciembre 2009 al centro de congreso. A finales de 2009 Formaci\u00f3n sobre [&hellip;]<\/p>\n","protected":false},"author":1,"featured_media":0,"parent":0,"menu_order":6,"comment_status":"closed","ping_status":"closed","template":"","meta":{"vkexunit_cta_each_option":"","footnotes":""},"folder":[],"class_list":["post-816","page","type-page","status-publish","hentry"],"jetpack_shortlink":"https:\/\/wp.me\/PbNfD9-da","jetpack_sharing_enabled":true,"_links":{"self":[{"href":"https:\/\/www.asso-audrey.org\/index.php?rest_route=\/wp\/v2\/pages\/816","targetHints":{"allow":["GET"]}}],"collection":[{"href":"https:\/\/www.asso-audrey.org\/index.php?rest_route=\/wp\/v2\/pages"}],"about":[{"href":"https:\/\/www.asso-audrey.org\/index.php?rest_route=\/wp\/v2\/types\/page"}],"author":[{"embeddable":true,"href":"https:\/\/www.asso-audrey.org\/index.php?rest_route=\/wp\/v2\/users\/1"}],"replies":[{"embeddable":true,"href":"https:\/\/www.asso-audrey.org\/index.php?rest_route=%2Fwp%2Fv2%2Fcomments&post=816"}],"version-history":[{"count":3,"href":"https:\/\/www.asso-audrey.org\/index.php?rest_route=\/wp\/v2\/pages\/816\/revisions"}],"predecessor-version":[{"id":820,"href":"https:\/\/www.asso-audrey.org\/index.php?rest_route=\/wp\/v2\/pages\/816\/revisions\/820"}],"wp:attachment":[{"href":"https:\/\/www.asso-audrey.org\/index.php?rest_route=%2Fwp%2Fv2%2Fmedia&parent=816"}],"wp:term":[{"taxonomy":"folder","embeddable":true,"href":"https:\/\/www.asso-audrey.org\/index.php?rest_route=%2Fwp%2Fv2%2Ffolder&post=816"}],"curies":[{"name":"wp","href":"https:\/\/api.w.org\/{rel}","templated":true}]}}