{"id":752,"date":"2020-03-17T14:25:51","date_gmt":"2020-03-17T13:25:51","guid":{"rendered":"http:\/\/www.asso-audrey.org\/?page_id=752"},"modified":"2020-03-17T14:25:52","modified_gmt":"2020-03-17T13:25:52","slug":"cifras-claves","status":"publish","type":"page","link":"https:\/\/www.asso-audrey.org\/?page_id=752&lang=es","title":{"rendered":"Cifras claves"},"content":{"rendered":"<div class=\"isoBlockPosition-none isoFloatClear-none fontFamilyStandardText fontSizeNormal fontColorStandardText \">\n<p align=\"left\">Alrededor del\u00a0<b>70<\/b><b>%<\/b>\u00a0de los casos de\u00a0<b>meningitis<\/b><b>bacteriana<\/b>\u00a0se manifiestan\u00a0<b>antes<\/b><b>los<\/b><b>5<\/b><b>anos<\/b>.<\/p>\n<\/div>\n<div class=\"isoBlockPosition-none isoFloatClear-none fontFamilyStandardText fontSizeNormal fontColorStandardText \">\n<p align=\"left\">En el\u00a0<b>30%<\/b>\u00a0de los caso de\u00a0<b>meningitis a meningococo<\/b>, se declara la terrible infecci\u00f3n\u00a0<b>\u00ab\u00a0p\u00farpura fulminans\u00a0\u00bb.<\/b><\/p>\n<\/div>\n<div class=\"isoBlockPosition-none isoFloatClear-none fontFamilyStandardText fontSizeNormal fontColorStandardText \">\n<p align=\"left\">En el\u00a0<b>60 %<\/b>\u00a0de los casos, el enfermo\u00a0<b>no conserva ni una secuela<\/b>\u00a0tras su curaci\u00f3n,\u00a0<b>20 %<\/b>\u00a0de los enfermos sufren\u00a0<b>graves secuelas<\/b>\u00a0como\u00a0 la sordera, la ceguera, la par\u00e1lisis, el coma&#8230; Desgraciadamente, para el\u00a0<b>20 %<\/b>\u00a0restante la meningitis resulta una\u00a0<b>enfermedad fatal<\/b>.<\/p>\n<\/div>\n<div class=\"isoBlockPosition-none isoFloatClear-none fontFamilyStandardText fontSizeNormal fontColorStandardText \">\n<p align=\"left\">El recrudecimiento de la meningitis es de temporada\u00a0<b>(invierno \/ primavera)<\/b>\u00a0y afecta entre\u00a0<b>1 y 5 casos para 100 000 habitantes<\/b>\u00a0en un pa\u00eds industrializado.<\/p>\n<\/div>\n<div class=\"isoBlockPosition-none isoFloatClear-none fontFamilyStandardText fontSizeNormal fontColorStandardText \">\n<p align=\"left\">Se cuenta hasta<b>\u00a0500 000 casos<\/b>\u00a0de infecciones a meningococo en el mundo por ano.<\/p>\n<\/div>\n<div class=\"isoBlockPosition-none isoFloatClear-none fontFamilyStandardText fontSizeNormal fontColorStandardText \">\n<p align=\"left\">Hoy en d\u00eda, se censa alrededor de\u00a0<b>1.2 mill\u00f3n de casos de meningitis bacterianas<\/b>\u00a0(meningococo, neumococos),\u00a0<b>135 000 casos resultaran mortales<\/b>.<\/p>\n<p align=\"left\"><strong>El 14%<\/strong> de los casos de meningitis afecta a <strong>menores de 20 a\u00f1os<\/strong>, la mayor\u00eda de los cuales son ni\u00f1os <strong>menores de 1 a\u00f1o<\/strong>.<\/p>\n<\/div>\n","protected":false},"excerpt":{"rendered":"<p>Alrededor del\u00a070%\u00a0de los casos de\u00a0meningitisbacteriana\u00a0se manifiestan\u00a0anteslos5anos. En el\u00a030%\u00a0de los caso de\u00a0meningitis a meningococo, se declara la terrible infecci\u00f3n\u00a0\u00ab\u00a0p\u00farpura fulminans\u00a0\u00bb. En el\u00a060 %\u00a0de los casos, el enfermo\u00a0no conserva ni una secuela\u00a0tras su curaci\u00f3n,\u00a020 %\u00a0de los enfermos sufren\u00a0graves secuelas\u00a0como\u00a0 la sordera, la ceguera, la par\u00e1lisis, el coma&#8230; Desgraciadamente, para el\u00a020 %\u00a0restante la meningitis resulta una\u00a0enfermedad fatal. El [&hellip;]<\/p>\n","protected":false},"author":1,"featured_media":0,"parent":658,"menu_order":9,"comment_status":"closed","ping_status":"closed","template":"","meta":{"vkexunit_cta_each_option":"","footnotes":""},"folder":[],"class_list":["post-752","page","type-page","status-publish","hentry"],"jetpack_shortlink":"https:\/\/wp.me\/PbNfD9-c8","jetpack_sharing_enabled":true,"_links":{"self":[{"href":"https:\/\/www.asso-audrey.org\/index.php?rest_route=\/wp\/v2\/pages\/752","targetHints":{"allow":["GET"]}}],"collection":[{"href":"https:\/\/www.asso-audrey.org\/index.php?rest_route=\/wp\/v2\/pages"}],"about":[{"href":"https:\/\/www.asso-audrey.org\/index.php?rest_route=\/wp\/v2\/types\/page"}],"author":[{"embeddable":true,"href":"https:\/\/www.asso-audrey.org\/index.php?rest_route=\/wp\/v2\/users\/1"}],"replies":[{"embeddable":true,"href":"https:\/\/www.asso-audrey.org\/index.php?rest_route=%2Fwp%2Fv2%2Fcomments&post=752"}],"version-history":[{"count":1,"href":"https:\/\/www.asso-audrey.org\/index.php?rest_route=\/wp\/v2\/pages\/752\/revisions"}],"predecessor-version":[{"id":753,"href":"https:\/\/www.asso-audrey.org\/index.php?rest_route=\/wp\/v2\/pages\/752\/revisions\/753"}],"up":[{"embeddable":true,"href":"https:\/\/www.asso-audrey.org\/index.php?rest_route=\/wp\/v2\/pages\/658"}],"wp:attachment":[{"href":"https:\/\/www.asso-audrey.org\/index.php?rest_route=%2Fwp%2Fv2%2Fmedia&parent=752"}],"wp:term":[{"taxonomy":"folder","embeddable":true,"href":"https:\/\/www.asso-audrey.org\/index.php?rest_route=%2Fwp%2Fv2%2Ffolder&post=752"}],"curies":[{"name":"wp","href":"https:\/\/api.w.org\/{rel}","templated":true}]}}