{"id":715,"date":"2020-03-17T14:09:13","date_gmt":"2020-03-17T13:09:13","guid":{"rendered":"http:\/\/www.asso-audrey.org\/?page_id=715"},"modified":"2020-03-17T14:11:36","modified_gmt":"2020-03-17T13:11:36","slug":"sintomas","status":"publish","type":"page","link":"https:\/\/www.asso-audrey.org\/?page_id=715&lang=es","title":{"rendered":"S\u00edntomas"},"content":{"rendered":"<p>Los signos de alarma:<\/p>\n<ul class=\"fontFamilyStandardText fontSizeNormal fontColorStandardText \" type=\"disc\">\n<li>Gran fiebre (39\u00b0C- 40\u00b0C)<\/li>\n<li>Cefaleas (dolores locales al nivel de la base craneal)<\/li>\n<li>Agujetas, rigidez de la nuca<\/li>\n<li>Nausea, vomito<\/li>\n<li>Sensibilidad anormal a la luz viva<\/li>\n<li>Manchas rojas (p\u00farpura) sobre el cuerpo<\/li>\n<li>Somnolencia<\/li>\n<\/ul>\n\n<p>Para el\u00a0<b>ni\u00f1o de pecho<\/b>, los s\u00edntomas quedan a menudo menos espec\u00edficos: quedar my atento en caso de\u00a0<b>fiebre<\/b>\u00a0asociada a\u00a0<b>modificaciones del comportamiento<\/b>\u00a0(llantos, rechazo a comer, somnolencia, \u2026)<\/p>\n\n<p><img data-recalc-dims=\"1\" loading=\"lazy\" decoding=\"async\" class=\" wp-image-716 alignleft\" src=\"https:\/\/i0.wp.com\/www.asso-audrey.org\/wp-content\/uploads\/2020\/03\/purpurameningo2-2.jpg?resize=303%2C227&#038;ssl=1\" alt=\"\" width=\"303\" height=\"227\" srcset=\"https:\/\/i0.wp.com\/www.asso-audrey.org\/wp-content\/uploads\/2020\/03\/purpurameningo2-2.jpg?resize=300%2C225&amp;ssl=1 300w, https:\/\/i0.wp.com\/www.asso-audrey.org\/wp-content\/uploads\/2020\/03\/purpurameningo2-2.jpg?resize=1024%2C768&amp;ssl=1 1024w, https:\/\/i0.wp.com\/www.asso-audrey.org\/wp-content\/uploads\/2020\/03\/purpurameningo2-2.jpg?resize=768%2C576&amp;ssl=1 768w, https:\/\/i0.wp.com\/www.asso-audrey.org\/wp-content\/uploads\/2020\/03\/purpurameningo2-2.jpg?resize=1536%2C1152&amp;ssl=1 1536w, https:\/\/i0.wp.com\/www.asso-audrey.org\/wp-content\/uploads\/2020\/03\/purpurameningo2-2.jpg?w=1600&amp;ssl=1 1600w, https:\/\/i0.wp.com\/www.asso-audrey.org\/wp-content\/uploads\/2020\/03\/purpurameningo2-2.jpg?w=1296&amp;ssl=1 1296w\" sizes=\"auto, (max-width: 303px) 100vw, 303px\" \/><\/p>\n<p>\u00a0<\/p>\n<p>Para los\u00a0<b>reci\u00e9n nacidos<\/b>, la\u00a0<b>nuca<\/b>\u00a0puede revelarse\u00a0<b>fofa<\/b>\u00a0et la\u00a0<b>fontanela<\/b>\u00a0(parte blanda en la cumbre del cr\u00e1neo)\u00a0<b>abombado<\/b>.<br \/>Foto del p\u00farpura al principio de su evoluci\u00f3n. Puede encontrarse entre los dedos del pie, detr\u00e1s de las orejas, sobre el torso y tener el tama\u00f1o de una cabeza de horquilla.<br \/><br \/><br \/><br \/><\/p>\n\n\n<p> <\/p>\n\n\n<p>La meningitis se cura muy bien y no implica siempre secuelas cuando se detecta a principios de su evoluci\u00f3n.<br \/>La mayor\u00eda del tiempo, se parece a une estado gripal durante las primeras horas con una sensibilidad a la luz.<\/p>","protected":false},"excerpt":{"rendered":"<p>Los signos de alarma: Gran fiebre (39\u00b0C- 40\u00b0C) Cefaleas (dolores locales al nivel de la base craneal) Agujetas, rigidez de la nuca Nausea, vomito Sensibilidad anormal a la luz viva Manchas rojas (p\u00farpura) sobre el cuerpo Somnolencia Para el\u00a0ni\u00f1o de pecho, los s\u00edntomas quedan a menudo menos espec\u00edficos: quedar my atento en caso de\u00a0fiebre\u00a0asociada a\u00a0modificaciones [&hellip;]<\/p>\n","protected":false},"author":1,"featured_media":0,"parent":658,"menu_order":5,"comment_status":"closed","ping_status":"closed","template":"","meta":{"vkexunit_cta_each_option":"","footnotes":""},"folder":[],"class_list":["post-715","page","type-page","status-publish","hentry"],"jetpack_shortlink":"https:\/\/wp.me\/PbNfD9-bx","jetpack_sharing_enabled":true,"_links":{"self":[{"href":"https:\/\/www.asso-audrey.org\/index.php?rest_route=\/wp\/v2\/pages\/715","targetHints":{"allow":["GET"]}}],"collection":[{"href":"https:\/\/www.asso-audrey.org\/index.php?rest_route=\/wp\/v2\/pages"}],"about":[{"href":"https:\/\/www.asso-audrey.org\/index.php?rest_route=\/wp\/v2\/types\/page"}],"author":[{"embeddable":true,"href":"https:\/\/www.asso-audrey.org\/index.php?rest_route=\/wp\/v2\/users\/1"}],"replies":[{"embeddable":true,"href":"https:\/\/www.asso-audrey.org\/index.php?rest_route=%2Fwp%2Fv2%2Fcomments&post=715"}],"version-history":[{"count":15,"href":"https:\/\/www.asso-audrey.org\/index.php?rest_route=\/wp\/v2\/pages\/715\/revisions"}],"predecessor-version":[{"id":731,"href":"https:\/\/www.asso-audrey.org\/index.php?rest_route=\/wp\/v2\/pages\/715\/revisions\/731"}],"up":[{"embeddable":true,"href":"https:\/\/www.asso-audrey.org\/index.php?rest_route=\/wp\/v2\/pages\/658"}],"wp:attachment":[{"href":"https:\/\/www.asso-audrey.org\/index.php?rest_route=%2Fwp%2Fv2%2Fmedia&parent=715"}],"wp:term":[{"taxonomy":"folder","embeddable":true,"href":"https:\/\/www.asso-audrey.org\/index.php?rest_route=%2Fwp%2Fv2%2Ffolder&post=715"}],"curies":[{"name":"wp","href":"https:\/\/api.w.org\/{rel}","templated":true}]}}