{"id":706,"date":"2020-03-17T14:03:30","date_gmt":"2020-03-17T13:03:30","guid":{"rendered":"http:\/\/www.asso-audrey.org\/?page_id=706"},"modified":"2020-03-17T14:03:30","modified_gmt":"2020-03-17T13:03:30","slug":"consecuencias","status":"publish","type":"page","link":"https:\/\/www.asso-audrey.org\/?page_id=706&lang=es","title":{"rendered":"Consecuencias"},"content":{"rendered":"<div class=\"isoBlockPosition-none isoFloatClear-none fontFamilyStandardText fontSizeNormal fontColorStandardText \">\n<p align=\"left\">Dicha enfermedad arrastra consecuencias m\u00e1s o menos graves para el enfermo dependiente del tipo de meningitis implicado.<\/p>\n<\/div>\n<div class=\"isoBlockPosition-none isoFloatClear-none fontFamilyStandardText fontSizeNormal fontColorStandardText \">\n<p align=\"left\">En efecto, si se trata de una\u00a0<b>meningitis viral<\/b>, meningitis la mas frecuente,\u00a0<b>se cura el enfermo de forma espont\u00e1nea en entre 3 y 8 d\u00edas<\/b>. Esta curaci\u00f3n no necesita ning\u00fan tratamiento especial.<\/p>\n<\/div>\n<div class=\"isoBlockPosition-none isoFloatClear-none fontFamilyStandardText fontSizeNormal fontColorStandardText \">\n<p align=\"left\">En caso de\u00a0<b>meningitis bacteriana<\/b>, meningitis menos frecuentes pero mas graves, la enfermad puede acarear\u00a0<b>graves secuelas<\/b>\u00a0como\u00a0la sordera, la ceguera, la par\u00e1lisis, el coma, la aparici\u00f3n de manchas rojas sobre la piel, secuelas neurol\u00f3gicas, epilepsia\u2026 y aun el fallecimiento a\u00a0<b>veces<\/b>.<br \/><br \/><br \/><\/p>\n<\/div>\n\n\n<figure class=\"wp-block-gallery columns-2 is-cropped wp-block-gallery-1 is-layout-flex wp-block-gallery-is-layout-flex\"><ul class=\"blocks-gallery-grid\"><li class=\"blocks-gallery-item\"><figure><img data-recalc-dims=\"1\" loading=\"lazy\" decoding=\"async\" width=\"588\" height=\"894\" src=\"https:\/\/i0.wp.com\/www.asso-audrey.org\/wp-content\/uploads\/2020\/03\/jambe-3.jpg?resize=588%2C894&#038;ssl=1\" alt=\"\" data-id=\"666\" data-full-url=\"https:\/\/www.asso-audrey.org\/wp-content\/uploads\/2020\/03\/jambe-3.jpg\" data-link=\"https:\/\/www.asso-audrey.org\/index.php\/es\/la-meningitis\/jambe-3\/\" class=\"wp-image-666\" srcset=\"https:\/\/i0.wp.com\/www.asso-audrey.org\/wp-content\/uploads\/2020\/03\/jambe-3.jpg?w=588&amp;ssl=1 588w, https:\/\/i0.wp.com\/www.asso-audrey.org\/wp-content\/uploads\/2020\/03\/jambe-3.jpg?resize=197%2C300&amp;ssl=1 197w\" sizes=\"auto, (max-width: 588px) 100vw, 588px\" \/><figcaption class=\"blocks-gallery-item__caption\">Manchas del P\u00farpura Fulminans<\/figcaption><\/figure><\/li><li class=\"blocks-gallery-item\"><figure><img data-recalc-dims=\"1\" loading=\"lazy\" decoding=\"async\" width=\"393\" height=\"331\" src=\"https:\/\/i0.wp.com\/www.asso-audrey.org\/wp-content\/uploads\/2020\/03\/main-2.jpg?resize=393%2C331&#038;ssl=1\" alt=\"\" data-id=\"667\" data-full-url=\"https:\/\/www.asso-audrey.org\/wp-content\/uploads\/2020\/03\/main-2.jpg\" data-link=\"https:\/\/www.asso-audrey.org\/index.php\/es\/la-meningitis\/main-3\/\" class=\"wp-image-667\" srcset=\"https:\/\/i0.wp.com\/www.asso-audrey.org\/wp-content\/uploads\/2020\/03\/main-2.jpg?w=393&amp;ssl=1 393w, https:\/\/i0.wp.com\/www.asso-audrey.org\/wp-content\/uploads\/2020\/03\/main-2.jpg?resize=300%2C253&amp;ssl=1 300w\" sizes=\"auto, (max-width: 393px) 100vw, 393px\" \/><figcaption class=\"blocks-gallery-item__caption\">Quemadura de tercer grado<\/figcaption><\/figure><\/li><\/ul><\/figure>\n","protected":false},"excerpt":{"rendered":"<p>Dicha enfermedad arrastra consecuencias m\u00e1s o menos graves para el enfermo dependiente del tipo de meningitis implicado. En efecto, si se trata de una\u00a0meningitis viral, meningitis la mas frecuente,\u00a0se cura el enfermo de forma espont\u00e1nea en entre 3 y 8 d\u00edas. Esta curaci\u00f3n no necesita ning\u00fan tratamiento especial. En caso de\u00a0meningitis bacteriana, meningitis menos frecuentes [&hellip;]<\/p>\n","protected":false},"author":1,"featured_media":0,"parent":658,"menu_order":4,"comment_status":"closed","ping_status":"closed","template":"","meta":{"vkexunit_cta_each_option":"","footnotes":""},"folder":[],"class_list":["post-706","page","type-page","status-publish","hentry"],"jetpack_shortlink":"https:\/\/wp.me\/PbNfD9-bo","jetpack_sharing_enabled":true,"_links":{"self":[{"href":"https:\/\/www.asso-audrey.org\/index.php?rest_route=\/wp\/v2\/pages\/706","targetHints":{"allow":["GET"]}}],"collection":[{"href":"https:\/\/www.asso-audrey.org\/index.php?rest_route=\/wp\/v2\/pages"}],"about":[{"href":"https:\/\/www.asso-audrey.org\/index.php?rest_route=\/wp\/v2\/types\/page"}],"author":[{"embeddable":true,"href":"https:\/\/www.asso-audrey.org\/index.php?rest_route=\/wp\/v2\/users\/1"}],"replies":[{"embeddable":true,"href":"https:\/\/www.asso-audrey.org\/index.php?rest_route=%2Fwp%2Fv2%2Fcomments&post=706"}],"version-history":[{"count":1,"href":"https:\/\/www.asso-audrey.org\/index.php?rest_route=\/wp\/v2\/pages\/706\/revisions"}],"predecessor-version":[{"id":707,"href":"https:\/\/www.asso-audrey.org\/index.php?rest_route=\/wp\/v2\/pages\/706\/revisions\/707"}],"up":[{"embeddable":true,"href":"https:\/\/www.asso-audrey.org\/index.php?rest_route=\/wp\/v2\/pages\/658"}],"wp:attachment":[{"href":"https:\/\/www.asso-audrey.org\/index.php?rest_route=%2Fwp%2Fv2%2Fmedia&parent=706"}],"wp:term":[{"taxonomy":"folder","embeddable":true,"href":"https:\/\/www.asso-audrey.org\/index.php?rest_route=%2Fwp%2Fv2%2Ffolder&post=706"}],"curies":[{"name":"wp","href":"https:\/\/api.w.org\/{rel}","templated":true}]}}