{"id":700,"date":"2020-03-17T13:57:40","date_gmt":"2020-03-17T12:57:40","guid":{"rendered":"http:\/\/www.asso-audrey.org\/?page_id=700"},"modified":"2020-03-17T13:58:38","modified_gmt":"2020-03-17T12:58:38","slug":"diferentes-tipos-de-meningitis","status":"publish","type":"page","link":"https:\/\/www.asso-audrey.org\/?page_id=700&lang=es","title":{"rendered":"Diferentes tipos de meningitis"},"content":{"rendered":"\n<h2 class=\"is-style-vk-heading-both_ends wp-block-heading\"><strong>La meningitis viral<\/strong><\/h2>\n\n\n<p>La\u00a0<b>meningitis viral<\/b>\u00a0es la forma de meningitis\u00a0<b>la mas frecuente<\/b>\u00a0y generalmente\u00a0<b>menos grave<\/b>. Su causa puede proceder de una gran diversidad de virus frecuentes (paperas, varicela, rub\u00e9ola,\u2026). La mayor\u00eda del tiempo, se cura\u00a0<b>espont\u00e1neamente dentro de 3 a 8 d\u00edas<\/b>\u00a0y no necesita\u00a0<b>ning\u00fan tratamiento particular<\/b>.<br \/><br \/>Actualmente la cobertura vacc\u00ednea de los ni\u00f1os les protege de un cierto n\u00famero de virus potencialmente responsables de meningitis.<\/p>\n\n\n<h2 class=\"is-style-vk-heading-both_ends wp-block-heading\"><strong>La meningitis bacteriana<\/strong><\/h2>\n\n\n<p>Las\u00a0<b>meningitis bacterianas<\/b>\u00a0son<b>\u00a0menos frecuentes<\/b>\u00a0pero\u00a0<b>m\u00e1s graves<\/b>\u00a0que las meningitis virales. Pueden causar\u00a0<b>graves secuelas<\/b>\u00a0(sordera, ceguera, par\u00e1lisis, coma,\u2026) y\u00a0<b>potencialmente el fallecimiento<\/b>.<br \/><br \/>Alrededor del\u00a0<b>70 %<\/b>\u00a0de los casos surgen\u00a0<b>antes de los 5 anos.<\/b><br \/><br \/>Dichas bacterias se encuentran a menudo\u00a0<b>al nivel de la nariz y de la faringe<\/b>. Su transmisi\u00f3n se efect\u00faa por las secreciones naso-far\u00edngeo contaminadas (perdigones, estornudos,\u2026)<br \/><br \/>Se vuelven particularmente peligrosas cuando pasan en el sangre circulante (septicemia) y llegan a las meninges.<br \/><br \/>Las principales bacterias responsables de meningitis hoy en Francia son el neumococo y el\u00a0<b>meningococo<\/b>.Les principales bact\u00e9ries responsables de m\u00e9ningites aujourd\u2019hui en France sont le\u00a0<b>pneumocoque<\/b>\u00a0et le\u00a0<b>m\u00e9ningocoque.<br \/><\/b><br \/><i>* Meningitis a neumococo:<\/i><i><\/i><br \/><br \/>En Francia, las\u00a0<b>infecciones a meningococo<\/b>\u00a0son las primeras causas de fallecimiento debido a infecciones bacterianas para los ni\u00f1os de menos de 2 anos. El neumococo es un germen muy com\u00fan para los ni\u00f1os. En general benigno, en ciertos casos puede provocar\u00a0<b>una otitis, una neumon\u00eda<\/b>\u00a0o\u00a0<b>una meningitis.<\/b><br \/><br \/>El neumococo existe bajo\u00a0<b>diferentes formas llamadas serotipos<\/b>. Un\u00a0<b>vacuna<\/b>\u00a0contra los siete serotipos de neumococo los mas frecuentes est\u00e1 disponible y\u00a0<b>recomendado desde la edad de 2 meses<\/b>.<br \/><br \/>*\u00a0<i>Meningitis a meningococo:<\/i><i><\/i><br \/><br \/>Existe\u00a0<b>numerosos tipos de meningococos<\/b>\u00a0(serogrupos). En Francia, los serogrupos B, C y W 135 son los que se encuentran con m\u00e1s frecuencia en los casos de meningitis.<\/p>\n\n<p><img data-recalc-dims=\"1\" loading=\"lazy\" decoding=\"async\" class=\"size-medium wp-image-665 alignleft\" src=\"https:\/\/i0.wp.com\/www.asso-audrey.org\/wp-content\/uploads\/2020\/03\/dsc00022-2.jpg?resize=300%2C225&#038;ssl=1\" alt=\"\" width=\"300\" height=\"225\" srcset=\"https:\/\/i0.wp.com\/www.asso-audrey.org\/wp-content\/uploads\/2020\/03\/dsc00022-2.jpg?resize=300%2C225&amp;ssl=1 300w, https:\/\/i0.wp.com\/www.asso-audrey.org\/wp-content\/uploads\/2020\/03\/dsc00022-2.jpg?resize=1024%2C768&amp;ssl=1 1024w, https:\/\/i0.wp.com\/www.asso-audrey.org\/wp-content\/uploads\/2020\/03\/dsc00022-2.jpg?resize=768%2C576&amp;ssl=1 768w, https:\/\/i0.wp.com\/www.asso-audrey.org\/wp-content\/uploads\/2020\/03\/dsc00022-2.jpg?resize=1536%2C1152&amp;ssl=1 1536w, https:\/\/i0.wp.com\/www.asso-audrey.org\/wp-content\/uploads\/2020\/03\/dsc00022-2.jpg?w=1600&amp;ssl=1 1600w, https:\/\/i0.wp.com\/www.asso-audrey.org\/wp-content\/uploads\/2020\/03\/dsc00022-2.jpg?w=1296&amp;ssl=1 1296w\" sizes=\"auto, (max-width: 300px) 100vw, 300px\" \/>En el\u00a0<b>30 %<\/b>\u00a0de los casos de infecciones invasivas a meningococo, se declara\u00a0<b>una terrible infecci\u00f3n<\/b>\u00a0con una taza de mortalidad importante: el\u00a0<i><b>p\u00farpura fulminan<\/b><\/i>. Se manifiesta por una erupci\u00f3n de\u00a0<b>manchas rojas sobre la piel<\/b>. La presencia de dicho s\u00edntoma es un signo muy grave, que implica una hospitalizaci\u00f3n urgente.<br \/><br \/>Vacunas contra los meningococos A, C Y y W 135 existen. Se recomienda la\u00a0<b>vacunaci\u00f3n de las personas que hubieran sido en contacto con el enfermo<\/b>\u00a0y en ciertos\u00a0<b>pa\u00edses donde se encuentra la infecci\u00f3n con frecuencia<\/b>.<b><br \/><br \/><\/b>No existe una vacuna similar contra el meningococo del serogrupo B; aunque algunos pa\u00edses desarrollaron vacunas especificas contra ciertas cepas utilizadas para responder a una epidemia local.<\/p>","protected":false},"excerpt":{"rendered":"<p>La meningitis viral La\u00a0meningitis viral\u00a0es la forma de meningitis\u00a0la mas frecuente\u00a0y generalmente\u00a0menos grave. Su causa puede proceder de una gran diversidad de virus frecuentes (paperas, varicela, rub\u00e9ola,\u2026). La mayor\u00eda del tiempo, se cura\u00a0espont\u00e1neamente dentro de 3 a 8 d\u00edas\u00a0y no necesita\u00a0ning\u00fan tratamiento particular. Actualmente la cobertura vacc\u00ednea de los ni\u00f1os les protege de un cierto [&hellip;]<\/p>\n","protected":false},"author":1,"featured_media":0,"parent":658,"menu_order":3,"comment_status":"closed","ping_status":"closed","template":"","meta":{"vkexunit_cta_each_option":"","footnotes":""},"folder":[],"class_list":["post-700","page","type-page","status-publish","hentry"],"jetpack_shortlink":"https:\/\/wp.me\/PbNfD9-bi","jetpack_sharing_enabled":true,"_links":{"self":[{"href":"https:\/\/www.asso-audrey.org\/index.php?rest_route=\/wp\/v2\/pages\/700","targetHints":{"allow":["GET"]}}],"collection":[{"href":"https:\/\/www.asso-audrey.org\/index.php?rest_route=\/wp\/v2\/pages"}],"about":[{"href":"https:\/\/www.asso-audrey.org\/index.php?rest_route=\/wp\/v2\/types\/page"}],"author":[{"embeddable":true,"href":"https:\/\/www.asso-audrey.org\/index.php?rest_route=\/wp\/v2\/users\/1"}],"replies":[{"embeddable":true,"href":"https:\/\/www.asso-audrey.org\/index.php?rest_route=%2Fwp%2Fv2%2Fcomments&post=700"}],"version-history":[{"count":1,"href":"https:\/\/www.asso-audrey.org\/index.php?rest_route=\/wp\/v2\/pages\/700\/revisions"}],"predecessor-version":[{"id":701,"href":"https:\/\/www.asso-audrey.org\/index.php?rest_route=\/wp\/v2\/pages\/700\/revisions\/701"}],"up":[{"embeddable":true,"href":"https:\/\/www.asso-audrey.org\/index.php?rest_route=\/wp\/v2\/pages\/658"}],"wp:attachment":[{"href":"https:\/\/www.asso-audrey.org\/index.php?rest_route=%2Fwp%2Fv2%2Fmedia&parent=700"}],"wp:term":[{"taxonomy":"folder","embeddable":true,"href":"https:\/\/www.asso-audrey.org\/index.php?rest_route=%2Fwp%2Fv2%2Ffolder&post=700"}],"curies":[{"name":"wp","href":"https:\/\/api.w.org\/{rel}","templated":true}]}}