{"id":676,"date":"2020-03-17T01:56:27","date_gmt":"2020-03-17T00:56:27","guid":{"rendered":"http:\/\/www.asso-audrey.org\/?page_id=676"},"modified":"2020-03-17T01:56:28","modified_gmt":"2020-03-17T00:56:28","slug":"las-infecciones-por-meningococo","status":"publish","type":"page","link":"https:\/\/www.asso-audrey.org\/?page_id=676&lang=es","title":{"rendered":"Las infecciones por meningococo"},"content":{"rendered":"\n<h2 class=\"is-style-vk-heading-background_fill_lightgray wp-block-heading\"> Las infecciones Invasivas por meningococo (meningitis y septicemia) <\/h2>\n\n\n<p>Las infecciones invasivas por meningococo\u00a0<b>(meningitis y septicemia)<\/b>\u00a0por la gravedad y la transmisibilidad del meningococo, necesitan un diagnostico inmediato, tratamientos y profilaxis adaptadas as\u00ed como un control del riesgo epidemiol\u00f3gico. Las infecciones invasivas por meningococo se manifiestan bajo la forma de casos espor\u00e1dicos en Francia y Europa.<br \/>En Francia, se registran 800 casos al ano, en mayor\u00eda durante el invierno. Dichas infecciones afectan esencialmente a los ni\u00f1os y a los adolescentes. La OMS estima a unos 500.000 por ano el n\u00famero de casos de infecciones invasivas por meningococo en el mundo.<br \/>\u00a0<br \/>En \u00c1frica subsahariana dichas infecciones resultan epid\u00e9micas durante la temporada seca (de enero a mayo). Decenas de miles de casos se declaran por pa\u00edses.<br \/>\u00a0<br \/>Les vacunas actualmente disponibles se dedican a la capsula bacteriana (la envoltura que rodea el meningococo). Estas vacunas dependen del serogrupo. Existen vacunas contra los serogrupos A, C, Y y W135. No existen vacunas contra los meningococos del serogrupo B. La capsula B es poco inmun\u00f3gena a causa de su similitud con ciertas estructuras de nuestras c\u00e9lulas neurales.<br \/>\u00a0<br \/>Sin embargo, hay que notar progresos:<br \/>\u00a0<br \/>&#8211; Se desarrolla vacunas recombinantes (a base de prote\u00ednas bacterianas bajo la capsula) a fin de determinar las cepas del meningococo B. Eso permite esquivar el problema de la capsula B.<br \/>\u00a0<br \/>&#8211; Se anuncia la introducci\u00f3n de una nueva vacuna conjugada contra las cepas del serogrupo A (MenAfriVac\u2122) entre los anos 2009-10 y 2015 en \u00c1frica, para 250 millones de individuos entre 1 y 29 anos a menos de 0,50 d\u00f3lares la dosis con la espera inmensa de parar las epidemias causadas por las cepas del serogrupo A en \u00c1frica subsahariana.\u00a0<br \/>\u00a0<br \/>&#8211; El Comit\u00e9 T\u00e9cnico de Vacunas (CTV) eval\u00faa con regularidad la utilizaci\u00f3n de la vacuna conjugada contra el meningococo del serogrupo C en funci\u00f3n de la evoluci\u00f3n de los datos epidemiol\u00f3gicos. Dicha recomendaci\u00f3n de utilizaci\u00f3n varia entre los pa\u00edses de la Uni\u00f3n Europea, desde la ausencia de recomendaci\u00f3n, a la vacunaci\u00f3n determinada o aun a la inscripci\u00f3n al calendario vacc\u00edneo. En Francia, dicha vacuna se recomienda actualmente de manera determinada a individuos en contacto con un caso de infecci\u00f3n invasiva por meningococo del serogrupo C y durante campa\u00f1as ampliadas de vacunaci\u00f3n para la prevenci\u00f3n de casos agrupados. (Fuente Instituto Pasteur 02 2009)<\/p>\n\n\n<div class=\"wp-block-image\"><figure class=\"aligncenter size-full\"><a href=\"https:\/\/i0.wp.com\/www.asso-audrey.org\/wp-content\/uploads\/2020\/03\/serogroupes_monde-2.jpg?ssl=1\"><img data-recalc-dims=\"1\" loading=\"lazy\" decoding=\"async\" width=\"648\" height=\"486\" src=\"https:\/\/i0.wp.com\/www.asso-audrey.org\/wp-content\/uploads\/2020\/03\/serogroupes_monde-2.jpg?resize=648%2C486&#038;ssl=1\" alt=\"\" class=\"wp-image-677\" srcset=\"https:\/\/i0.wp.com\/www.asso-audrey.org\/wp-content\/uploads\/2020\/03\/serogroupes_monde-2.jpg?w=960&amp;ssl=1 960w, https:\/\/i0.wp.com\/www.asso-audrey.org\/wp-content\/uploads\/2020\/03\/serogroupes_monde-2.jpg?resize=300%2C225&amp;ssl=1 300w, https:\/\/i0.wp.com\/www.asso-audrey.org\/wp-content\/uploads\/2020\/03\/serogroupes_monde-2.jpg?resize=768%2C576&amp;ssl=1 768w\" sizes=\"auto, (max-width: 648px) 100vw, 648px\" \/><\/a><\/figure><\/div>\n","protected":false},"excerpt":{"rendered":"<p>Las infecciones Invasivas por meningococo (meningitis y septicemia) Las infecciones invasivas por meningococo\u00a0(meningitis y septicemia)\u00a0por la gravedad y la transmisibilidad del meningococo, necesitan un diagnostico inmediato, tratamientos y profilaxis adaptadas as\u00ed como un control del riesgo epidemiol\u00f3gico. Las infecciones invasivas por meningococo se manifiestan bajo la forma de casos espor\u00e1dicos en Francia y Europa.En Francia, [&hellip;]<\/p>\n","protected":false},"author":1,"featured_media":0,"parent":658,"menu_order":1,"comment_status":"closed","ping_status":"closed","template":"","meta":{"vkexunit_cta_each_option":"","footnotes":""},"folder":[],"class_list":["post-676","page","type-page","status-publish","hentry"],"jetpack_shortlink":"https:\/\/wp.me\/PbNfD9-aU","jetpack_sharing_enabled":true,"_links":{"self":[{"href":"https:\/\/www.asso-audrey.org\/index.php?rest_route=\/wp\/v2\/pages\/676","targetHints":{"allow":["GET"]}}],"collection":[{"href":"https:\/\/www.asso-audrey.org\/index.php?rest_route=\/wp\/v2\/pages"}],"about":[{"href":"https:\/\/www.asso-audrey.org\/index.php?rest_route=\/wp\/v2\/types\/page"}],"author":[{"embeddable":true,"href":"https:\/\/www.asso-audrey.org\/index.php?rest_route=\/wp\/v2\/users\/1"}],"replies":[{"embeddable":true,"href":"https:\/\/www.asso-audrey.org\/index.php?rest_route=%2Fwp%2Fv2%2Fcomments&post=676"}],"version-history":[{"count":1,"href":"https:\/\/www.asso-audrey.org\/index.php?rest_route=\/wp\/v2\/pages\/676\/revisions"}],"predecessor-version":[{"id":678,"href":"https:\/\/www.asso-audrey.org\/index.php?rest_route=\/wp\/v2\/pages\/676\/revisions\/678"}],"up":[{"embeddable":true,"href":"https:\/\/www.asso-audrey.org\/index.php?rest_route=\/wp\/v2\/pages\/658"}],"wp:attachment":[{"href":"https:\/\/www.asso-audrey.org\/index.php?rest_route=%2Fwp%2Fv2%2Fmedia&parent=676"}],"wp:term":[{"taxonomy":"folder","embeddable":true,"href":"https:\/\/www.asso-audrey.org\/index.php?rest_route=%2Fwp%2Fv2%2Ffolder&post=676"}],"curies":[{"name":"wp","href":"https:\/\/api.w.org\/{rel}","templated":true}]}}