{"id":577,"date":"2020-03-17T00:09:43","date_gmt":"2020-03-16T23:09:43","guid":{"rendered":"http:\/\/www.asso-audrey.org\/?page_id=577"},"modified":"2020-03-17T00:12:34","modified_gmt":"2020-03-16T23:12:34","slug":"la-asociacion","status":"publish","type":"page","link":"https:\/\/www.asso-audrey.org\/?page_id=577&lang=es","title":{"rendered":"La asociaci\u00f3n"},"content":{"rendered":"\n<h2 class=\"is-style-vk-heading-background_fill_lightgray wp-block-heading\"> Historica <\/h2>\n\n\n<p>\u00a0<\/p>\n<p style=\"text-align: left;\"><img data-recalc-dims=\"1\" loading=\"lazy\" decoding=\"async\" class=\"size-medium wp-image-569 alignleft\" src=\"https:\/\/i0.wp.com\/www.asso-audrey.org\/wp-content\/uploads\/2020\/03\/audrey_2-1.jpg?resize=201%2C300&#038;ssl=1\" alt=\"\" width=\"201\" height=\"300\" srcset=\"https:\/\/i0.wp.com\/www.asso-audrey.org\/wp-content\/uploads\/2020\/03\/audrey_2-1.jpg?resize=201%2C300&amp;ssl=1 201w, https:\/\/i0.wp.com\/www.asso-audrey.org\/wp-content\/uploads\/2020\/03\/audrey_2-1.jpg?w=294&amp;ssl=1 294w\" sizes=\"auto, (max-width: 201px) 100vw, 201px\" \/>Esta asociaci\u00f3n, nacida del deseo de aliviar los padres\u00a0 por el tomo en consideraci\u00f3n de su sufrimiento fue\u00a0<b>creada el 21 de enero 2000<\/b>\u00a0en\u00a0<b>Ecouflant\u00a0<\/b>(Maine et Loira en Francia)\u00a0por\u00a0 el\u00a0<b>Sr. y la Sra. VOISINE<\/b>, los padres de Audrey quien falleci\u00f3 brutalmente de una meningitis a los 12 a\u00f1os, y con el apoyo de Se\u00f1ora CHOQUET Marie-Christine.<br \/><br \/>Audrey\u00a0 falleci\u00f3 de un \u00ab\u00a0purpura fulminans\u00a0\u00bb, o sea una meningitis por meningococo C. Si los conocimientos sobre dicha enfermedad hubieran sido m\u00e1s difundidos, menos grande hubiera sido la posibilidad de que esta \u00faltima llegara a su fin.<\/p>\n\n<p>El Sr. y la Sra. Voisine tuvieron la idea de crear dicha asociaci\u00f3n\u00a0<b>en memoria de todas las victimas de esta enfermedad<\/b>\u00a0y para\u00a0<b>amparar tanto a los enfermos que a sus familias<\/b>. Pero, sobre todo, quisieran informar al p\u00fablico con el fin de reducir los riesgos de enfermedad y sus consecuencias graves.<br \/><br \/>La asociaci\u00f3n Audrey es una\u00a0<b>asociaci\u00f3n de padres<\/b>\u00a0cuyos objetivos son de\u00a0<b>aumentar los conocimientos sobre los diferentes tipos de meningitis<\/b>\u00a0existentes, de ayudar el p\u00fablico a mejor\u00a0 entender dicha enfermedad y prevenirla.<br \/><br \/>La asociaci\u00f3n consigui\u00f3 una\u00a0<b>notoriedad regional y nacional en marzo 2002<\/b> lo que le permiti\u00f3 implementar acciones en varias regiones de Francia:<\/p>\n<p>\u00a0<\/p>\n<p>&#8211; Association Audrey 40 Yohann\u00a0<b>(Landes)<br \/><\/b>&#8211; Association Audrey 42 Emeric\u00a0<b>(Loire)<br \/><\/b>&#8211; Association Audrey 76 R\u00e9gis\u00a0<b>(Seine Maritime)<\/b><br \/>&#8211; Association Audrey 35\u00a0<b>(Ille et Vilaine)<br \/><\/b>&#8211; Association Audrey 22<b>\u00a0(C\u00f4tes d\u2019Armor)<br \/><\/b>&#8211; Association Audrey 33\u00a0<b>(Gironde)<br \/><\/b>&#8211; Association Audrey 59 Steven\u00a0<b>(Nord)<\/b><br \/>&#8211; Association Audrey 29 S\u00e9bastien\u00a0<b>(Finist\u00e8re)<\/b><\/p>\n<p>Desde la apertura de varias antenas, la asociaci\u00f3n desea seguir su expansi\u00f3n hacia otras regiones, lo que permitir\u00e1\u00a0<b>proseguir con m\u00e1s eficiencia su trabajo de proximidad con las autoridades sanitarias<\/b>\u00a0y\u00a0<b>fortalecer la eficiencia local de todas sus acciones.<\/b><br \/><br \/>Una campa\u00f1a de colocaci\u00f3n de carteles tuvo lugar en parvularios y primarias, en guarder\u00edas y salas de espera de m\u00e9dicos de medicina general para favorecer el diagn\u00f3stico precoz de las meningitis en\u00a0<b>Maine et Loira, departamento piloto, en septiembre 2001<\/b>.<br \/><br \/>En 2002,\u00a0la asociaci\u00f3n Audrey organiz\u00f3 en Angers una noche de informaci\u00f3n sobre las meningitis, con el apoyo de la D.D.A.S.S (Direcci\u00f3n Departamental de los Asuntos Sanitarios y Sociales), del hospital, de la Ciudad de Angers y del Instituto\u00a0Pasteur. Dicha noche permiti\u00f3 realizar un d\u00eda sobre las meningitis en Paris en los salones del Ministerio de Salud en noviembre 2003.<br \/><br \/>En abril 2003, la asociaci\u00f3n fue invitada al Congreso medical Espid en Europa y clausur\u00f3 una rueda de prensa junto con la asociaci\u00f3n inglesa \u00ab\u00a0Meningitis trust\u00a0\u00bb.<\/p>\n\n<p>En septiembre 2004, firmamos una carta para la creaci\u00f3n de una \u00ab\u00a0<b>Confederaci\u00f3n Mundial sobre la meningitis<\/b>\u00a0\u00bb sumando 12 pa\u00edses.<br \/><br \/>Tras la campa\u00f1a en el Maine et Loira en 2001, repetimos\u00a0 al nivel nacional, el 2 de febrero 2004, una informaci\u00f3n sobre la meningitis por meningococo en la Educaci\u00f3n Nacional, bajo la forma de carteles dedicados tanto a las p\u00e1rvulos que a los institutos, de folletos dedicados a los m\u00e9dicos y enfermeros escolares, sostenida y financiada por los Ministerios de Educaci\u00f3n y Salud.<br \/><br \/><img data-recalc-dims=\"1\" loading=\"lazy\" decoding=\"async\" class=\"size-medium wp-image-573 alignright\" src=\"https:\/\/i0.wp.com\/www.asso-audrey.org\/wp-content\/uploads\/2020\/03\/logo_confederation-2.jpg?resize=297%2C300&#038;ssl=1\" alt=\"\" width=\"297\" height=\"300\" srcset=\"https:\/\/i0.wp.com\/www.asso-audrey.org\/wp-content\/uploads\/2020\/03\/logo_confederation-2.jpg?resize=297%2C300&amp;ssl=1 297w, https:\/\/i0.wp.com\/www.asso-audrey.org\/wp-content\/uploads\/2020\/03\/logo_confederation-2.jpg?resize=60%2C60&amp;ssl=1 60w, https:\/\/i0.wp.com\/www.asso-audrey.org\/wp-content\/uploads\/2020\/03\/logo_confederation-2.jpg?w=462&amp;ssl=1 462w\" sizes=\"auto, (max-width: 297px) 100vw, 297px\" \/>Se puso en marcha una informaci\u00f3n con el Consejo del orden de los farmac\u00e9uticos bajo la forma de cartelitos y folletos dedicados a los farmac\u00e9uticos.<br \/><br \/>Durante el ano 2004, la asociaci\u00f3n organizo tres noches de informaci\u00f3n sobre la meningitis. El 1 de octubre en Burdeos por la antena de la Landas, el 14 de octubre en Paris al auditorium del Instituto Pasteur y el 17 de noviembre al Ayuntamiento de Lyon.<br \/><br \/>La asociaci\u00f3n Audrey trabaja con el Ministerio de Familia, la Caja de Subsidio Familiar y el servicio de Estado Civil de Angers, para un apoyo psicol\u00f3gico y material. Desde el 1 de noviembre 2000, el Estado Civil informa a la Caja de Subsidio Familiar para que una asistencia social ayude a las familias.<\/p>\n\n<p>Somos\u00a0<b>al origen de la prolongaci\u00f3n del subsidio familiar de tres meses tras el fallecimiento del hijo,<\/b>\u00a0en la ley del 1 de enero 2004. Por lo que recibimos una\u00a0<b>nominaci\u00f3n como \u00ab\u00a0Caballero del orden nacional del M\u00e9rito\u00a0\u00bb<\/b>.<b><br \/><br \/><\/b>Continuamos a colmar el vac\u00edo jur\u00eddico relativo a los 7 000 fallecimientos de ni\u00f1os cada ano en Francia,\u00a0<b>todas causas confundidas.<\/b><br \/><br \/>El 22 de junio 2006, el Senado adopt\u00f3, en el C\u00f3digo de Trabajo,\u00a0<b>la baja de 4 d\u00edas en lugar de 2 anteriormente tras el fallecimiento de un hijo o de su pareja<\/b>.<b><br \/><\/b><br \/>En noviembre 2004,\u00a0<b>creaci\u00f3n de un librito sobre el duelo<\/b>\u00a0en el Maine et Loira distribuido por el servicio funerario del Hospital de Angers, el Estado Civil y la Acci\u00f3n Social del Subsidi\u00f3 Familiar de la regi\u00f3n Anjou.<br \/><br \/>D\u00edas de formaci\u00f3n sobre las meningitis durante el ano 2008: en Estrasburgo el 11 de marzo, en Angers el 20 de noviembre.<br \/><br \/>Ponemos en marcha varios d\u00edas de formaci\u00f3n sobre las meningitis\u00a0<b>en Lille el 24 de marzo 2009, en Rennes, al Ministerio de Salud en Paris en 2009<\/b>.<br \/><br \/>La Asociaci\u00f3n Audrey da el impulso para\u00a0<b>crear una fundaci\u00f3n sobre las meningitis<\/b>\u00a0para ayudar a \u00a0las familias lo mejor posible.<\/p>\n\n\n<h2 class=\"is-style-vk-heading-background_fill_lightgray wp-block-heading\"> Objetivos <\/h2>\n\n\n<p>Desde su creaci\u00f3n, la asociaci\u00f3n persigue numerosos proyectos\u00a0<b>a fin de informar el publico sobre las se\u00f1ales y s\u00edntomas precoses<\/b>\u00a0de la enfermedad y de sus consecuencias graves; tambi\u00e9n la asociaci\u00f3n quiere\u00a0<b>desarrollar un mejor conocimiento de la enfermedad<\/b>\u00a0para las personas que cuidan regularmente a los ni\u00f1os en las escuelas, la guarder\u00edas infantiles, los centros de ocio y aun en lugar de salud.<br \/><br \/>El principal prop\u00f3sito de la asociaci\u00f3n es\u00a0<b>de apoyar a los padres y a la hermandad<\/b>, enlutados por el fallecimiento de un hijo, un hermano o una hermana, todas causas confundidas a fin de que por un lado se humanicen las relaciones con la administraci\u00f3n y por otro lado que se propongan un apoyo psicol\u00f3gico y material a los padres.<\/p>\n\n\n<h2 class=\"is-style-vk-heading-background_fill_lightgray wp-block-heading\"> Transparencia <\/h2>\n\n\n<p>La transparencia de nuestros objetivos y nuestro serio justifica que las autoridades sanitarias nos ayudan por su presencia en las jornadas de formaciones.\u00a0<br \/>Recibimos una financiaci\u00f3n de los Ministerios de Educaci\u00f3n Nacional y Salud para una campa\u00f1a nacional en las escuelas francesas.<br \/>El instituto Pasteur participa a nuestro lado a las formaciones que organizamos.<br \/>El Consejo del Orden de Farmac\u00e9uticos colabora para la difusi\u00f3n de la informaci\u00f3n.<br \/>A menudo nos adaptamos a las proposiciones que recibimos ya que es una manera de evolucionar.<\/p>","protected":false},"excerpt":{"rendered":"<p>Historica \u00a0 Esta asociaci\u00f3n, nacida del deseo de aliviar los padres\u00a0 por el tomo en consideraci\u00f3n de su sufrimiento fue\u00a0creada el 21 de enero 2000\u00a0en\u00a0Ecouflant\u00a0(Maine et Loira en Francia)\u00a0por\u00a0 el\u00a0Sr. y la Sra. VOISINE, los padres de Audrey quien falleci\u00f3 brutalmente de una meningitis a los 12 a\u00f1os, y con el apoyo de Se\u00f1ora CHOQUET [&hellip;]<\/p>\n","protected":false},"author":1,"featured_media":0,"parent":0,"menu_order":2,"comment_status":"closed","ping_status":"closed","template":"","meta":{"vkexunit_cta_each_option":"","footnotes":""},"folder":[],"class_list":["post-577","page","type-page","status-publish","hentry"],"jetpack_shortlink":"https:\/\/wp.me\/PbNfD9-9j","jetpack_sharing_enabled":true,"_links":{"self":[{"href":"https:\/\/www.asso-audrey.org\/index.php?rest_route=\/wp\/v2\/pages\/577","targetHints":{"allow":["GET"]}}],"collection":[{"href":"https:\/\/www.asso-audrey.org\/index.php?rest_route=\/wp\/v2\/pages"}],"about":[{"href":"https:\/\/www.asso-audrey.org\/index.php?rest_route=\/wp\/v2\/types\/page"}],"author":[{"embeddable":true,"href":"https:\/\/www.asso-audrey.org\/index.php?rest_route=\/wp\/v2\/users\/1"}],"replies":[{"embeddable":true,"href":"https:\/\/www.asso-audrey.org\/index.php?rest_route=%2Fwp%2Fv2%2Fcomments&post=577"}],"version-history":[{"count":3,"href":"https:\/\/www.asso-audrey.org\/index.php?rest_route=\/wp\/v2\/pages\/577\/revisions"}],"predecessor-version":[{"id":587,"href":"https:\/\/www.asso-audrey.org\/index.php?rest_route=\/wp\/v2\/pages\/577\/revisions\/587"}],"wp:attachment":[{"href":"https:\/\/www.asso-audrey.org\/index.php?rest_route=%2Fwp%2Fv2%2Fmedia&parent=577"}],"wp:term":[{"taxonomy":"folder","embeddable":true,"href":"https:\/\/www.asso-audrey.org\/index.php?rest_route=%2Fwp%2Fv2%2Ffolder&post=577"}],"curies":[{"name":"wp","href":"https:\/\/api.w.org\/{rel}","templated":true}]}}