{"id":568,"date":"2020-03-16T23:58:31","date_gmt":"2020-03-16T22:58:31","guid":{"rendered":"http:\/\/www.asso-audrey.org\/?page_id=568"},"modified":"2020-03-17T00:01:46","modified_gmt":"2020-03-16T23:01:46","slug":"presentacion","status":"publish","type":"page","link":"https:\/\/www.asso-audrey.org\/?page_id=568&lang=es","title":{"rendered":"Presentaci\u00f3n"},"content":{"rendered":"<p><a class=\"fontColorInsetTitle1\" href=\"http:\/\/www.ecouflant.fr\/\">La asociaci\u00f3n Audrey naci\u00f3 en enero 2000 en Ecouflant en la parte oeste de Francia.<\/a><\/p>\n<p>\u00a0<\/p>\n\n<p><img data-recalc-dims=\"1\" loading=\"lazy\" decoding=\"async\" class=\"size-medium wp-image-569 alignleft\" src=\"https:\/\/i0.wp.com\/www.asso-audrey.org\/wp-content\/uploads\/2020\/03\/audrey_2-1.jpg?resize=201%2C300&#038;ssl=1\" alt=\"\" width=\"201\" height=\"300\" srcset=\"https:\/\/i0.wp.com\/www.asso-audrey.org\/wp-content\/uploads\/2020\/03\/audrey_2-1.jpg?resize=201%2C300&amp;ssl=1 201w, https:\/\/i0.wp.com\/www.asso-audrey.org\/wp-content\/uploads\/2020\/03\/audrey_2-1.jpg?w=294&amp;ssl=1 294w\" sizes=\"auto, (max-width: 201px) 100vw, 201px\" \/>Tras nuestra ignorancia relativa a la meningitis, perdimos a nuestra hija Audrey. Ten\u00eda 12 anos y falleci\u00f3 dentro de veinticuatro horas. Creamos la asociaci\u00f3n Audrey con mi esposa en enero 2000 a fin de informar y ayudar al mayor n\u00famero de personas.<br \/>Hoy en d\u00eda, participamos a varias manifestaciones y somos miembros y co fundadores de la confederaci\u00f3n mundial sobre las meningitis (C.O.M.O).<\/p>\n<p>\u00a0<\/p>\n<p>M\u00e9ningite France<br \/><a href=\"http:\/\/www.www.test.asso-audrey.org\/\">www.www.test.asso-audrey.org<\/a>\u00a0<br \/><a href=\"http:\/\/www.www.test.asso-audrey.org\/\"><br \/><\/a><\/p>\n<p>\u00a0<\/p>\n\n\n<figure class=\"wp-block-table is-style-stripes\"><table  class=\"has-fixed-layout table table-hover\" ><tbody><tr><td class=\"has-text-align-center\" data-align=\"center\"> <strong>Apoyo<\/strong> <\/td><td class=\"has-text-align-center\" data-align=\"center\"> <strong>C.O.M.O<\/strong><\/td><\/tr><tr><td class=\"has-text-align-center\" data-align=\"center\"> Apoya nuestros proyectos.<br>La asociaci\u00f3n busca a colaboradores, a mecenas y a personas para apadrinar nuestras acciones.<br>HACER CLIC\u00a0<a href=\"https:\/\/www.asso-audrey.org\/es\/pageLibre000101ae.html\">AQUI<\/a> <\/td><td class=\"has-text-align-center\" data-align=\"center\"><img data-recalc-dims=\"1\" loading=\"lazy\" decoding=\"async\" width=\"150\" height=\"151\" class=\"wp-image-573\" style=\"width: 150px;\" src=\"https:\/\/i0.wp.com\/www.asso-audrey.org\/wp-content\/uploads\/2020\/03\/logo_confederation-2.jpg?resize=150%2C151&#038;ssl=1\" alt=\"\" srcset=\"https:\/\/i0.wp.com\/www.asso-audrey.org\/wp-content\/uploads\/2020\/03\/logo_confederation-2.jpg?w=462&amp;ssl=1 462w, https:\/\/i0.wp.com\/www.asso-audrey.org\/wp-content\/uploads\/2020\/03\/logo_confederation-2.jpg?resize=297%2C300&amp;ssl=1 297w, https:\/\/i0.wp.com\/www.asso-audrey.org\/wp-content\/uploads\/2020\/03\/logo_confederation-2.jpg?resize=150%2C150&amp;ssl=1 150w, https:\/\/i0.wp.com\/www.asso-audrey.org\/wp-content\/uploads\/2020\/03\/logo_confederation-2.jpg?resize=60%2C60&amp;ssl=1 60w\" sizes=\"auto, (max-width: 150px) 100vw, 150px\" \/> <br><a href=\"http:\/\/www.comoonline.org\/\">Acci\u00f3n Internacional<\/a><\/td><\/tr><\/tbody><\/table><\/figure>\n\n\n\n<pre class=\"wp-block-preformatted\"><a href=\"https:\/\/www.asso-audrey.org\/es\/pageLibre0001018c.html\"><strong>\u00bfConoces las meningitis y sus modos de transmisi\u00f3n?<\/strong><\/a>\n<a href=\"https:\/\/www.asso-audrey.org\/es\/pageLibre00010196.html\"><strong>\u00bfCuantos casos se declaran cada d\u00eda?<\/strong><\/a>\n<a href=\"https:\/\/www.asso-audrey.org\/es\/pageLibre00010192.html\"><strong>\u00bfCuales son los s\u00edntomas?<\/strong><\/a>\nNo esperen a que le afecte para informarse. <\/pre>\n","protected":false},"excerpt":{"rendered":"<p>La asociaci\u00f3n Audrey naci\u00f3 en enero 2000 en Ecouflant en la parte oeste de Francia. \u00a0 Tras nuestra ignorancia relativa a la meningitis, perdimos a nuestra hija Audrey. Ten\u00eda 12 anos y falleci\u00f3 dentro de veinticuatro horas. Creamos la asociaci\u00f3n Audrey con mi esposa en enero 2000 a fin de informar y ayudar al mayor [&hellip;]<\/p>\n","protected":false},"author":1,"featured_media":0,"parent":0,"menu_order":0,"comment_status":"closed","ping_status":"closed","template":"","meta":{"vkexunit_cta_each_option":"","footnotes":""},"folder":[],"class_list":["post-568","page","type-page","status-publish","hentry"],"jetpack_shortlink":"https:\/\/wp.me\/PbNfD9-9a","jetpack_sharing_enabled":true,"_links":{"self":[{"href":"https:\/\/www.asso-audrey.org\/index.php?rest_route=\/wp\/v2\/pages\/568","targetHints":{"allow":["GET"]}}],"collection":[{"href":"https:\/\/www.asso-audrey.org\/index.php?rest_route=\/wp\/v2\/pages"}],"about":[{"href":"https:\/\/www.asso-audrey.org\/index.php?rest_route=\/wp\/v2\/types\/page"}],"author":[{"embeddable":true,"href":"https:\/\/www.asso-audrey.org\/index.php?rest_route=\/wp\/v2\/users\/1"}],"replies":[{"embeddable":true,"href":"https:\/\/www.asso-audrey.org\/index.php?rest_route=%2Fwp%2Fv2%2Fcomments&post=568"}],"version-history":[{"count":4,"href":"https:\/\/www.asso-audrey.org\/index.php?rest_route=\/wp\/v2\/pages\/568\/revisions"}],"predecessor-version":[{"id":575,"href":"https:\/\/www.asso-audrey.org\/index.php?rest_route=\/wp\/v2\/pages\/568\/revisions\/575"}],"wp:attachment":[{"href":"https:\/\/www.asso-audrey.org\/index.php?rest_route=%2Fwp%2Fv2%2Fmedia&parent=568"}],"wp:term":[{"taxonomy":"folder","embeddable":true,"href":"https:\/\/www.asso-audrey.org\/index.php?rest_route=%2Fwp%2Fv2%2Ffolder&post=568"}],"curies":[{"name":"wp","href":"https:\/\/api.w.org\/{rel}","templated":true}]}}