{"id":311,"date":"2020-03-14T20:03:19","date_gmt":"2020-03-14T19:03:19","guid":{"rendered":"http:\/\/www.asso-audrey.org\/?page_id=311"},"modified":"2020-03-14T20:04:36","modified_gmt":"2020-03-14T19:04:36","slug":"soutenez-nous","status":"publish","type":"page","link":"https:\/\/www.asso-audrey.org\/?page_id=311","title":{"rendered":"Soutenez-nous"},"content":{"rendered":"\n<h2 class=\"is-style-vk-heading-background_fill_lightgray wp-block-heading\"> Soutenez-nous <\/h2>\n\n\n\n<p> <br><\/p>\n\n\n\n<h3 class=\"has-light-green-cyan-color has-text-color is-style-vk-heading-both_ends wp-block-heading\"> APPEL AUX DONS PARTICIPATIFS <\/h3>\n\n\n<div class=\"entry-content\"><center>\n<h4><span style=\"font-size: inherit; background-color: initial;\">D\u00e9velopper l\u2019association comme une entreprise en cr\u00e9ant des emplois dans le cadre de M\u00e9ningites France \u2013 Association Audrey, des projets commerciaux et autres.<br \/><br \/><\/span><\/h4>\n<\/center><\/div>\n\n\n<h3 class=\"has-light-green-cyan-color has-text-color is-style-vk-heading-both_ends wp-block-heading\"> QUI SOMMES \u2013 NOUS <\/h3>\n\n\n<p>L\u2019association a \u00e9t\u00e9 fond\u00e9e en janvier 2000 suite au d\u00e9c\u00e8s d\u2019Audrey d\u2019une m\u00e9ningite en 24h \u00e0 l\u2019\u00e2ge de 12 ans. L\u2019association est sur le th\u00e8me de la sant\u00e9 et de la famille. Aujourd\u2019hui, elle est nationale, reconnue d\u2019int\u00e9r\u00eat g\u00e9n\u00e9ral et membre et co fondateur de la conf\u00e9d\u00e9ration mondiale sur les m\u00e9ningites.<\/p>\n<p><b>Famille<\/b><br \/>Nous sommes \u00e0 l\u2019origine, suite au d\u00e9c\u00e8s d\u2019un enfant, de textes de loi permettant de soutenir les parents. 16 000 parents sont confront\u00e9s \u00e0 ce terrible drame chaque ann\u00e9e.<\/p>\n<p><b>Sant\u00e9 \u2013 M\u00e9ningite \u2013 Handicap<\/b><br \/>L\u2019association r\u00e9alise des formations en France sur les m\u00e9ningites destin\u00e9es aux professionnels de sant\u00e9, m\u00e9decine, para m\u00e9dical avec des supports.<br \/>Nous avons fait r\u00e9aliser une \u00e9tude sur les co\u00fbts financiers suite \u00e0 un handicap comme l\u2019amputation. L\u2019\u00e9tude nous sert de support sur les cons\u00e9quences des m\u00e9ningites, pouvant s\u2019adapter sur toutes autres causes. Elle est unique en France et a \u00e9t\u00e9 remise au Minist\u00e8re en juin 2014.<\/p>\n<p>A ce jour, \u00e9tant limit\u00e9 dans nos actions, faute de temps, ayant une activit\u00e9 professionnelle, la r\u00e9alisation de ce premier emploi est devenue n\u00e9cessaire et permet d\u2019associer de nouveaux partenaires, \u00e9tant reconnue d\u2019utilit\u00e9 publique.<br \/><br \/><\/p>\n\n\n<h3 class=\"has-light-green-cyan-color has-text-color is-style-vk-heading-both_ends wp-block-heading\"> OBJECTIFS DE L\u2019ASSOCIATION <\/h3>\n\n\n<p><b><br \/>Objectif \u00e0 atteindre d\u2019ici trois \u00e0 cinq ans<\/b><br \/>D\u2019ici trois ans, nous aimerions cr\u00e9er un premier CDI en p\u00e9rennisant notre structure financi\u00e8re. D\u2019ici cinq ans, un nouvel emploi sur la partie m\u00e9dicale et \u00eatre en mesure d\u2019apporter une aide mat\u00e9rielle sur l\u2019handicap.<\/p>\n<p><b>Soutenir l\u2019association, quel int\u00e9r\u00eat ?<\/b><br \/>Votre soutien nous permet d\u2019am\u00e9liorer notre soci\u00e9t\u00e9 sur le th\u00e8me m\u00e9dical, handicap, deuil.<br \/>Cela renforce nos actions aupr\u00e8s des diff\u00e9rentes autorit\u00e9s et institutionnelles.<br \/>Cela permet de partager nos actions.<br \/>L\u2019importance du nombre renforce nos d\u00e9marches.<br \/><br \/><br \/><\/p>\n\n\n<figure class=\"wp-block-table\"><table  class=\"has-fixed-layout table table-hover\" ><tbody><tr><td class=\"has-text-align-center\" data-align=\"center\"> PayPal <br><br><br><a href=\"https:\/\/www.paypal.com\/cgi-bin\/webscr?cmd=_s-xclick&amp;hosted_button_id=HFQ8ZBSBY8XAY&amp;source=url\"><img data-recalc-dims=\"1\" loading=\"lazy\" decoding=\"async\" width=\"150\" height=\"36\" class=\"wp-image-312\" style=\"width: 150px;\" src=\"https:\/\/i0.wp.com\/www.asso-audrey.org\/wp-content\/uploads\/2020\/03\/btn_donateCC_LG.gif?resize=150%2C36&#038;ssl=1\" alt=\"\"><\/a><\/td><td class=\"has-text-align-center\" data-align=\"center\"> HelloAsso <br><br><br><a href=\"https:\/\/www.donnerenligne.fr\/association-audrey\/faire-un-don\/2\">FAIRE UN DON<\/a><br><\/td><\/tr><\/tbody><\/table><\/figure>\n\n\n\n<p>aire<\/p>\n","protected":false},"excerpt":{"rendered":"<p>Soutenez-nous APPEL AUX DONS PARTICIPATIFS D\u00e9velopper l\u2019association comme une entreprise en cr\u00e9ant des emplois dans le cadre de M\u00e9ningites France \u2013 Association Audrey, des projets commerciaux et autres. QUI SOMMES \u2013 NOUS L\u2019association a \u00e9t\u00e9 fond\u00e9e en janvier 2000 suite au d\u00e9c\u00e8s d\u2019Audrey d\u2019une m\u00e9ningite en 24h \u00e0 l\u2019\u00e2ge de 12 ans. L\u2019association est sur [&hellip;]<\/p>\n","protected":false},"author":1,"featured_media":0,"parent":294,"menu_order":3,"comment_status":"closed","ping_status":"closed","template":"","meta":{"vkexunit_cta_each_option":"","footnotes":""},"folder":[],"class_list":["post-311","page","type-page","status-publish","hentry"],"jetpack_shortlink":"https:\/\/wp.me\/PbNfD9-51","jetpack_sharing_enabled":true,"_links":{"self":[{"href":"https:\/\/www.asso-audrey.org\/index.php?rest_route=\/wp\/v2\/pages\/311","targetHints":{"allow":["GET"]}}],"collection":[{"href":"https:\/\/www.asso-audrey.org\/index.php?rest_route=\/wp\/v2\/pages"}],"about":[{"href":"https:\/\/www.asso-audrey.org\/index.php?rest_route=\/wp\/v2\/types\/page"}],"author":[{"embeddable":true,"href":"https:\/\/www.asso-audrey.org\/index.php?rest_route=\/wp\/v2\/users\/1"}],"replies":[{"embeddable":true,"href":"https:\/\/www.asso-audrey.org\/index.php?rest_route=%2Fwp%2Fv2%2Fcomments&post=311"}],"version-history":[{"count":8,"href":"https:\/\/www.asso-audrey.org\/index.php?rest_route=\/wp\/v2\/pages\/311\/revisions"}],"predecessor-version":[{"id":862,"href":"https:\/\/www.asso-audrey.org\/index.php?rest_route=\/wp\/v2\/pages\/311\/revisions\/862"}],"up":[{"embeddable":true,"href":"https:\/\/www.asso-audrey.org\/index.php?rest_route=\/wp\/v2\/pages\/294"}],"wp:attachment":[{"href":"https:\/\/www.asso-audrey.org\/index.php?rest_route=%2Fwp%2Fv2%2Fmedia&parent=311"}],"wp:term":[{"taxonomy":"folder","embeddable":true,"href":"https:\/\/www.asso-audrey.org\/index.php?rest_route=%2Fwp%2Fv2%2Ffolder&post=311"}],"curies":[{"name":"wp","href":"https:\/\/api.w.org\/{rel}","templated":true}]}}