{"id":303,"date":"2020-03-14T19:36:29","date_gmt":"2020-03-14T18:36:29","guid":{"rendered":"http:\/\/www.asso-audrey.org\/?page_id=303"},"modified":"2020-03-14T19:36:50","modified_gmt":"2020-03-14T18:36:50","slug":"creer-une-antenne","status":"publish","type":"page","link":"https:\/\/www.asso-audrey.org\/?page_id=303","title":{"rendered":"Cr\u00e9er une antenne"},"content":{"rendered":"\n<h2 class=\"is-style-vk-heading-background_fill_lightgray wp-block-heading\"> Cr\u00e9er une antenne <\/h2>\n\n\n<h1 class=\"fontSizeBig\">Si vous d\u00e9sirez cr\u00e9er une antenne vous pouvez nous contacter car le lieu o\u00f9 vous \u00eates r\u00e9sidant d\u00e9pend de la d\u00e9marche administrative.<br \/>Nous souhaitons toujours, dans le cadre de la cr\u00e9ation d&rsquo;une antenne, que le pr\u00e9nom de l&rsquo;enfant soit mentionn\u00e9.<\/h1>","protected":false},"excerpt":{"rendered":"<p>Cr\u00e9er une antenne Si vous d\u00e9sirez cr\u00e9er une antenne vous pouvez nous contacter car le lieu o\u00f9 vous \u00eates r\u00e9sidant d\u00e9pend de la d\u00e9marche administrative.Nous souhaitons toujours, dans le cadre de la cr\u00e9ation d&rsquo;une antenne, que le pr\u00e9nom de l&rsquo;enfant soit mentionn\u00e9.<\/p>\n","protected":false},"author":1,"featured_media":0,"parent":294,"menu_order":1,"comment_status":"closed","ping_status":"closed","template":"","meta":{"vkexunit_cta_each_option":"","footnotes":""},"folder":[],"class_list":["post-303","page","type-page","status-publish","hentry"],"jetpack_shortlink":"https:\/\/wp.me\/PbNfD9-4T","jetpack_sharing_enabled":true,"_links":{"self":[{"href":"https:\/\/www.asso-audrey.org\/index.php?rest_route=\/wp\/v2\/pages\/303","targetHints":{"allow":["GET"]}}],"collection":[{"href":"https:\/\/www.asso-audrey.org\/index.php?rest_route=\/wp\/v2\/pages"}],"about":[{"href":"https:\/\/www.asso-audrey.org\/index.php?rest_route=\/wp\/v2\/types\/page"}],"author":[{"embeddable":true,"href":"https:\/\/www.asso-audrey.org\/index.php?rest_route=\/wp\/v2\/users\/1"}],"replies":[{"embeddable":true,"href":"https:\/\/www.asso-audrey.org\/index.php?rest_route=%2Fwp%2Fv2%2Fcomments&post=303"}],"version-history":[{"count":2,"href":"https:\/\/www.asso-audrey.org\/index.php?rest_route=\/wp\/v2\/pages\/303\/revisions"}],"predecessor-version":[{"id":306,"href":"https:\/\/www.asso-audrey.org\/index.php?rest_route=\/wp\/v2\/pages\/303\/revisions\/306"}],"up":[{"embeddable":true,"href":"https:\/\/www.asso-audrey.org\/index.php?rest_route=\/wp\/v2\/pages\/294"}],"wp:attachment":[{"href":"https:\/\/www.asso-audrey.org\/index.php?rest_route=%2Fwp%2Fv2%2Fmedia&parent=303"}],"wp:term":[{"taxonomy":"folder","embeddable":true,"href":"https:\/\/www.asso-audrey.org\/index.php?rest_route=%2Fwp%2Fv2%2Ffolder&post=303"}],"curies":[{"name":"wp","href":"https:\/\/api.w.org\/{rel}","templated":true}]}}