{"id":294,"date":"2020-03-14T18:58:34","date_gmt":"2020-03-14T17:58:34","guid":{"rendered":"http:\/\/www.asso-audrey.org\/?page_id=294"},"modified":"2020-03-14T19:35:02","modified_gmt":"2020-03-14T18:35:02","slug":"devenir-benevole","status":"publish","type":"page","link":"https:\/\/www.asso-audrey.org\/?page_id=294","title":{"rendered":"Aidez-nous"},"content":{"rendered":"\n<h2 class=\"is-style-vk-heading-background_fill_lightgray wp-block-heading\"> Devenir b\u00e9n\u00e9vole <\/h2>\n\n\n<p><b>Formulaire d&rsquo;inscription<\/b><br>Vous pouvez imprimer cette page et l&rsquo;envoyer accompagn\u00e9e d&rsquo;un ch\u00e8que de&nbsp;10 \u20ac \u00e0 l&rsquo;adresse suivante :<\/p>\n<p><b>M\u00e9ningites France-Association Audrey,<\/b><\/p>\n<p><b><\/b><\/p><b>\n<p>31, mail des Quatre Vents<\/p>\n<p>49 000 Ecouflant<\/p>\n<\/b><p><b><\/b><\/p>\n<p><b>FRANCE<\/b><\/p>\n<p>BULLETIN D&rsquo;ADHESION renouvelable tous les ans en janvier.<\/p>\n<p>Nom :_ _ _ _ _ _ _ _ _ _ _ _ _ _ _ _&nbsp;_ _ _ _ _ _ _ _ _ _ _ _ _ _ _ _ _ _ _ _ _ _<\/p>\n<p>Pr\u00e9nom : _ _ _ _ _ _ _ _ _ _ _ _ _ _&nbsp;_ _ _ _ _ _ _ _ _ _ _ _ _ _ _ _ _ _ _ _ _ _<\/p>\n<p>Adresse : _ _ _ _ _ _ _ _ _ _ _ _ _ _&nbsp;_ _ _ _ _ _ _ _ _ _ _ _ _ _ _ _ _ _ _ _ _ _<\/p>\n<p>&nbsp;_ _ _ _ _ _ _ _ _ _ _ _ _ _&nbsp;_ _ _ _ _&nbsp;_ _ _ _ _ _ _ _ _ _ _ _ _ _ _ _ _ _ _ _ _ _<\/p>\n<p>Code Postal : _ _ _ _ _ _ _ _ _ _ _ _ _&nbsp;_Ville : _ _ _&nbsp;_ _ _ _ _ _ _ _ _ _ _ _ _ _<\/p>\n<p>T\u00e9l\u00e9phone : _ _ _ _ _ _ _ _ _ _ _ _ _&nbsp;_ _ _ _ _ _ _ _ _ _ _ _ _ _ _ _ _ _ _ _ _ _<\/p>\n<p>E.mail:_ _&nbsp;_ _ _ _ _ _ _ _ _ _ _ _ _ _&nbsp;_ _ _ _ _ _ _ _ _ _ _ _ _ _ _ _ _ _ _ _ _ _<\/p>\n<p><b>Adh\u00e9sion :&nbsp;10 \u20ac<\/b><\/p>\n<p>Je joins mon r\u00e8glement \u00e0 l&rsquo;ordre de M\u00e9ningites France-Association \u00ab\u00a0Audrey\u00a0\u00bb<\/p>\n<p><b>V<\/b>&nbsp;&nbsp;&nbsp;&nbsp;&nbsp; par CCP<\/p>\n<p><b>V<\/b>&nbsp;&nbsp;&nbsp;&nbsp;&nbsp; par Ch\u00e8que bancaire<\/p>\n<p><b>V<\/b>&nbsp;&nbsp;&nbsp;&nbsp;&nbsp; par Esp\u00e8ces<\/p>\n<p>Je souhaite \u00e9galement verser \u00e0 M\u00e9ningites France-Association \u00ab\u00a0Audrey\u00a0\u00bb, \u00e0 titre de don, la somme de :<\/p>\n<p>_ _ _ _ _ _ _&nbsp;_ _ _ _ _ _ _ _ _ _ _ _ _&nbsp;_ _ _ _ _ _ _ _ _ _ _ _ _ _ _ _ _ _ _ _ _ _<\/p>\n<p>Date :&nbsp;&nbsp;&nbsp;&nbsp;&nbsp;&nbsp;&nbsp;&nbsp;&nbsp;&nbsp;&nbsp;&nbsp;&nbsp;&nbsp;&nbsp;&nbsp;&nbsp;&nbsp;&nbsp;&nbsp;&nbsp;&nbsp;&nbsp;&nbsp;&nbsp;&nbsp;&nbsp;&nbsp;&nbsp;&nbsp;&nbsp;&nbsp;&nbsp;&nbsp;&nbsp;&nbsp;&nbsp;&nbsp;&nbsp;&nbsp;&nbsp;&nbsp;&nbsp;&nbsp;&nbsp;&nbsp;&nbsp;&nbsp;&nbsp; Signature :<\/p>\n<p><b>V<\/b>&nbsp;&nbsp;&nbsp;&nbsp; Je souhaite recevoir un re\u00e7u correspondant \u00e0 la somme vers\u00e9e<\/p>","protected":false},"excerpt":{"rendered":"<p>Devenir b\u00e9n\u00e9vole Formulaire d&rsquo;inscriptionVous pouvez imprimer cette page et l&rsquo;envoyer accompagn\u00e9e d&rsquo;un ch\u00e8que de&nbsp;10 \u20ac \u00e0 l&rsquo;adresse suivante : M\u00e9ningites France-Association Audrey, 31, mail des Quatre Vents 49 000 Ecouflant FRANCE BULLETIN D&rsquo;ADHESION renouvelable tous les ans en janvier. Nom :_ _ _ _ _ _ _ _ _ _ _ _ _ _ _ [&hellip;]<\/p>\n","protected":false},"author":1,"featured_media":0,"parent":0,"menu_order":8,"comment_status":"closed","ping_status":"closed","template":"","meta":{"vkexunit_cta_each_option":"","footnotes":""},"folder":[],"class_list":["post-294","page","type-page","status-publish","hentry"],"jetpack_shortlink":"https:\/\/wp.me\/PbNfD9-4K","jetpack_sharing_enabled":true,"_links":{"self":[{"href":"https:\/\/www.asso-audrey.org\/index.php?rest_route=\/wp\/v2\/pages\/294","targetHints":{"allow":["GET"]}}],"collection":[{"href":"https:\/\/www.asso-audrey.org\/index.php?rest_route=\/wp\/v2\/pages"}],"about":[{"href":"https:\/\/www.asso-audrey.org\/index.php?rest_route=\/wp\/v2\/types\/page"}],"author":[{"embeddable":true,"href":"https:\/\/www.asso-audrey.org\/index.php?rest_route=\/wp\/v2\/users\/1"}],"replies":[{"embeddable":true,"href":"https:\/\/www.asso-audrey.org\/index.php?rest_route=%2Fwp%2Fv2%2Fcomments&post=294"}],"version-history":[{"count":3,"href":"https:\/\/www.asso-audrey.org\/index.php?rest_route=\/wp\/v2\/pages\/294\/revisions"}],"predecessor-version":[{"id":302,"href":"https:\/\/www.asso-audrey.org\/index.php?rest_route=\/wp\/v2\/pages\/294\/revisions\/302"}],"wp:attachment":[{"href":"https:\/\/www.asso-audrey.org\/index.php?rest_route=%2Fwp%2Fv2%2Fmedia&parent=294"}],"wp:term":[{"taxonomy":"folder","embeddable":true,"href":"https:\/\/www.asso-audrey.org\/index.php?rest_route=%2Fwp%2Fv2%2Ffolder&post=294"}],"curies":[{"name":"wp","href":"https:\/\/api.w.org\/{rel}","templated":true}]}}