{"id":271,"date":"2020-03-14T18:46:40","date_gmt":"2020-03-14T17:46:40","guid":{"rendered":"http:\/\/www.asso-audrey.org\/?page_id=271"},"modified":"2020-03-14T18:51:55","modified_gmt":"2020-03-14T17:51:55","slug":"agenda","status":"publish","type":"page","link":"https:\/\/www.asso-audrey.org\/?page_id=271","title":{"rendered":"Agenda"},"content":{"rendered":"\n<h2 class=\"is-style-vk-heading-background_fill_lightgray wp-block-heading\">Agenda<\/h2>\n\n\n<p style=\"text-align: center;\"><img data-recalc-dims=\"1\" loading=\"lazy\" decoding=\"async\" class=\"wp-image-272 aligncenter\" src=\"https:\/\/i0.wp.com\/www.asso-audrey.org\/wp-content\/uploads\/2020\/03\/p1010007.jpg?resize=639%2C479&#038;ssl=1\" alt=\"\" width=\"639\" height=\"479\" srcset=\"https:\/\/i0.wp.com\/www.asso-audrey.org\/wp-content\/uploads\/2020\/03\/p1010007.jpg?resize=300%2C225&amp;ssl=1 300w, https:\/\/i0.wp.com\/www.asso-audrey.org\/wp-content\/uploads\/2020\/03\/p1010007.jpg?resize=1024%2C768&amp;ssl=1 1024w, https:\/\/i0.wp.com\/www.asso-audrey.org\/wp-content\/uploads\/2020\/03\/p1010007.jpg?resize=768%2C576&amp;ssl=1 768w, https:\/\/i0.wp.com\/www.asso-audrey.org\/wp-content\/uploads\/2020\/03\/p1010007.jpg?resize=1536%2C1152&amp;ssl=1 1536w, https:\/\/i0.wp.com\/www.asso-audrey.org\/wp-content\/uploads\/2020\/03\/p1010007.jpg?w=2048&amp;ssl=1 2048w, https:\/\/i0.wp.com\/www.asso-audrey.org\/wp-content\/uploads\/2020\/03\/p1010007.jpg?w=1296&amp;ssl=1 1296w, https:\/\/i0.wp.com\/www.asso-audrey.org\/wp-content\/uploads\/2020\/03\/p1010007.jpg?w=1944&amp;ssl=1 1944w\" sizes=\"auto, (max-width: 639px) 100vw, 639px\" \/><\/p>\n<p style=\"text-align: center;\">Organisation de formations sur les m\u00e9ningites bact\u00e9riennes<\/p>\n<p>\u00a0<\/p>\n\n<p><u>Tournoi de football poussin au stade Fr\u00e9mur ANGERS le 11 juin 2011.<br \/><\/u><br \/><b>2010<br \/><\/b><u>lundi 27 septembre lors d&rsquo;une conf\u00e9rence de presse\u00a0dans les salons du\u00a0Minist\u00e8re de la Sant\u00e9 de 11h \u00e0 12h<br \/>Cette conf\u00e9rence a pour objectif de mettre en place une journ\u00e9e nationale sur les m\u00e9ningites qui aura lieu tous les premiers samedi du mois d&rsquo;octobre de chaque ann\u00e9e.<br \/>Les orateurs seront: M\u00e9ningites France &#8211; Association Audrey, Meningitis trust ( Angleterre), Institut Pasteur.<br \/><\/u>Cette action fran\u00e7aise pourra s&rsquo;\u00e9tendra en Europe<br \/><br \/><b>2010<br \/><\/b><u>Journ\u00e9e de formation \u00e0 Lyon a la rentr\u00e9e scolaire Bordeaux et Nantes.<br \/><br \/><\/u><br \/><br \/><b>2010<br \/><\/b><u>Conf\u00e9rence sur le deuil<br \/>Conf\u00e9rence sur le deuil\u00a0l&rsquo;Assembl\u00e9e Nationale \u00e0 Paris.\u00a0<br \/><\/u><br \/><br \/><b>15-9-2010<\/b><\/p>\n<p><u>Campagne d&rsquo;information d&rsquo;affiches et de d\u00e9pliants au sein de l&rsquo;Education Nationale en France.<\/u><\/p>\n\n","protected":false},"excerpt":{"rendered":"<p>Agenda Organisation de formations sur les m\u00e9ningites bact\u00e9riennes \u00a0 Tournoi de football poussin au stade Fr\u00e9mur ANGERS le 11 juin 2011.2010lundi 27 septembre lors d&rsquo;une conf\u00e9rence de presse\u00a0dans les salons du\u00a0Minist\u00e8re de la Sant\u00e9 de 11h \u00e0 12hCette conf\u00e9rence a pour objectif de mettre en place une journ\u00e9e nationale sur les m\u00e9ningites qui aura lieu [&hellip;]<\/p>\n","protected":false},"author":1,"featured_media":0,"parent":0,"menu_order":6,"comment_status":"closed","ping_status":"closed","template":"","meta":{"vkexunit_cta_each_option":"","footnotes":""},"folder":[],"class_list":["post-271","page","type-page","status-publish","hentry"],"jetpack_shortlink":"https:\/\/wp.me\/PbNfD9-4n","jetpack_sharing_enabled":true,"_links":{"self":[{"href":"https:\/\/www.asso-audrey.org\/index.php?rest_route=\/wp\/v2\/pages\/271","targetHints":{"allow":["GET"]}}],"collection":[{"href":"https:\/\/www.asso-audrey.org\/index.php?rest_route=\/wp\/v2\/pages"}],"about":[{"href":"https:\/\/www.asso-audrey.org\/index.php?rest_route=\/wp\/v2\/types\/page"}],"author":[{"embeddable":true,"href":"https:\/\/www.asso-audrey.org\/index.php?rest_route=\/wp\/v2\/users\/1"}],"replies":[{"embeddable":true,"href":"https:\/\/www.asso-audrey.org\/index.php?rest_route=%2Fwp%2Fv2%2Fcomments&post=271"}],"version-history":[{"count":6,"href":"https:\/\/www.asso-audrey.org\/index.php?rest_route=\/wp\/v2\/pages\/271\/revisions"}],"predecessor-version":[{"id":282,"href":"https:\/\/www.asso-audrey.org\/index.php?rest_route=\/wp\/v2\/pages\/271\/revisions\/282"}],"wp:attachment":[{"href":"https:\/\/www.asso-audrey.org\/index.php?rest_route=%2Fwp%2Fv2%2Fmedia&parent=271"}],"wp:term":[{"taxonomy":"folder","embeddable":true,"href":"https:\/\/www.asso-audrey.org\/index.php?rest_route=%2Fwp%2Fv2%2Ffolder&post=271"}],"curies":[{"name":"wp","href":"https:\/\/api.w.org\/{rel}","templated":true}]}}