{"id":254,"date":"2020-03-14T18:11:06","date_gmt":"2020-03-14T17:11:06","guid":{"rendered":"http:\/\/www.asso-audrey.org\/?page_id=254"},"modified":"2020-03-14T18:11:06","modified_gmt":"2020-03-14T17:11:06","slug":"chiffres-cles","status":"publish","type":"page","link":"https:\/\/www.asso-audrey.org\/?page_id=254","title":{"rendered":"Chiffres cl\u00e9s"},"content":{"rendered":"\n<h2 class=\"is-style-vk-heading-background_fill_lightgray wp-block-heading\">Chiffres cl\u00e9s<\/h2>\n\n\n<div class=\"isoBlockPosition-none isoFloatClear-none fontFamilyStandardText fontSizeNormal fontColorStandardText \">\n<p align=\"left\">Environ\u00a0<b>70 %<\/b>\u00a0des cas de\u00a0<b>m\u00e9ningite bact\u00e9rienne<\/b>\u00a0surviennent\u00a0<b>avant l&rsquo;\u00e2ge de 5 ans.<\/b><\/p>\n<\/div>\n<div class=\"isoBlockPosition-none isoFloatClear-none fontFamilyStandardText fontSizeNormal fontColorStandardText \">\n<p align=\"left\">Dans\u00a0<b>30%<\/b>\u00a0des cas de\u00a0<b>m\u00e9ningite \u00e0 m\u00e9ningocoque,<\/b>\u00a0l&rsquo;infection redoutable\u00a0<b>\u00ab\u00a0le purpura fulminans\u00a0\u00bb<\/b>\u00a0se d\u00e9clare.<\/p>\n<\/div>\n<div class=\"isoBlockPosition-none isoFloatClear-none fontFamilyStandardText fontSizeNormal fontColorStandardText \">\n<p align=\"left\">Dans\u00a0<b>60 %<\/b>\u00a0des cas, le malade ne conserve\u00a0<b>aucune s\u00e9quelle<\/b>\u00a0apr\u00e8s sa gu\u00e9rison,\u00a0<b>20 %<\/b>\u00a0des malades subissent de\u00a0<b>lourdes s\u00e9quelles<\/b>\u00a0comme la surdit\u00e9, la c\u00e9cit\u00e9, la paralysie, le coma,&#8230; Malheureusement, pour les\u00a0<b>20 %<\/b>\u00a0restant la m\u00e9ningite est une\u00a0<b>maladie fatale.<\/b><\/p>\n<\/div>\n<div class=\"isoBlockPosition-none isoFloatClear-none fontFamilyStandardText fontSizeNormal fontColorStandardText \">\n<p align=\"left\">La recrudescence de la m\u00e9ningite est saisonni\u00e8re\u00a0<b>(hiver \/ printemps)<\/b>\u00a0et touche\u00a0<b>1 \u00e0 5 cas pour 100 000 habitants<\/b>\u00a0dans un pays industrialis\u00e9.<\/p>\n<\/div>\n<div class=\"isoBlockPosition-none isoFloatClear-none fontFamilyStandardText fontSizeNormal fontColorStandardText \">\n<p align=\"left\">On compte jusqu&rsquo;\u00e0\u00a0<b>500 000 cas par an<\/b>\u00a0d&rsquo;infections m\u00e9ningococciques dans le monde.<\/p>\n<\/div>\n<div class=\"isoBlockPosition-none isoFloatClear-none fontFamilyStandardText fontSizeNormal fontColorStandardText \">\n<p align=\"left\">De nos jours, environ\u00a0<b>1.2 millions de cas de m\u00e9ningites bact\u00e9riennes<\/b>\u00a0(m\u00e9ningocoques, pneumocoques) sont\u00a0 recens\u00e9s,<b>\u00a0135 000 seront mortels.<\/b><\/p>\n<\/div>\n<div class=\"isoBlockPosition-none isoFloatClear-none fontFamilyStandardText fontSizeNormal fontColorStandardText \">\n<p align=\"left\"><b>14%<\/b>\u00a0des cas de m\u00e9ningite touchent les\u00a0<b>moins de 20 ans,<\/b>\u00a0dont la\u00a0<b>majorit\u00e9<\/b>\u00a0sont des enfants<b>\u00a0de moins de 1 an.<\/b><\/p>\n<\/div>","protected":false},"excerpt":{"rendered":"<p>Chiffres cl\u00e9s Environ\u00a070 %\u00a0des cas de\u00a0m\u00e9ningite bact\u00e9rienne\u00a0surviennent\u00a0avant l&rsquo;\u00e2ge de 5 ans. Dans\u00a030%\u00a0des cas de\u00a0m\u00e9ningite \u00e0 m\u00e9ningocoque,\u00a0l&rsquo;infection redoutable\u00a0\u00ab\u00a0le purpura fulminans\u00a0\u00bb\u00a0se d\u00e9clare. Dans\u00a060 %\u00a0des cas, le malade ne conserve\u00a0aucune s\u00e9quelle\u00a0apr\u00e8s sa gu\u00e9rison,\u00a020 %\u00a0des malades subissent de\u00a0lourdes s\u00e9quelles\u00a0comme la surdit\u00e9, la c\u00e9cit\u00e9, la paralysie, le coma,&#8230; Malheureusement, pour les\u00a020 %\u00a0restant la m\u00e9ningite est une\u00a0maladie fatale. La recrudescence de [&hellip;]<\/p>\n","protected":false},"author":1,"featured_media":0,"parent":173,"menu_order":9,"comment_status":"closed","ping_status":"closed","template":"","meta":{"vkexunit_cta_each_option":"","footnotes":""},"folder":[],"class_list":["post-254","page","type-page","status-publish","hentry"],"jetpack_shortlink":"https:\/\/wp.me\/PbNfD9-46","jetpack_sharing_enabled":true,"_links":{"self":[{"href":"https:\/\/www.asso-audrey.org\/index.php?rest_route=\/wp\/v2\/pages\/254","targetHints":{"allow":["GET"]}}],"collection":[{"href":"https:\/\/www.asso-audrey.org\/index.php?rest_route=\/wp\/v2\/pages"}],"about":[{"href":"https:\/\/www.asso-audrey.org\/index.php?rest_route=\/wp\/v2\/types\/page"}],"author":[{"embeddable":true,"href":"https:\/\/www.asso-audrey.org\/index.php?rest_route=\/wp\/v2\/users\/1"}],"replies":[{"embeddable":true,"href":"https:\/\/www.asso-audrey.org\/index.php?rest_route=%2Fwp%2Fv2%2Fcomments&post=254"}],"version-history":[{"count":2,"href":"https:\/\/www.asso-audrey.org\/index.php?rest_route=\/wp\/v2\/pages\/254\/revisions"}],"predecessor-version":[{"id":256,"href":"https:\/\/www.asso-audrey.org\/index.php?rest_route=\/wp\/v2\/pages\/254\/revisions\/256"}],"up":[{"embeddable":true,"href":"https:\/\/www.asso-audrey.org\/index.php?rest_route=\/wp\/v2\/pages\/173"}],"wp:attachment":[{"href":"https:\/\/www.asso-audrey.org\/index.php?rest_route=%2Fwp%2Fv2%2Fmedia&parent=254"}],"wp:term":[{"taxonomy":"folder","embeddable":true,"href":"https:\/\/www.asso-audrey.org\/index.php?rest_route=%2Fwp%2Fv2%2Ffolder&post=254"}],"curies":[{"name":"wp","href":"https:\/\/api.w.org\/{rel}","templated":true}]}}