{"id":251,"date":"2020-03-14T18:10:22","date_gmt":"2020-03-14T17:10:22","guid":{"rendered":"http:\/\/www.asso-audrey.org\/?page_id=251"},"modified":"2020-03-14T18:10:22","modified_gmt":"2020-03-14T17:10:22","slug":"prevention","status":"publish","type":"page","link":"https:\/\/www.asso-audrey.org\/?page_id=251","title":{"rendered":"Pr\u00e9vention"},"content":{"rendered":"\n<h2 class=\"is-style-vk-heading-background_fill_lightgray wp-block-heading\">Pr\u00e9vention<\/h2>\n\n\n<div class=\"isoBlockPosition-none isoFloatClear-none fontFamilyStandardText fontSizeNormal fontColorStandardText \">\n<p align=\"left\">La m\u00e9ningite est une maladie qui peut occasionner de lourdes cons\u00e9quences pour le malade. D\u00e8s qu\u2019un doute s\u2019installe, il faut aller rapidement consulter un m\u00e9decin.<\/p>\n<\/div>\n<div class=\"isoBlockPosition-none isoFloatClear-none fontFamilyStandardText fontSizeNormal fontColorStandardText \">\n<p align=\"left\">Certains types de\u00a0<b>m\u00e9ningite bact\u00e9rienne<\/b>\u00a0peuvent \u00eatre pr\u00e9venus par la\u00a0<b>vaccination<\/b>, mais pas tous.\u00a0<b>Aucun vaccin n\u2019existe contre la m\u00e9ningite \u00e0 m\u00e9ningocoque de type\u00a0B.<\/b>\u00a0Deux types de vaccins contre le m\u00e9ningocoque sont possibles\u00a0: celui qui offre une protection multiple et celui qui offre la seule protection contre le s\u00e9rotype\u00a0C.<\/p>\n<\/div>\n<div class=\"isoBlockPosition-none isoFloatClear-none fontFamilyStandardText fontSizeNormal fontColorStandardText \">\n<p align=\"left\">Il existe un\u00a0<b>vaccin contre le pneumocoque<\/b>, par ailleurs celui-ci est recommand\u00e9 aux jeunes parents afin qu\u2019il le fasse administrer aux\u00a0<b>enfants entre 2 mois et 4 ans<\/b>\u00a0afin de r\u00e9duire le risque de m\u00e9ningite bact\u00e9rienne.Il est fortement conseill\u00e9 aux malades atteints de m\u00e9ningite bact\u00e9rienne d\u2019avoir un\u00a0<b>mode de vie sain<\/b>\u00a0(ex\u00a0: manger sainement, prendre du repos,\u2026) et une\u00a0<b>bonne hygi\u00e8ne<\/b> de vie (ex\u00a0: se laver les mains souvent,\u2026)<\/p>\n<p align=\"left\"><img data-recalc-dims=\"1\" loading=\"lazy\" decoding=\"async\" class=\"size-medium wp-image-56 alignleft\" src=\"https:\/\/i0.wp.com\/www.asso-audrey.org\/wp-content\/uploads\/2020\/03\/purpurameningo2.jpg?resize=300%2C225&#038;ssl=1\" alt=\"\" width=\"300\" height=\"225\" srcset=\"https:\/\/i0.wp.com\/www.asso-audrey.org\/wp-content\/uploads\/2020\/03\/purpurameningo2.jpg?resize=300%2C225&amp;ssl=1 300w, https:\/\/i0.wp.com\/www.asso-audrey.org\/wp-content\/uploads\/2020\/03\/purpurameningo2.jpg?resize=1024%2C768&amp;ssl=1 1024w, https:\/\/i0.wp.com\/www.asso-audrey.org\/wp-content\/uploads\/2020\/03\/purpurameningo2.jpg?resize=768%2C576&amp;ssl=1 768w, https:\/\/i0.wp.com\/www.asso-audrey.org\/wp-content\/uploads\/2020\/03\/purpurameningo2.jpg?resize=1536%2C1152&amp;ssl=1 1536w, https:\/\/i0.wp.com\/www.asso-audrey.org\/wp-content\/uploads\/2020\/03\/purpurameningo2.jpg?w=1600&amp;ssl=1 1600w, https:\/\/i0.wp.com\/www.asso-audrey.org\/wp-content\/uploads\/2020\/03\/purpurameningo2.jpg?w=1296&amp;ssl=1 1296w\" sizes=\"auto, (max-width: 300px) 100vw, 300px\" \/><br \/><br \/>Il est fortement conseill\u00e9 aux malades atteints de m\u00e9ningite bact\u00e9rienne d\u2019avoir un\u00a0<b>mode de vie sain<\/b>\u00a0(ex\u00a0: manger sainement, prendre du repos,\u2026) et une\u00a0<b>bonne hygi\u00e8ne<\/b>\u00a0de vie (ex\u00a0: se laver les mains souvent,\u2026)<\/p>\n<\/div>\n\n\n<p><\/p>\n","protected":false},"excerpt":{"rendered":"<p>Pr\u00e9vention La m\u00e9ningite est une maladie qui peut occasionner de lourdes cons\u00e9quences pour le malade. D\u00e8s qu\u2019un doute s\u2019installe, il faut aller rapidement consulter un m\u00e9decin. Certains types de\u00a0m\u00e9ningite bact\u00e9rienne\u00a0peuvent \u00eatre pr\u00e9venus par la\u00a0vaccination, mais pas tous.\u00a0Aucun vaccin n\u2019existe contre la m\u00e9ningite \u00e0 m\u00e9ningocoque de type\u00a0B.\u00a0Deux types de vaccins contre le m\u00e9ningocoque sont possibles\u00a0: celui [&hellip;]<\/p>\n","protected":false},"author":1,"featured_media":0,"parent":173,"menu_order":8,"comment_status":"closed","ping_status":"closed","template":"","meta":{"vkexunit_cta_each_option":"","footnotes":""},"folder":[],"class_list":["post-251","page","type-page","status-publish","hentry"],"jetpack_shortlink":"https:\/\/wp.me\/PbNfD9-43","jetpack_sharing_enabled":true,"_links":{"self":[{"href":"https:\/\/www.asso-audrey.org\/index.php?rest_route=\/wp\/v2\/pages\/251","targetHints":{"allow":["GET"]}}],"collection":[{"href":"https:\/\/www.asso-audrey.org\/index.php?rest_route=\/wp\/v2\/pages"}],"about":[{"href":"https:\/\/www.asso-audrey.org\/index.php?rest_route=\/wp\/v2\/types\/page"}],"author":[{"embeddable":true,"href":"https:\/\/www.asso-audrey.org\/index.php?rest_route=\/wp\/v2\/users\/1"}],"replies":[{"embeddable":true,"href":"https:\/\/www.asso-audrey.org\/index.php?rest_route=%2Fwp%2Fv2%2Fcomments&post=251"}],"version-history":[{"count":2,"href":"https:\/\/www.asso-audrey.org\/index.php?rest_route=\/wp\/v2\/pages\/251\/revisions"}],"predecessor-version":[{"id":253,"href":"https:\/\/www.asso-audrey.org\/index.php?rest_route=\/wp\/v2\/pages\/251\/revisions\/253"}],"up":[{"embeddable":true,"href":"https:\/\/www.asso-audrey.org\/index.php?rest_route=\/wp\/v2\/pages\/173"}],"wp:attachment":[{"href":"https:\/\/www.asso-audrey.org\/index.php?rest_route=%2Fwp%2Fv2%2Fmedia&parent=251"}],"wp:term":[{"taxonomy":"folder","embeddable":true,"href":"https:\/\/www.asso-audrey.org\/index.php?rest_route=%2Fwp%2Fv2%2Ffolder&post=251"}],"curies":[{"name":"wp","href":"https:\/\/api.w.org\/{rel}","templated":true}]}}