{"id":247,"date":"2020-03-14T18:07:42","date_gmt":"2020-03-14T17:07:42","guid":{"rendered":"http:\/\/www.asso-audrey.org\/?page_id=247"},"modified":"2020-03-16T15:11:22","modified_gmt":"2020-03-16T14:11:22","slug":"traitements","status":"publish","type":"page","link":"https:\/\/www.asso-audrey.org\/?page_id=247","title":{"rendered":"Traitements"},"content":{"rendered":"\n<h2 class=\"is-style-vk-heading-background_fill_lightgray wp-block-heading\">Traitements<\/h2>\n\n\n<div class=\"isoBlockPosition-none isoFloatClear-none fontFamilyStandardText fontSizeNormal fontColorStandardText \"><b><img data-recalc-dims=\"1\" loading=\"lazy\" decoding=\"async\" class=\" wp-image-184 alignleft\" src=\"https:\/\/i0.wp.com\/www.asso-audrey.org\/wp-content\/uploads\/2020\/03\/attention_pano.jpg?resize=161%2C146&#038;ssl=1\" alt=\"\" width=\"161\" height=\"146\" \/>ATTENTION<\/b>,\u00a0<b>l\u2019aspirine est vivement d\u00e9conseill\u00e9e<\/b>\u00a0lors d\u2019une\u00a0<b>m\u00e9ningite virale<\/b>\u00a0puisqu\u2019elle peut occasionner le syndr\u00f4me de Reye,\u00a0<b>maladie grave qui affecte le cerveau et le foie.<\/b><\/div>\n<div class=\"isoBlockPosition-none isoFloatClear-none fontFamilyStandardText fontSizeNormal fontColorStandardText \">\n<p align=\"left\">Lors d\u2019une <b>m\u00e9ningite bact\u00e9rienne<\/b>, seul le\u00a0<b>traitement aux antibiotiques<\/b>\u00a0est efficace pour \u00e9radiquer la maladie chez le malade.<br \/><br \/><br \/><\/p>\n<\/div>\n<div class=\"isoBlockPosition-none isoFloatClear-none fontFamilyStandardText fontSizeNormal fontColorStandardText \">\n<p align=\"left\">Des\u00a0<b>vaccins contre les m\u00e9ningocoques A, C, Y et W 135<\/b>\u00a0sont actuellement\u00a0<b>disponibles.<\/b>\u00a0Ils sont vivement\u00a0<b>conseill\u00e9s pour les personnes ayant \u00e9t\u00e9 en contact avec un des facteurs \u00e0 risque\u00a0<\/b>(ex\u00a0: contact physique avec un malade, pays o\u00f9 il y a des \u00e9pid\u00e9mies, \u2026).<\/p>\n<\/div>","protected":false},"excerpt":{"rendered":"<p>Traitements ATTENTION,\u00a0l\u2019aspirine est vivement d\u00e9conseill\u00e9e\u00a0lors d\u2019une\u00a0m\u00e9ningite virale\u00a0puisqu\u2019elle peut occasionner le syndr\u00f4me de Reye,\u00a0maladie grave qui affecte le cerveau et le foie. Lors d\u2019une m\u00e9ningite bact\u00e9rienne, seul le\u00a0traitement aux antibiotiques\u00a0est efficace pour \u00e9radiquer la maladie chez le malade. Des\u00a0vaccins contre les m\u00e9ningocoques A, C, Y et W 135\u00a0sont actuellement\u00a0disponibles.\u00a0Ils sont vivement\u00a0conseill\u00e9s pour les personnes ayant \u00e9t\u00e9 [&hellip;]<\/p>\n","protected":false},"author":1,"featured_media":0,"parent":173,"menu_order":7,"comment_status":"closed","ping_status":"closed","template":"","meta":{"vkexunit_cta_each_option":"","footnotes":""},"folder":[],"class_list":["post-247","page","type-page","status-publish","hentry"],"jetpack_shortlink":"https:\/\/wp.me\/PbNfD9-3Z","jetpack_sharing_enabled":true,"_links":{"self":[{"href":"https:\/\/www.asso-audrey.org\/index.php?rest_route=\/wp\/v2\/pages\/247","targetHints":{"allow":["GET"]}}],"collection":[{"href":"https:\/\/www.asso-audrey.org\/index.php?rest_route=\/wp\/v2\/pages"}],"about":[{"href":"https:\/\/www.asso-audrey.org\/index.php?rest_route=\/wp\/v2\/types\/page"}],"author":[{"embeddable":true,"href":"https:\/\/www.asso-audrey.org\/index.php?rest_route=\/wp\/v2\/users\/1"}],"replies":[{"embeddable":true,"href":"https:\/\/www.asso-audrey.org\/index.php?rest_route=%2Fwp%2Fv2%2Fcomments&post=247"}],"version-history":[{"count":3,"href":"https:\/\/www.asso-audrey.org\/index.php?rest_route=\/wp\/v2\/pages\/247\/revisions"}],"predecessor-version":[{"id":488,"href":"https:\/\/www.asso-audrey.org\/index.php?rest_route=\/wp\/v2\/pages\/247\/revisions\/488"}],"up":[{"embeddable":true,"href":"https:\/\/www.asso-audrey.org\/index.php?rest_route=\/wp\/v2\/pages\/173"}],"wp:attachment":[{"href":"https:\/\/www.asso-audrey.org\/index.php?rest_route=%2Fwp%2Fv2%2Fmedia&parent=247"}],"wp:term":[{"taxonomy":"folder","embeddable":true,"href":"https:\/\/www.asso-audrey.org\/index.php?rest_route=%2Fwp%2Fv2%2Ffolder&post=247"}],"curies":[{"name":"wp","href":"https:\/\/api.w.org\/{rel}","templated":true}]}}