{"id":243,"date":"2020-03-14T18:05:33","date_gmt":"2020-03-14T17:05:33","guid":{"rendered":"http:\/\/www.asso-audrey.org\/?page_id=243"},"modified":"2020-03-14T18:06:19","modified_gmt":"2020-03-14T17:06:19","slug":"facteurs-a-risque","status":"publish","type":"page","link":"https:\/\/www.asso-audrey.org\/?page_id=243","title":{"rendered":"Facteurs \u00e0 risque"},"content":{"rendered":"\n<h2 class=\"is-style-vk-heading-background_fill_lightgray wp-block-heading\"> Facteurs \u00e0 risque <\/h2>\n\n\n<p>Les facteurs \u00e0 risque sont notamment :<\/p>\n<ul class=\"fontFamilyStandardText fontSizeNormal fontColorStandardText \" type=\"disc\">\n<li>Avoir des\u00a0<b>contacts physiques<\/b>\u00a0avec une personne infect\u00e9e par la m\u00e9ningite<br \/>(Ex\u00a0: \u00e9change de salive par des baisers, des \u00e9ternuements, s\u2019\u00e9changer les verres, la cigarette, \u2026)<\/li>\n<li>Partir dans un\u00a0<b>pays o\u00f9 la maladie est tr\u00e8s pr\u00e9sente<\/b>\u00a0(le mieux est de s\u2019informer avant de partir)<\/li>\n<li><b>Fumer<\/b>\u00a0(la m\u00e9ningite peut toucher les fumeurs\u00a0<b>ACTIFS ET PASSIFS<\/b>)<\/li>\n<li>La\u00a0<b>fatigue<\/b>\u00a0et le\u00a0<b>stress<\/b>\u00a0affaiblissent le syst\u00e8me immunitaire et vous prot\u00e8ge moins bien des risques de maladie.\u00a0<\/li>\n<\/ul>\n<div class=\"isoBlockPosition-none isoFloatClear-none fontFamilyStandardText fontSizeNormal fontColorStandardText \">\n<p align=\"left\">Si vous suspecter un cas de m\u00e9ningite, il faut amener le patient au plus vite aupr\u00e8s d\u2019un m\u00e9decin. Devant tout\u00a0<b>soup\u00e7on de m\u00e9ningite<\/b>, le m\u00e9decin\u00a0<b>hospitalisera imm\u00e9diatement le patient<\/b>.<\/p>\n<\/div>\n<div class=\"isoBlockPosition-none isoFloatClear-none fontFamilyStandardText fontSizeNormal fontColorStandardText \">\n<p align=\"left\">Une\u00a0<b>ponction lombaire<\/b>\u00a0(pr\u00e9l\u00e8vement de liquide c\u00e9phalorachidien) permettra d\u2019identifier la bact\u00e9rie ou le virus responsable de la m\u00e9ningite. Cela permettra\u00a0<b>d\u2019adapter le traitement en fonction du type de m\u00e9ningite<\/b>\u00a0dont est atteint le patient.<\/p>\n<\/div>\n<div class=\"isoBlockPosition-none isoFloatClear-none fontFamilyStandardText fontSizeNormal fontColorStandardText \">\n<p align=\"left\">S\u2019il s\u2019agit d\u2019une\u00a0<b>m\u00e9ningite \u00e0 m\u00e9ningocoque<\/b>, un\u00a0<b>traitement pr\u00e9ventif<\/b>\u00a0(antibioth\u00e9rapie, vaccination) sera propos\u00e9 aux personnes\u00a0<b>ayant eu un contact \u00e9troit\u00a0ou prolong\u00e9 avec le malade<\/b>.<\/p>\n<\/div>","protected":false},"excerpt":{"rendered":"<p>Facteurs \u00e0 risque Les facteurs \u00e0 risque sont notamment : Avoir des\u00a0contacts physiques\u00a0avec une personne infect\u00e9e par la m\u00e9ningite(Ex\u00a0: \u00e9change de salive par des baisers, des \u00e9ternuements, s\u2019\u00e9changer les verres, la cigarette, \u2026) Partir dans un\u00a0pays o\u00f9 la maladie est tr\u00e8s pr\u00e9sente\u00a0(le mieux est de s\u2019informer avant de partir) Fumer\u00a0(la m\u00e9ningite peut toucher les fumeurs\u00a0ACTIFS [&hellip;]<\/p>\n","protected":false},"author":1,"featured_media":0,"parent":173,"menu_order":6,"comment_status":"closed","ping_status":"closed","template":"","meta":{"vkexunit_cta_each_option":"","footnotes":""},"folder":[],"class_list":["post-243","page","type-page","status-publish","hentry"],"jetpack_shortlink":"https:\/\/wp.me\/PbNfD9-3V","jetpack_sharing_enabled":true,"_links":{"self":[{"href":"https:\/\/www.asso-audrey.org\/index.php?rest_route=\/wp\/v2\/pages\/243","targetHints":{"allow":["GET"]}}],"collection":[{"href":"https:\/\/www.asso-audrey.org\/index.php?rest_route=\/wp\/v2\/pages"}],"about":[{"href":"https:\/\/www.asso-audrey.org\/index.php?rest_route=\/wp\/v2\/types\/page"}],"author":[{"embeddable":true,"href":"https:\/\/www.asso-audrey.org\/index.php?rest_route=\/wp\/v2\/users\/1"}],"replies":[{"embeddable":true,"href":"https:\/\/www.asso-audrey.org\/index.php?rest_route=%2Fwp%2Fv2%2Fcomments&post=243"}],"version-history":[{"count":2,"href":"https:\/\/www.asso-audrey.org\/index.php?rest_route=\/wp\/v2\/pages\/243\/revisions"}],"predecessor-version":[{"id":246,"href":"https:\/\/www.asso-audrey.org\/index.php?rest_route=\/wp\/v2\/pages\/243\/revisions\/246"}],"up":[{"embeddable":true,"href":"https:\/\/www.asso-audrey.org\/index.php?rest_route=\/wp\/v2\/pages\/173"}],"wp:attachment":[{"href":"https:\/\/www.asso-audrey.org\/index.php?rest_route=%2Fwp%2Fv2%2Fmedia&parent=243"}],"wp:term":[{"taxonomy":"folder","embeddable":true,"href":"https:\/\/www.asso-audrey.org\/index.php?rest_route=%2Fwp%2Fv2%2Ffolder&post=243"}],"curies":[{"name":"wp","href":"https:\/\/api.w.org\/{rel}","templated":true}]}}