{"id":217,"date":"2020-03-14T17:54:28","date_gmt":"2020-03-14T16:54:28","guid":{"rendered":"http:\/\/www.asso-audrey.org\/?page_id=217"},"modified":"2020-03-14T18:01:37","modified_gmt":"2020-03-14T17:01:37","slug":"les-differents-types-de-meningite","status":"publish","type":"page","link":"https:\/\/www.asso-audrey.org\/?page_id=217","title":{"rendered":"Les diff\u00e9rents types de m\u00e9ningite"},"content":{"rendered":"\n<h2 class=\"is-style-vk-heading-background_fill_lightgray wp-block-heading\">Les diff\u00e9rents types de m\u00e9ningite<\/h2>\n\n\n\n<p> <br><\/p>\n\n\n\n<h3 class=\"is-style-vk-heading-both_ends wp-block-heading\"><strong>La m\u00e9ningite virale<\/strong><\/h3>\n\n\n<p>La&nbsp;<b>m\u00e9ningite virale<\/b>&nbsp;est la forme de m\u00e9ningite&nbsp;<b>la plus fr\u00e9quente<\/b>&nbsp;et g\u00e9n\u00e9ralement&nbsp;<b>la moins grave<\/b>. Elle peut \u00eatre caus\u00e9e par une grande diversit\u00e9 de virus courants (oreillons, varicelle, rougeole,\u2026). Elle gu\u00e9rit la plupart du temps&nbsp;<b>spontan\u00e9ment en 3 \u00e0 8 jours<\/b>&nbsp;et ne n\u00e9cessite&nbsp;<b>pas de traitement particulier.<br><\/b><br>Actuellement la couverture vaccinale des enfants prot\u00e8ge d\u2019un certain nombre de virus potentiellement responsables de m\u00e9ningites.<\/p>\n\n\n<h3 class=\"is-style-vk-heading-both_ends wp-block-heading\"><strong>La m\u00e9ningite bact\u00e9rienne<\/strong><\/h3>\n\n\n<p>Les&nbsp;<b>m\u00e9ningites bact\u00e9riennes<\/b>&nbsp;sont&nbsp;<b>moins fr\u00e9quentes<\/b>&nbsp;mais&nbsp;<b>plus graves<\/b>&nbsp;que les m\u00e9ningites virales. Elles peuvent entra\u00eener de&nbsp;<b>s\u00e9v\u00e8res s\u00e9quelles<\/b>&nbsp;(surdit\u00e9, c\u00e9cit\u00e9, paralysie, coma, \u2026) et&nbsp;<b>potentiellement le d\u00e9c\u00e8s<\/b>.<\/p>\n<p>Environ&nbsp;<b>70 %<\/b>&nbsp;des cas surviennent&nbsp;<b>avant l\u2019\u00e2ge de 5 ans<\/b>.<\/p>\n<p>Ces bact\u00e9ries se retrouvent couramment&nbsp;<b>au niveau du nez et du pharynx<\/b>. Leur transmission se fait par les s\u00e9cr\u00e9tions naso-pharyng\u00e9es contamin\u00e9es (postillons, \u00e9ternuements,\u2026)<\/p>\n<p>Elles deviennent particuli\u00e8rement dangereuses lorsqu\u2019elles passent dans le sang circulant (septic\u00e9mie) et atteignent les m\u00e9ninges.<\/p>\n<p>Les principales bact\u00e9ries responsables de m\u00e9ningites aujourd\u2019hui en France sont le&nbsp;<b>pneumocoque<\/b>&nbsp;et le&nbsp;<b>m\u00e9ningocoque.<br><\/b><br>*&nbsp;<i>M\u00e9ningite \u00e0 pneumocoque&nbsp;:<\/i><\/p>\n<p>En France, les&nbsp;<b>infections \u00e0 pneumocoque<\/b>&nbsp;sont les premi\u00e8res causes de d\u00e9c\u00e8s d\u00fb \u00e0 des infections bact\u00e9riennes chez l\u2019enfant de moins de 2 ans. Le pneumocoque est un germe tr\u00e8s r\u00e9pandu chez les enfants. En g\u00e9n\u00e9ral b\u00e9nin, il peut provoquer dans certains cas&nbsp;<b>une otite<\/b>,&nbsp;<b>une pneumonie<\/b>&nbsp;ou encore&nbsp;<b>une m\u00e9ningite.<\/b><\/p>\n<p>Le pneumocoque existe sous&nbsp;<b>diff\u00e9rentes formes appel\u00e9es s\u00e9rotypes<\/b>. Un&nbsp;<b>vaccin&nbsp;<\/b>contre les sept s\u00e9rotypes de pneumocoque les plus fr\u00e9quents est disponible et&nbsp;<b>recommand\u00e9 d\u00e8s l\u2019\u00e2ge de 2 mois<\/b>.<\/p>\n<p>*&nbsp;<i>M\u00e9ningite \u00e0 m\u00e9ningocoque&nbsp;:<\/i><\/p>\n<p>Il existe de&nbsp;<b>nombreux types de<\/b><b>m\u00e9ningocoques<\/b>&nbsp;(s\u00e9rogroupes). En France, les s\u00e9rogroupes B, C et W 135 sont les plus fr\u00e9quemment retrouv\u00e9s dans des cas de m\u00e9ningites.<\/p>\n<p><img data-recalc-dims=\"1\" loading=\"lazy\" decoding=\"async\" class=\"size-medium wp-image-56 alignleft\" src=\"https:\/\/i0.wp.com\/www.asso-audrey.org\/wp-content\/uploads\/2020\/03\/purpurameningo2.jpg?resize=300%2C225&#038;ssl=1\" alt=\"\" width=\"300\" height=\"225\" srcset=\"https:\/\/i0.wp.com\/www.asso-audrey.org\/wp-content\/uploads\/2020\/03\/purpurameningo2.jpg?resize=300%2C225&amp;ssl=1 300w, https:\/\/i0.wp.com\/www.asso-audrey.org\/wp-content\/uploads\/2020\/03\/purpurameningo2.jpg?resize=1024%2C768&amp;ssl=1 1024w, https:\/\/i0.wp.com\/www.asso-audrey.org\/wp-content\/uploads\/2020\/03\/purpurameningo2.jpg?resize=768%2C576&amp;ssl=1 768w, https:\/\/i0.wp.com\/www.asso-audrey.org\/wp-content\/uploads\/2020\/03\/purpurameningo2.jpg?resize=1536%2C1152&amp;ssl=1 1536w, https:\/\/i0.wp.com\/www.asso-audrey.org\/wp-content\/uploads\/2020\/03\/purpurameningo2.jpg?w=1600&amp;ssl=1 1600w, https:\/\/i0.wp.com\/www.asso-audrey.org\/wp-content\/uploads\/2020\/03\/purpurameningo2.jpg?w=1296&amp;ssl=1 1296w\" sizes=\"auto, (max-width: 300px) 100vw, 300px\" \/>Dans&nbsp;<b>30 %<\/b>&nbsp;des cas d\u2019infections invasives \u00e0 m\u00e9ningocoque, se d\u00e9clare une&nbsp;<b>infection redoutable<\/b>&nbsp;avec un taux de mortalit\u00e9 important&nbsp;: le&nbsp;<i><b>purpura fulminan<\/b><\/i>. Il se manifeste par une \u00e9ruption de&nbsp;<b>taches rouges sur la peau<\/b>. La survenue de ce sympt\u00f4me est un signe d\u2019extr\u00eame gravit\u00e9, imposant une hospitalisation d\u2019urgence.<br>Des vaccins contre les m\u00e9ningocoques A, C, Y et W 135 sont disponibles. La&nbsp;<b>vaccination est recommand\u00e9e<\/b><b>pour les personnes ayant \u00e9t\u00e9 en contact avec le malade<\/b>&nbsp;et dans certains&nbsp;<b>pays o\u00f9 l\u2019infection est fr\u00e9quente.<\/b><\/p><b>\n<\/b><p><b><\/b>Il n\u2019existe pas de vaccin \u00e9quivalent contre le m\u00e9ningocoque du s\u00e9rogroupe B&nbsp;; quelques pays ont d\u00e9velopp\u00e9 des vaccins sp\u00e9cifiques de certaines souches,utilis\u00e9s pour r\u00e9pondre \u00e0 une \u00e9pid\u00e9mie locale.<\/p>\n\n\n<p><\/p>\n","protected":false},"excerpt":{"rendered":"<p>Les diff\u00e9rents types de m\u00e9ningite La m\u00e9ningite virale La&nbsp;m\u00e9ningite virale&nbsp;est la forme de m\u00e9ningite&nbsp;la plus fr\u00e9quente&nbsp;et g\u00e9n\u00e9ralement&nbsp;la moins grave. Elle peut \u00eatre caus\u00e9e par une grande diversit\u00e9 de virus courants (oreillons, varicelle, rougeole,\u2026). Elle gu\u00e9rit la plupart du temps&nbsp;spontan\u00e9ment en 3 \u00e0 8 jours&nbsp;et ne n\u00e9cessite&nbsp;pas de traitement particulier.Actuellement la couverture vaccinale des enfants prot\u00e8ge [&hellip;]<\/p>\n","protected":false},"author":1,"featured_media":0,"parent":173,"menu_order":3,"comment_status":"closed","ping_status":"closed","template":"","meta":{"vkexunit_cta_each_option":"","footnotes":""},"folder":[],"class_list":["post-217","page","type-page","status-publish","hentry"],"jetpack_shortlink":"https:\/\/wp.me\/PbNfD9-3v","jetpack_sharing_enabled":true,"_links":{"self":[{"href":"https:\/\/www.asso-audrey.org\/index.php?rest_route=\/wp\/v2\/pages\/217","targetHints":{"allow":["GET"]}}],"collection":[{"href":"https:\/\/www.asso-audrey.org\/index.php?rest_route=\/wp\/v2\/pages"}],"about":[{"href":"https:\/\/www.asso-audrey.org\/index.php?rest_route=\/wp\/v2\/types\/page"}],"author":[{"embeddable":true,"href":"https:\/\/www.asso-audrey.org\/index.php?rest_route=\/wp\/v2\/users\/1"}],"replies":[{"embeddable":true,"href":"https:\/\/www.asso-audrey.org\/index.php?rest_route=%2Fwp%2Fv2%2Fcomments&post=217"}],"version-history":[{"count":7,"href":"https:\/\/www.asso-audrey.org\/index.php?rest_route=\/wp\/v2\/pages\/217\/revisions"}],"predecessor-version":[{"id":239,"href":"https:\/\/www.asso-audrey.org\/index.php?rest_route=\/wp\/v2\/pages\/217\/revisions\/239"}],"up":[{"embeddable":true,"href":"https:\/\/www.asso-audrey.org\/index.php?rest_route=\/wp\/v2\/pages\/173"}],"wp:attachment":[{"href":"https:\/\/www.asso-audrey.org\/index.php?rest_route=%2Fwp%2Fv2%2Fmedia&parent=217"}],"wp:term":[{"taxonomy":"folder","embeddable":true,"href":"https:\/\/www.asso-audrey.org\/index.php?rest_route=%2Fwp%2Fv2%2Ffolder&post=217"}],"curies":[{"name":"wp","href":"https:\/\/api.w.org\/{rel}","templated":true}]}}