{"id":173,"date":"2020-03-14T17:12:09","date_gmt":"2020-03-14T16:12:09","guid":{"rendered":"http:\/\/www.asso-audrey.org\/?page_id=173"},"modified":"2020-03-14T17:36:58","modified_gmt":"2020-03-14T16:36:58","slug":"la-meningite","status":"publish","type":"page","link":"https:\/\/www.asso-audrey.org\/?page_id=173","title":{"rendered":"La m\u00e9ningite"},"content":{"rendered":"\n<p>   <\/p>\n\n\n\n<h1 class=\"has-light-green-cyan-color has-text-color is-style-vk-heading-both_ends wp-block-heading\"><strong>La maladie<\/strong><\/h1>\n\n\n<p>Les m\u00e9ningites sont des\u00a0<b>affections<\/b>\u00a0qui peuvent \u00eatre graves. Elles n\u00e9cessitent donc une\u00a0<b>prise en charge rapide et adapt\u00e9e.<br \/><\/b><br \/>Elles concernent toutes les tranches d\u2019\u00e2ge de la population, mais\u00a0<b>plus particuli\u00e8rement les enfants en bas \u00e2ge et les adolescents.<br \/><\/b><br \/>Les m\u00e9ninges sont form\u00e9es de feuillets enveloppant le cerveau et moelle \u00e9pini\u00e8re. Elles contiennent un liquide appel\u00e9 \u00ab\u00a0liquide c\u00e9phalorachidien\u00a0\u00bb (LCR), normalement st\u00e9rile. Lorsqu\u2019un germe envahit le LCR et s\u2019y d\u00e9veloppe, il provoque une\u00a0<b>inflammation des m\u00e9ninges<\/b>, appel\u00e9e \u00ab\u00a0m\u00e9ningite\u00a0\u00bb.<\/p>\n<p>Bien que les sympt\u00f4mes soient similaires, il existe\u00a0<b>diff\u00e9rents types de m\u00e9ningites<\/b>, suivant le germe en cause\u00a0:<\/p>\n<p><b>&#8211;\u00a0\u00a0\u00a0\u00a0\u00a0\u00a0\u00a0\u00a0\u00a0 Les m\u00e9ningites virales<\/b><\/p>\n<p><b>&#8211;\u00a0\u00a0\u00a0\u00a0\u00a0\u00a0\u00a0\u00a0\u00a0 Les m\u00e9ningites bact\u00e9riennes.<br \/><br \/><\/b><\/p>\n\n\n<h1 class=\"has-light-green-cyan-color has-text-color is-style-vk-heading-both_ends wp-block-heading\"><strong> Diff\u00e9rents types de m\u00e9ningite <\/strong><\/h1>\n\n\n<p><b><u>La m\u00e9ningite virale&nbsp;:<br><\/u><\/b><br>La&nbsp;<b>m\u00e9ningite virale<\/b>&nbsp;est la forme de m\u00e9ningite&nbsp;<b>la plus fr\u00e9quente<\/b>&nbsp;et g\u00e9n\u00e9ralement&nbsp;<b>la moins grave<\/b>. Elle peut \u00eatre caus\u00e9e par une grande diversit\u00e9 de virus courants (oreillons, varicelle, rougeole,\u2026). Elle gu\u00e9rit la plupart du temps&nbsp;<b>spontan\u00e9ment en 3 \u00e0 8 jours<\/b>&nbsp;et ne n\u00e9cessite&nbsp;<b>pas de traitement particulier.<br><\/b><br>Actuellement la couverture vaccinale des enfants prot\u00e8ge d\u2019un certain nombre de virus potentiellement responsables de m\u00e9ningites.<\/p>\n<p><b><u>La m\u00e9ningite bact\u00e9rienne&nbsp;:<\/u><\/b><\/p>\n<p>Les&nbsp;<b>m\u00e9ningites bact\u00e9riennes<\/b>&nbsp;sont&nbsp;<b>moins fr\u00e9quentes<\/b>&nbsp;mais&nbsp;<b>plus graves<\/b>&nbsp;que les m\u00e9ningites virales. Elles peuvent entra\u00eener de&nbsp;<b>s\u00e9v\u00e8res s\u00e9quelles&nbsp;<\/b>(surdit\u00e9, c\u00e9cit\u00e9, paralysie, coma, \u2026) et&nbsp;<b>potentiellement le d\u00e9c\u00e8s.<\/b><\/p><b>\n<\/b><p><b><\/b>Environ&nbsp;<b>70 %<\/b>&nbsp;des cas surviennent&nbsp;<b>avant l\u2019\u00e2ge de 5 ans<\/b>.<\/p>\n<p>Ces bact\u00e9ries se retrouvent couramment&nbsp;<b>au niveau du nez et du pharynx.<\/b>&nbsp;Leur transmission se fait par les s\u00e9cr\u00e9tions naso-pharyng\u00e9es contamin\u00e9es (postillons, \u00e9ternuements,\u2026)<\/p>\n<p>Elles deviennent particuli\u00e8rement dangereuses lorsqu\u2019elles passent dans le sang circulant (septic\u00e9mie) et atteignent les m\u00e9ninges.<\/p>\n<p>Les principales bact\u00e9ries responsables de m\u00e9ningites aujourd\u2019hui en France sont le&nbsp;<b>pneumocoque<\/b>&nbsp;et le&nbsp;<b>m\u00e9ningocoque.<\/b><\/p>\n<p><i>* M\u00e9ningite \u00e0 pneumocoque&nbsp;:<\/i><\/p>\n<p>En France, les&nbsp;<b>infections \u00e0 pneumocoque<\/b>&nbsp;sont les premi\u00e8res causes de d\u00e9c\u00e8s d\u00fb \u00e0 des infections bact\u00e9riennes chez l\u2019enfant de moins de 2 ans. Le pneumocoque est un germe tr\u00e8s r\u00e9pandu chez les enfants. En g\u00e9n\u00e9ral b\u00e9nin, il peut provoquer dans certains cas une&nbsp;<b>otite<\/b>, une&nbsp;<b>pneumonie<\/b>&nbsp;ou encore une&nbsp;<b>m\u00e9ningite<\/b>.<\/p>\n<p>Le&nbsp;<b>pneumocoque<\/b>&nbsp;existe sous&nbsp;<b>diff\u00e9rentes formes appel\u00e9es s\u00e9rotypes.<\/b>&nbsp;Un&nbsp;<b>vaccin<\/b>&nbsp;contre les sept s\u00e9rotypes de pneumocoque les plus fr\u00e9quents est disponible et&nbsp;<b>recommand\u00e9 d\u00e8s l\u2019\u00e2ge de 2 mois.<\/b><\/p>\n<p>*&nbsp;<i>M\u00e9ningite \u00e0 m\u00e9ningocoque&nbsp;:<\/i><\/p>\n<p>Il existe de&nbsp;<b>nombreux types de m\u00e9ningocoques<\/b>&nbsp;(s\u00e9rogroupes). En France, les s\u00e9rogroupes B, C et W 135 sont les plus fr\u00e9quemment retrouv\u00e9s dans des cas de m\u00e9ningites.<\/p>\n<p><img data-recalc-dims=\"1\" loading=\"lazy\" decoding=\"async\" class=\"size-medium wp-image-174 alignleft\" src=\"https:\/\/i0.wp.com\/www.asso-audrey.org\/wp-content\/uploads\/2020\/03\/dsc00022.jpg?resize=300%2C225&#038;ssl=1\" alt=\"\" width=\"300\" height=\"225\" srcset=\"https:\/\/i0.wp.com\/www.asso-audrey.org\/wp-content\/uploads\/2020\/03\/dsc00022.jpg?resize=300%2C225&amp;ssl=1 300w, https:\/\/i0.wp.com\/www.asso-audrey.org\/wp-content\/uploads\/2020\/03\/dsc00022.jpg?resize=1024%2C768&amp;ssl=1 1024w, https:\/\/i0.wp.com\/www.asso-audrey.org\/wp-content\/uploads\/2020\/03\/dsc00022.jpg?resize=768%2C576&amp;ssl=1 768w, https:\/\/i0.wp.com\/www.asso-audrey.org\/wp-content\/uploads\/2020\/03\/dsc00022.jpg?resize=1536%2C1152&amp;ssl=1 1536w, https:\/\/i0.wp.com\/www.asso-audrey.org\/wp-content\/uploads\/2020\/03\/dsc00022.jpg?w=1600&amp;ssl=1 1600w, https:\/\/i0.wp.com\/www.asso-audrey.org\/wp-content\/uploads\/2020\/03\/dsc00022.jpg?w=1296&amp;ssl=1 1296w\" sizes=\"auto, (max-width: 300px) 100vw, 300px\" \/>Dans&nbsp;<b>30 %<\/b>&nbsp;des cas d\u2019infections invasives \u00e0 m\u00e9ningocoque, se d\u00e9clare une&nbsp;<b>infection redoutable<\/b>&nbsp;avec un taux de mortalit\u00e9 important&nbsp;: le&nbsp;<i><b>purpura fulminan<\/b><\/i>. Il se manifeste par une \u00e9ruption de&nbsp;<b>taches rouges sur la peau<\/b>. La survenue de ce sympt\u00f4me est un signe d\u2019extr\u00eame gravit\u00e9, imposant une hospitalisation d\u2019urgence.<br>Des&nbsp;<b>vaccins contre les m\u00e9ningocoques A, C, Y et W 135 sont disponibles.<\/b>&nbsp;La vaccination est&nbsp;<b>recommand\u00e9e<\/b>&nbsp;pour les personnes&nbsp;<b>ayant \u00e9t\u00e9 en contact avec le malade<\/b>&nbsp;et dans certains&nbsp;<b>pays o\u00f9 l\u2019infection est fr\u00e9quente.<br><\/b><br>Il n\u2019existe pas de vaccin \u00e9quivalent contre le m\u00e9ningocoque du s\u00e9rogroupe B&nbsp;; quelques pays ont d\u00e9velopp\u00e9 des vaccins sp\u00e9cifiques de certaines souches,utilis\u00e9s pour r\u00e9pondre \u00e0 une \u00e9pid\u00e9mie locale.<\/p>\n\n\n<h1 class=\"has-light-green-cyan-color has-text-color is-style-vk-heading-both_ends wp-block-heading\"> <strong>Cons\u00e9quences <\/strong><\/h1>\n\n\n<p>Cette maladie entra\u00eene des cons\u00e9quences plus ou moins grave pour le malade en fonction du type de m\u00e9ningite dont il est atteint.<\/p>\n<p>En effet, s\u2019il est atteint d\u2019une&nbsp;<b>m\u00e9ningite virale<\/b>, m\u00e9ningite la plus fr\u00e9quente, le malade sera gu\u00e9rit spontan\u00e9ment&nbsp;<b>entre 3 \u00e0 8 jours<\/b>. Cette gu\u00e9rison ne n\u00e9cessite&nbsp;<b>pas de traitement particulier.<br><\/b><br>En cas de&nbsp;<b>m\u00e9ningite bact\u00e9rienne<\/b>, m\u00e9ningites les moins fr\u00e9quentes mais les plus graves, la maladie peut entra\u00eener de&nbsp;<b>lourdes s\u00e9quelles<\/b>&nbsp;comme la surdit\u00e9, la c\u00e9cit\u00e9, la paralysie, le coma, apparition de taches rouges sur la peau, s\u00e9quelles neurologiques, \u00e9pilepsie\u2026 et parfois m\u00eame&nbsp;<b>le d\u00e9c\u00e8s<\/b>.<\/p>\n\n\n<div class=\"wp-block-group\"><div class=\"wp-block-group__inner-container is-layout-flow wp-block-group-is-layout-flow\">\n<figure class=\"wp-block-gallery aligncenter columns-2 is-cropped wp-block-gallery-1 is-layout-flex wp-block-gallery-is-layout-flex\"><ul class=\"blocks-gallery-grid\"><li class=\"blocks-gallery-item\"><figure><img data-recalc-dims=\"1\" loading=\"lazy\" decoding=\"async\" width=\"588\" height=\"894\" src=\"https:\/\/i0.wp.com\/www.asso-audrey.org\/wp-content\/uploads\/2020\/03\/jambe.jpg?resize=588%2C894&#038;ssl=1\" alt=\"\" data-id=\"177\" class=\"wp-image-177\" srcset=\"https:\/\/i0.wp.com\/www.asso-audrey.org\/wp-content\/uploads\/2020\/03\/jambe.jpg?w=588&amp;ssl=1 588w, https:\/\/i0.wp.com\/www.asso-audrey.org\/wp-content\/uploads\/2020\/03\/jambe.jpg?resize=197%2C300&amp;ssl=1 197w\" sizes=\"auto, (max-width: 588px) 100vw, 588px\" \/><figcaption class=\"blocks-gallery-item__caption\">T\u00e2ches du Purpura Fulminans<\/figcaption><\/figure><\/li><li class=\"blocks-gallery-item\"><figure><img data-recalc-dims=\"1\" loading=\"lazy\" decoding=\"async\" width=\"393\" height=\"331\" src=\"https:\/\/i0.wp.com\/www.asso-audrey.org\/wp-content\/uploads\/2020\/03\/main.jpg?resize=393%2C331&#038;ssl=1\" alt=\"\" data-id=\"178\" data-full-url=\"https:\/\/www.asso-audrey.org\/wp-content\/uploads\/2020\/03\/main.jpg\" data-link=\"https:\/\/www.asso-audrey.org\/index.php\/la-meningite\/main\/#main\" class=\"wp-image-178\" srcset=\"https:\/\/i0.wp.com\/www.asso-audrey.org\/wp-content\/uploads\/2020\/03\/main.jpg?w=393&amp;ssl=1 393w, https:\/\/i0.wp.com\/www.asso-audrey.org\/wp-content\/uploads\/2020\/03\/main.jpg?resize=300%2C253&amp;ssl=1 300w\" sizes=\"auto, (max-width: 393px) 100vw, 393px\" \/><figcaption class=\"blocks-gallery-item__caption\"> Br\u00fblures au 3\u00e8me degr\u00e9 <\/figcaption><\/figure><\/li><\/ul><\/figure>\n<\/div><\/div>\n\n\n\n<h1 class=\"has-light-green-cyan-color has-text-color is-style-vk-heading-both_ends wp-block-heading\"> <strong>Sympt\u00f4mes<\/strong> <\/h1>\n\n\n<p>Les signes d\u2019alarme&nbsp;:<\/p>\n<p>&#8211;&nbsp;&nbsp;&nbsp;&nbsp;&nbsp;&nbsp;&nbsp;&nbsp;&nbsp; Fi\u00e8vre brutale (39\u00b0C- 40\u00b0C)<\/p>\n<p>&#8211;&nbsp;&nbsp;&nbsp;&nbsp;&nbsp;&nbsp;&nbsp;&nbsp;&nbsp; C\u00e9phal\u00e9es (douleurs locales ressenties au niveau de la bo\u00eete cr\u00e2nienne)<\/p>\n<p>&#8211;&nbsp;&nbsp;&nbsp;&nbsp;&nbsp;&nbsp;&nbsp;&nbsp;&nbsp; Courbatures, raideur de la nuque<\/p>\n<p>&#8211;&nbsp;&nbsp;&nbsp;&nbsp;&nbsp;&nbsp;&nbsp;&nbsp;&nbsp; Naus\u00e9es, vomissements<\/p>\n<p>&#8211;&nbsp;&nbsp;&nbsp;&nbsp;&nbsp;&nbsp;&nbsp;&nbsp;&nbsp; Sensibilit\u00e9 anormale \u00e0 la lumi\u00e8re vive<\/p>\n<p>&#8211;&nbsp;&nbsp;&nbsp;&nbsp;&nbsp;&nbsp;&nbsp;&nbsp;&nbsp; Taches rouges (purpura) sur le corps<\/p>\n<p>&#8211;&nbsp;&nbsp;&nbsp;&nbsp;&nbsp;&nbsp;&nbsp;&nbsp;&nbsp; Somnolence<\/p>\n<p>Chez le&nbsp;<b>nourrisson<\/b>, les sympt\u00f4mes sont souvent moins sp\u00e9cifiques&nbsp;: rester attentif en cas de&nbsp;<b>fi\u00e8vre<\/b>&nbsp;associ\u00e9e \u00e0 des&nbsp;<b>modifications du comportement<\/b>&nbsp;(pleurs, refus de manger, somnolence, \u2026)<\/p>\n<p>Chez les&nbsp;<b>nouveau-n\u00e9s<\/b>, la&nbsp;<b>nuque<\/b>&nbsp;peut \u00eatre&nbsp;<b>molle<\/b>&nbsp;et la&nbsp;<b>fontanelle<\/b>&nbsp;(partie molle sur le sommet du cr\u00e2ne)&nbsp;<b>bomb\u00e9e<\/b>.<\/p>\n\n\n<h1 class=\"has-light-green-cyan-color has-text-color is-style-vk-heading-both_ends wp-block-heading\"> <strong>Facteurs \u00e0 risque<\/strong> <\/h1>\n\n\n<p>Les facteurs \u00e0 risque sont notamment&nbsp;:<\/p>\n<p>&#8211;&nbsp;&nbsp;&nbsp;&nbsp;&nbsp;&nbsp;&nbsp;&nbsp;&nbsp; Avoir des&nbsp;<b>contacts physiques<\/b>&nbsp;avec une personne infect\u00e9e par la m\u00e9ningite<br>(Ex&nbsp;: \u00e9change de salive par des baisers, des \u00e9ternuements, s\u2019\u00e9changer les verres, la cigarette, \u2026)<\/p>\n<p>&#8211;&nbsp;&nbsp;&nbsp;&nbsp;&nbsp;&nbsp;&nbsp;&nbsp;&nbsp; Partir dans un&nbsp;<b>pays o\u00f9 la maladie est tr\u00e8s pr\u00e9sente<\/b>&nbsp;(le mieux est de s\u2019informer avant de partir)<\/p>\n<p>&#8211;&nbsp;&nbsp;&nbsp;&nbsp;&nbsp;&nbsp;&nbsp;&nbsp;&nbsp;&nbsp;<b>Fumer&nbsp;<\/b>(la m\u00e9ningite peut toucher les fumeurs&nbsp;<b>ACTIFS ET PASSIFS)<br><\/b>&nbsp;<br>&#8211;&nbsp;&nbsp;&nbsp;&nbsp;&nbsp;&nbsp;&nbsp;&nbsp;&nbsp; La&nbsp;<b>fatigue<\/b>&nbsp;et le&nbsp;<b>stress&nbsp;<\/b>affaiblissent le syst\u00e8me immunitaire et vous prot\u00e8ge moins bien des risques de maladie.<\/p>\n<p>Si vous suspecter un cas de m\u00e9ningite, il faut amener le patient au plus vite aupr\u00e8s d\u2019un m\u00e9decin. Devant tout&nbsp;<b>soup\u00e7on de m\u00e9ningite<\/b>, le m\u00e9decin&nbsp;<b>hospitalisera imm\u00e9diatement<\/b>&nbsp;le patient.<\/p>\n<p>Une&nbsp;<b>ponction lombaire<\/b>&nbsp;(pr\u00e9l\u00e8vement de liquide c\u00e9phalorachidien) permettra d\u2019identifier la bact\u00e9rie ou le virus responsable de la m\u00e9ningite. Cela permettra&nbsp;<b>d\u2019adapter le traitement<\/b>&nbsp;en fonction du type de m\u00e9ningite dont est atteint le patient.<\/p>\n<p>S\u2019il s\u2019agit d\u2019une&nbsp;<b>m\u00e9ningite \u00e0 m\u00e9ningocoque<\/b>, un&nbsp;<b>traitement pr\u00e9ventif&nbsp;<\/b>(antibioth\u00e9rapie, vaccination) sera propos\u00e9 aux personnes&nbsp;<b>ayant eu un contact \u00e9troit et prolong\u00e9 avec le malade<\/b>.<\/p>\n\n\n<h1 class=\"has-light-green-cyan-color has-text-color is-style-vk-heading-both_ends wp-block-heading\"><strong> Traitements <\/strong><\/h1>\n\n\n<p>Pour une\u00a0<b>gu\u00e9rison rapide d\u2019une m\u00e9ningite virale<\/b>, le malade doit associer trois choses essentielles\u00a0:\u00a0<b>beaucoup de repos<\/b>,\u00a0<b>boire beaucoup<\/b>\u00a0et avoir une\u00a0<b>bonne nutrition.<\/b>\u00a0Il peut continuer \u00e0 prendre les rem\u00e8des habituels en ce qui concerne la fi\u00e8vre.<\/p>\n<p><img data-recalc-dims=\"1\" loading=\"lazy\" decoding=\"async\" class=\"size-full wp-image-184 alignleft\" src=\"https:\/\/i0.wp.com\/www.asso-audrey.org\/wp-content\/uploads\/2020\/03\/attention_pano.jpg?resize=118%2C107&#038;ssl=1\" alt=\"\" width=\"118\" height=\"107\" \/><b>ATTENTION, l\u2019aspirine est vivement d\u00e9conseill\u00e9e<\/b>\u00a0lors d\u2019une\u00a0<b>m\u00e9ningite virale<\/b>\u00a0puisqu\u2019elle peut occasionner le syndr\u00f4me de Reye,\u00a0<b>maladie grave qui affecte le cerveau et le foie.<br \/>Lors d\u2019une\u00a0m\u00e9ningite bact\u00e9rienne, seul le\u00a0traitement aux \u00a0antibiotiques\u00a0est efficace pour \u00e9radiquer la maladie chez le malade.<br \/><br \/>Des\u00a0vaccins contre les m\u00e9ningocoques A, C, Y et W 135\u00a0sont actuellement\u00a0disponibles. Ils sont\u00a0vivement conseill\u00e9s\u00a0pour les\u00a0personnes ayant \u00e9t\u00e9 en contact avec un des facteurs \u00e0 risque\u00a0(ex\u00a0: contact avec un malade, pays o\u00f9 il y a des \u00e9pid\u00e9mies, \u2026).<br \/><\/b><\/p>\n\n\n<h1 class=\"has-light-green-cyan-color has-text-color is-style-vk-heading-both_ends wp-block-heading\"><strong>Pr\u00e9vention<\/strong><\/h1>\n\n\n<p>La m\u00e9ningite est une maladie qui peut occasionner de lourdes cons\u00e9quences pour le malade. D\u00e8s qu\u2019un doute s\u2019installe, il faut aller rapidement consulter un m\u00e9decin.<br \/><br \/>Certains types de\u00a0<b>m\u00e9ningite bact\u00e9rienne<\/b>\u00a0peuvent \u00eatre pr\u00e9venus par la\u00a0<b>vaccination<\/b>, mais pas tous.<br \/><br \/><b>Aucun vaccin n\u2019existe contre la m\u00e9ningite \u00e0 m\u00e9ningocoque de type\u00a0B<\/b>. Deux types de vaccins contre le m\u00e9ningocoque sont possibles\u00a0: celui qui offre une protection multiple et celui qui offre la seule protection contre le s\u00e9rotype\u00a0C.<br \/>\u00a0<br \/>Il existe un\u00a0<b>vaccin contre le pneumocoque<\/b>, par ailleurs celui-ci est recommand\u00e9 aux jeunes parents afin qu\u2019il le fasse administrer aux\u00a0<b>enfants entre 2 mois et 4 ans<\/b>\u00a0afin de r\u00e9duire le risque de m\u00e9ningite bact\u00e9rienne.<br \/><br \/>Il est fortement conseill\u00e9 aux malades atteints de\u00a0<b>m\u00e9ningite bact\u00e9rienne<\/b>\u00a0d\u2019avoir un\u00a0<b>mode de vie sain<\/b>\u00a0(ex\u00a0: manger sainement, prendre du repos,\u2026) et une\u00a0<b>bonne hygi\u00e8ne<\/b>\u00a0de vie (ex\u00a0: se laver les mains souvent,\u2026)<\/p>\n\n\n<h1 class=\"has-light-green-cyan-color has-text-color is-style-vk-heading-both_ends wp-block-heading\"> <strong>Chiffres cl\u00e9s <\/strong><\/h1>\n\n\n<p>Environ\u00a0<b>70 %<\/b>\u00a0des cas de\u00a0<b>m\u00e9ningite bact\u00e9rienne<\/b>\u00a0surviennent\u00a0<b>avant l&rsquo;\u00e2ge de 5 ans<\/b>.<br \/><br \/>Dans\u00a0<b>30%<\/b>\u00a0des cas de\u00a0<b>m\u00e9ningite \u00e0 m\u00e9ningocoque<\/b>, l&rsquo;infection redoutable le \u00ab\u00a0<b>purpura fulminans<\/b>\u00a0\u00bb se d\u00e9clare.<br \/><br \/>Dans\u00a0<b>60 %<\/b>\u00a0des cas, le malade ne conserve\u00a0<b>aucune s\u00e9quelle<\/b>\u00a0apr\u00e8s sa gu\u00e9rison,\u00a0<b>20 %<\/b>\u00a0des malades subissent de\u00a0<b>lourdes s\u00e9quelles<\/b>\u00a0comme la surdit\u00e9, la c\u00e9cit\u00e9, la paralysie, le coma,&#8230; Malheureusement, pour les\u00a0<b>20 %<\/b>\u00a0restant la m\u00e9ningite est une\u00a0<b>maladie fatale.<br \/><\/b><br \/>La recrudescence de la m\u00e9ningite est saisonni\u00e8re\u00a0<b>(hiver \/ printemps)<\/b>\u00a0et touche\u00a0<b>1 \u00e0 5 cas pour 100 000 habitants<\/b>\u00a0dans un pays industrialis\u00e9.<br \/><br \/>On compte jusqu&rsquo;\u00e0\u00a0<b>500 000 cas<\/b><b>par an<\/b>\u00a0d&rsquo;infections m\u00e9ningococciques dans le monde.<br \/><br \/>De nos jours, environ\u00a0<b>1.2 millions de cas de m\u00e9ningites bact\u00e9riennes<\/b>\u00a0(m\u00e9ningocoques, pneumocoques) sont\u00a0 recens\u00e9s,\u00a0<b>135 000 cas seront mortels.<\/b><\/p>\n\n\n<p><\/p>\n","protected":false},"excerpt":{"rendered":"<p>La maladie Les m\u00e9ningites sont des\u00a0affections\u00a0qui peuvent \u00eatre graves. Elles n\u00e9cessitent donc une\u00a0prise en charge rapide et adapt\u00e9e.Elles concernent toutes les tranches d\u2019\u00e2ge de la population, mais\u00a0plus particuli\u00e8rement les enfants en bas \u00e2ge et les adolescents.Les m\u00e9ninges sont form\u00e9es de feuillets enveloppant le cerveau et moelle \u00e9pini\u00e8re. Elles contiennent un liquide appel\u00e9 \u00ab\u00a0liquide c\u00e9phalorachidien\u00a0\u00bb (LCR), [&hellip;]<\/p>\n","protected":false},"author":1,"featured_media":0,"parent":0,"menu_order":0,"comment_status":"closed","ping_status":"closed","template":"","meta":{"vkexunit_cta_each_option":"","footnotes":""},"folder":[],"class_list":["post-173","page","type-page","status-publish","hentry"],"jetpack_shortlink":"https:\/\/wp.me\/PbNfD9-2N","jetpack_sharing_enabled":true,"_links":{"self":[{"href":"https:\/\/www.asso-audrey.org\/index.php?rest_route=\/wp\/v2\/pages\/173","targetHints":{"allow":["GET"]}}],"collection":[{"href":"https:\/\/www.asso-audrey.org\/index.php?rest_route=\/wp\/v2\/pages"}],"about":[{"href":"https:\/\/www.asso-audrey.org\/index.php?rest_route=\/wp\/v2\/types\/page"}],"author":[{"embeddable":true,"href":"https:\/\/www.asso-audrey.org\/index.php?rest_route=\/wp\/v2\/users\/1"}],"replies":[{"embeddable":true,"href":"https:\/\/www.asso-audrey.org\/index.php?rest_route=%2Fwp%2Fv2%2Fcomments&post=173"}],"version-history":[{"count":17,"href":"https:\/\/www.asso-audrey.org\/index.php?rest_route=\/wp\/v2\/pages\/173\/revisions"}],"predecessor-version":[{"id":196,"href":"https:\/\/www.asso-audrey.org\/index.php?rest_route=\/wp\/v2\/pages\/173\/revisions\/196"}],"wp:attachment":[{"href":"https:\/\/www.asso-audrey.org\/index.php?rest_route=%2Fwp%2Fv2%2Fmedia&parent=173"}],"wp:term":[{"taxonomy":"folder","embeddable":true,"href":"https:\/\/www.asso-audrey.org\/index.php?rest_route=%2Fwp%2Fv2%2Ffolder&post=173"}],"curies":[{"name":"wp","href":"https:\/\/api.w.org\/{rel}","templated":true}]}}