{"id":148,"date":"2020-03-14T17:03:29","date_gmt":"2020-03-14T16:03:29","guid":{"rendered":"http:\/\/www.asso-audrey.org\/?page_id=148"},"modified":"2020-03-22T19:01:08","modified_gmt":"2020-03-22T18:01:08","slug":"valeurs-et-ethique","status":"publish","type":"page","link":"https:\/\/www.asso-audrey.org\/?page_id=148","title":{"rendered":"Valeurs et \u00e9thique"},"content":{"rendered":"\n<h2 class=\"wp-block-heading\"> Notre volont\u00e9 <br><\/h2>\n\n\n<p><img data-recalc-dims=\"1\" loading=\"lazy\" decoding=\"async\" class=\" wp-image-149 alignleft\" src=\"https:\/\/i0.wp.com\/www.asso-audrey.org\/wp-content\/uploads\/2020\/03\/p1010003.jpg?resize=278%2C209&#038;ssl=1\" alt=\"\" width=\"278\" height=\"209\" srcset=\"https:\/\/i0.wp.com\/www.asso-audrey.org\/wp-content\/uploads\/2020\/03\/p1010003.jpg?resize=300%2C225&amp;ssl=1 300w, https:\/\/i0.wp.com\/www.asso-audrey.org\/wp-content\/uploads\/2020\/03\/p1010003.jpg?resize=1024%2C768&amp;ssl=1 1024w, https:\/\/i0.wp.com\/www.asso-audrey.org\/wp-content\/uploads\/2020\/03\/p1010003.jpg?resize=768%2C576&amp;ssl=1 768w, https:\/\/i0.wp.com\/www.asso-audrey.org\/wp-content\/uploads\/2020\/03\/p1010003.jpg?resize=1536%2C1152&amp;ssl=1 1536w, https:\/\/i0.wp.com\/www.asso-audrey.org\/wp-content\/uploads\/2020\/03\/p1010003.jpg?w=2048&amp;ssl=1 2048w, https:\/\/i0.wp.com\/www.asso-audrey.org\/wp-content\/uploads\/2020\/03\/p1010003.jpg?w=1296&amp;ssl=1 1296w, https:\/\/i0.wp.com\/www.asso-audrey.org\/wp-content\/uploads\/2020\/03\/p1010003.jpg?w=1944&amp;ssl=1 1944w\" sizes=\"auto, (max-width: 278px) 100vw, 278px\" \/>M. JEANNETEAU Paul, parlementaire et \u00e0 droite M. VOISINE, Pr\u00e9sident de l&rsquo;association Audrey lors de notre formation au CHU d&rsquo;Angers en novembre 2008.<\/p>\n<p><br \/>Le parlementaire le plus actif et Madame Catherine de Roche.<\/p>\n<p>Nous souhaitons am\u00e9liorer de nombreuses conditions concernant l&rsquo;information et la pr\u00e9vention sur les m\u00e9ningites, le soutien des familles.<br \/><br \/>La maladie de notre fille est arriv\u00e9e \u00e0 son terme par manque d&rsquo;information.<\/p>\n<p>Les journ\u00e9es de formation sur les m\u00e9ningites que nous organisons sont toujours r\u00e9alis\u00e9es en partenariat avec les autorit\u00e9s sanitaires. Nous sommes soutenus par des parlementaires. Nous avons travaill\u00e9 avec plusieurs minist\u00e8res sant\u00e9, \u00e9ducation, famille et nous sommes en relation avec les deux centres de recensement des m\u00e9ningites \u00e0 m\u00e9ningocoques en France, l&rsquo;Institut Veille Sanitaire et l&rsquo;Institut Pasteur.<br \/>(l&rsquo;Institut Pasteur intervient comme orateur dans le cadre de nos formations)<\/p>\n\n\n<h2 class=\"wp-block-heading\"> Reconnaissance <br><\/h2>\n\n\n<p><\/p>\n<figure id=\"attachment_163\" class=\"thumbnail wp-caption aligncenter\" style=\"width: 310px\"><img data-recalc-dims=\"1\" loading=\"lazy\" decoding=\"async\" class=\"size-medium wp-image-163\" src=\"https:\/\/i0.wp.com\/www.asso-audrey.org\/wp-content\/uploads\/2020\/03\/medaille1.jpg?resize=300%2C225&#038;ssl=1\" alt=\"\" width=\"300\" height=\"225\" srcset=\"https:\/\/i0.wp.com\/www.asso-audrey.org\/wp-content\/uploads\/2020\/03\/medaille1.jpg?resize=300%2C225&amp;ssl=1 300w, https:\/\/i0.wp.com\/www.asso-audrey.org\/wp-content\/uploads\/2020\/03\/medaille1.jpg?resize=768%2C576&amp;ssl=1 768w, https:\/\/i0.wp.com\/www.asso-audrey.org\/wp-content\/uploads\/2020\/03\/medaille1.jpg?w=800&amp;ssl=1 800w\" sizes=\"auto, (max-width: 300px) 100vw, 300px\" \/><figcaption class=\"caption wp-caption-text\">Remise de la m\u00e9daille de Chevalier de l\u2019Ordre National du M\u00e9rite par le pr\u00e9fet du Maine et Loire au Pr\u00e9sident de l\u2019association Audrey M. VOISINE Jimmy en 2004.<br>L\u2019association est \u00e0 l\u2019origine d\u2019un texte de loi qui maintient les prestations familiales de trois mois apr\u00e8s le d\u00e9c\u00e8s d\u2019un enfant (0 \u00e0 3 ans) dans la P.A.J.E.<br>D\u2019autres actions de m\u00eame nature sont en cours d\u2019\u00e9laboration.<\/figcaption><\/figure>\n<figure id=\"attachment_164\" class=\"thumbnail wp-caption aligncenter\" style=\"width: 310px\"><img data-recalc-dims=\"1\" loading=\"lazy\" decoding=\"async\" class=\"wp-image-164 size-medium\" src=\"https:\/\/i0.wp.com\/www.asso-audrey.org\/wp-content\/uploads\/2020\/03\/d1030002.jpg?resize=300%2C119&#038;ssl=1\" alt=\"\" width=\"300\" height=\"119\" srcset=\"https:\/\/i0.wp.com\/www.asso-audrey.org\/wp-content\/uploads\/2020\/03\/d1030002-scaled.jpg?resize=300%2C119&amp;ssl=1 300w, https:\/\/i0.wp.com\/www.asso-audrey.org\/wp-content\/uploads\/2020\/03\/d1030002-scaled.jpg?resize=1024%2C406&amp;ssl=1 1024w, https:\/\/i0.wp.com\/www.asso-audrey.org\/wp-content\/uploads\/2020\/03\/d1030002-scaled.jpg?resize=768%2C305&amp;ssl=1 768w, https:\/\/i0.wp.com\/www.asso-audrey.org\/wp-content\/uploads\/2020\/03\/d1030002-scaled.jpg?resize=1536%2C609&amp;ssl=1 1536w, https:\/\/i0.wp.com\/www.asso-audrey.org\/wp-content\/uploads\/2020\/03\/d1030002-scaled.jpg?resize=2048%2C812&amp;ssl=1 2048w, https:\/\/i0.wp.com\/www.asso-audrey.org\/wp-content\/uploads\/2020\/03\/d1030002-scaled.jpg?w=1296&amp;ssl=1 1296w, https:\/\/i0.wp.com\/www.asso-audrey.org\/wp-content\/uploads\/2020\/03\/d1030002-scaled.jpg?w=1944&amp;ssl=1 1944w\" sizes=\"auto, (max-width: 300px) 100vw, 300px\" \/><figcaption class=\"caption wp-caption-text\">Conf\u00e9rence au SENAT le 18 mai 2005 organis\u00e9e par l&rsquo;association Audrey<\/figcaption><\/figure>\n<figure id=\"attachment_167\" class=\"thumbnail wp-caption aligncenter\" style=\"width: 310px\"><img data-recalc-dims=\"1\" loading=\"lazy\" decoding=\"async\" class=\"size-medium wp-image-167\" src=\"https:\/\/i0.wp.com\/www.asso-audrey.org\/wp-content\/uploads\/2020\/03\/1.jpg?resize=300%2C188&#038;ssl=1\" alt=\"\" width=\"300\" height=\"188\" srcset=\"https:\/\/i0.wp.com\/www.asso-audrey.org\/wp-content\/uploads\/2020\/03\/1.jpg?resize=300%2C188&amp;ssl=1 300w, https:\/\/i0.wp.com\/www.asso-audrey.org\/wp-content\/uploads\/2020\/03\/1.jpg?w=547&amp;ssl=1 547w\" sizes=\"auto, (max-width: 300px) 100vw, 300px\" \/><figcaption class=\"caption wp-caption-text\">Cl\u00f4ture d\u2019une conf\u00e9rence de presse m\u00e9dicale en Sicile, mars 2003.<br>Nous \u00e9tions pr\u00e9sent avec l\u2019association anglaise et br\u00e9silienne \u00e0 un congr\u00e8s m\u00e9dical.<\/figcaption><\/figure>\n<figure id=\"attachment_168\" class=\"thumbnail wp-caption aligncenter\" style=\"width: 454px\"><img data-recalc-dims=\"1\" loading=\"lazy\" decoding=\"async\" class=\" wp-image-168\" src=\"https:\/\/i0.wp.com\/www.asso-audrey.org\/wp-content\/uploads\/2020\/03\/foot2foot-0101.jpg?resize=444%2C333&#038;ssl=1\" alt=\"\" width=\"444\" height=\"333\" srcset=\"https:\/\/i0.wp.com\/www.asso-audrey.org\/wp-content\/uploads\/2020\/03\/foot2foot-0101.jpg?resize=300%2C225&amp;ssl=1 300w, https:\/\/i0.wp.com\/www.asso-audrey.org\/wp-content\/uploads\/2020\/03\/foot2foot-0101.jpg?w=440&amp;ssl=1 440w\" sizes=\"auto, (max-width: 444px) 100vw, 444px\" \/><figcaption class=\"caption wp-caption-text\">Ulrich RAME des Girondins de Bordeaux parrain de l\u2019association Audrey.<br>photo prise a un match de gala aux profit de l\u2019Association Audrey le 31 mai 2008 \u00e0 Angers.<br>Nous voulons toujours continuer le combat mais le b\u00e9n\u00e9volat nous limite dans nos actions.<br>Nous avons besoin de cr\u00e9er un premier emploi qui pourra nous seconder et surtout r\u00e9pondre aux familles qui nous demandent de l\u2019aide dans le cadre de l\u2019handicap chez leur enfant notamment l\u2019amputation.<br>L\u2019association a besoin de fonds pour r\u00e9pondre \u00e0 cette demande. Elle esp\u00e8re que ce nouveau site lui permettra de r\u00e9aliser ses objectifs.<br>Toutes personnes ou entreprises qui souhaitent nous soutenir, apporter des id\u00e9es seront les bienvenues.<\/figcaption><\/figure>","protected":false},"excerpt":{"rendered":"<p>Notre volont\u00e9 M. JEANNETEAU Paul, parlementaire et \u00e0 droite M. VOISINE, Pr\u00e9sident de l&rsquo;association Audrey lors de notre formation au CHU d&rsquo;Angers en novembre 2008. Le parlementaire le plus actif et Madame Catherine de Roche. Nous souhaitons am\u00e9liorer de nombreuses conditions concernant l&rsquo;information et la pr\u00e9vention sur les m\u00e9ningites, le soutien des familles. La maladie [&hellip;]<\/p>\n","protected":false},"author":1,"featured_media":0,"parent":110,"menu_order":3,"comment_status":"closed","ping_status":"closed","template":"","meta":{"vkexunit_cta_each_option":"","footnotes":""},"folder":[],"class_list":["post-148","page","type-page","status-publish","hentry"],"jetpack_shortlink":"https:\/\/wp.me\/PbNfD9-2o","jetpack_sharing_enabled":true,"_links":{"self":[{"href":"https:\/\/www.asso-audrey.org\/index.php?rest_route=\/wp\/v2\/pages\/148","targetHints":{"allow":["GET"]}}],"collection":[{"href":"https:\/\/www.asso-audrey.org\/index.php?rest_route=\/wp\/v2\/pages"}],"about":[{"href":"https:\/\/www.asso-audrey.org\/index.php?rest_route=\/wp\/v2\/types\/page"}],"author":[{"embeddable":true,"href":"https:\/\/www.asso-audrey.org\/index.php?rest_route=\/wp\/v2\/users\/1"}],"replies":[{"embeddable":true,"href":"https:\/\/www.asso-audrey.org\/index.php?rest_route=%2Fwp%2Fv2%2Fcomments&post=148"}],"version-history":[{"count":31,"href":"https:\/\/www.asso-audrey.org\/index.php?rest_route=\/wp\/v2\/pages\/148\/revisions"}],"predecessor-version":[{"id":1238,"href":"https:\/\/www.asso-audrey.org\/index.php?rest_route=\/wp\/v2\/pages\/148\/revisions\/1238"}],"up":[{"embeddable":true,"href":"https:\/\/www.asso-audrey.org\/index.php?rest_route=\/wp\/v2\/pages\/110"}],"wp:attachment":[{"href":"https:\/\/www.asso-audrey.org\/index.php?rest_route=%2Fwp%2Fv2%2Fmedia&parent=148"}],"wp:term":[{"taxonomy":"folder","embeddable":true,"href":"https:\/\/www.asso-audrey.org\/index.php?rest_route=%2Fwp%2Fv2%2Ffolder&post=148"}],"curies":[{"name":"wp","href":"https:\/\/api.w.org\/{rel}","templated":true}]}}