{"id":1430,"date":"2024-06-11T23:10:53","date_gmt":"2024-06-11T21:10:53","guid":{"rendered":"https:\/\/www.asso-audrey.org\/?page_id=1430"},"modified":"2024-06-12T21:40:18","modified_gmt":"2024-06-12T19:40:18","slug":"auto-virus-france","status":"publish","type":"page","link":"https:\/\/www.asso-audrey.org\/?page_id=1430","title":{"rendered":"Auto Virus France"},"content":{"rendered":"\n<div class=\"wp-block-group\"><div class=\"wp-block-group__inner-container is-layout-flow wp-block-group-is-layout-flow\">\n<div class=\"wp-block-group\"><div class=\"wp-block-group__inner-container is-layout-flow wp-block-group-is-layout-flow\">\n<div class=\"wp-block-group\"><div class=\"wp-block-group__inner-container is-layout-flow wp-block-group-is-layout-flow\">\n<div class=\"wp-block-group\"><div class=\"wp-block-group__inner-container is-layout-flow wp-block-group-is-layout-flow\">\n<div class=\"wp-block-group\"><div class=\"wp-block-group__inner-container is-layout-flow wp-block-group-is-layout-flow\">\n<div class=\"wp-block-group\"><div class=\"wp-block-group__inner-container is-layout-flow wp-block-group-is-layout-flow\">\n<p><img data-recalc-dims=\"1\" loading=\"lazy\" decoding=\"async\" class=\"alignnone wp-image-5839 size-full\" src=\"https:\/\/i0.wp.com\/associationaudrey.fr\/wp-content\/uploads\/2023\/12\/Banniere-2-logos.png?resize=648%2C117&#038;ssl=1\" alt=\"\" width=\"648\" height=\"117\" \/><\/p>\n<h3>\u00a0<\/h3>\n<h3><span style=\"color: #000000; --darkreader-inline-color: #e8e6e3;\" data-darkreader-inline-color=\"\">Aid\u00e9s par des collectionneurs de voitures anciennes et de prestige, ils soutiennent \u00ab\u00a0M\u00e9ningites France &#8211; Association Audrey\u00a0\u00bb association nationale et mondiale. <\/span><\/h3>\n<h3><span style=\"color: #000000; --darkreader-inline-color: #e8e6e3;\" data-darkreader-inline-color=\"\">La manifestation \u00e0 l&rsquo;hippodrome d&rsquo;Angers permet de partager les passions m\u00e9caniques et d&rsquo;apporter \u00e0 l&rsquo;association un plus grand rayonnement. Nous avons cr\u00e9\u00e9 Auto Virus France pour p\u00e9renniser cette manifestation.<\/span><\/h3>\n<h3><span style=\"color: #000000; --darkreader-inline-color: #e8e6e3;\" data-darkreader-inline-color=\"\">Si des personnes souhaitent organiser des rassemblements pour l&rsquo;association qu&rsquo;ils n&rsquo;h\u00e9sitent pas \u00e0 nous contacter. En faisant une action caritative, cela nous permet de faire plus de pr\u00e9vention sur les m\u00e9ningites et ses cons\u00e9quences, une maladie qui touche plus d&rsquo;une personne par jour en France.<\/span><\/h3>\n<h1>\u00a0<\/h1>\n<h1>Photo \u00e9v\u00e9nement\u00a0 =&gt; <span style=\"color: #00ccff;\" data-darkreader-inline-color=\"\"><a style=\"color: #00ccff;\" href=\"https:\/\/www.asso-audrey.org\/?post_type=robo_gallery_table&amp;p=1432&amp;preview=true\" data-darkreader-inline-color=\"\">2023<\/a><\/span><\/h1>\n<h3>\u00a0<\/h3>\n<h3>\u00a0<\/h3>\n<h3><span style=\"color: #000000;\" data-darkreader-inline-color=\"\">Merci \u00e0 tous les adh\u00e9rents et b\u00e9n\u00e9voles qui ont permis de r\u00e9aliser cette \u00e9v\u00e9nement merci aux dirigeants de l\u2019hippodrome de nos soutiens fid\u00e8les et de nos partenaires et au parrain de la manifestation M. Jean-Louis Fraquet ancien pilote de rallye.<\/span><br \/><span style=\"color: #000000;\" data-darkreader-inline-color=\"\">Merci \u00e0 tous les propri\u00e9taires de belles voitures qui ont r\u00e9pondu pr\u00e9sent pour soutenir l\u2019association.<\/span><\/h3>\n<h3><span style=\"color: #000000;\" data-darkreader-inline-color=\"\">L\u2019importance du public fait tr\u00e8s plaisir. Nous avons pu pr\u00e9senter un livret de pr\u00e9vention sur 13 maladies bact\u00e9riennes et \u00e9voquer des projets d\u2019avenir dans le cadre de la sant\u00e9 handicap et le deuil.<\/span><\/h3>\n<div class=\"yourcustomclass\">\n<h3 dir=\"auto\"><span style=\"color: #000000;\" data-darkreader-inline-color=\"\">Remerciement : Weekend du patrimoine a\u00e9roport de Marc\u00e9 16 et 17 Septembre.<\/span><\/h3>\n<h3 dir=\"auto\"><span style=\"color: #000000;\" data-darkreader-inline-color=\"\">Nous tenons \u00e0 remercier l\u2019\u00e9quipe des b\u00e9n\u00e9voles et du SNU, merci au Mus\u00e9e de l\u2019air, EDEIS et le club a\u00e9ronautique de l\u2019ouest soutenu par Angers Loire M\u00e9tropole.<\/span><\/h3>\n<h3 dir=\"auto\"><span style=\"color: #000000;\" data-darkreader-inline-color=\"\">La pr\u00e9sence des trois corps d\u2019arm\u00e9e, pompier, gendarmerie, l\u2019association des v\u00e9hicules militaires de 1940 et l\u2019exposant de plaque m\u00e9tallique d\u00e9corative\u2026<\/span><\/h3>\n<h3 dir=\"auto\"><span style=\"color: #000000;\" data-darkreader-inline-color=\"\">M\u00e9ningites France-Association Audrey soutient la cellule d\u2019aide aux militaires bless\u00e9s la CABAT.<\/span><\/h3>\n<h3 dir=\"auto\"><span style=\"color: #000000;\" data-darkreader-inline-color=\"\">Aujourd\u2019hui les m\u00e9ningites le nombre de cas ne cesse d\u2019augmenter, plusieurs chaque jour. Ce weekend \u00e9tait un moment de communication.<\/span><\/h3>\n<h3 dir=\"auto\">\u00a0<\/h3>\n<\/div>\n<h2 style=\"text-align: center;\"><a href=\"https:\/\/www.asso-audrey.org\/?post_type=robo_gallery_table&amp;p=1526&amp;preview=true\"><span style=\"color: #00ccff;\" data-darkreader-inline-color=\"\">Photo de l&rsquo;\u00e9v\u00e9nement de 2023<\/span><\/a><\/h2>\n<div>\u00a0<\/div>\n<\/div><\/div>\n<\/div><\/div>\n<\/div><\/div>\n<\/div><\/div>\n<\/div><\/div>\n<\/div><\/div>\n","protected":false},"excerpt":{"rendered":"<p>\u00a0 Aid\u00e9s par des collectionneurs de voitures anciennes et de prestige, ils soutiennent \u00ab\u00a0M\u00e9ningites France &#8211; Association Audrey\u00a0\u00bb association nationale et mondiale. La manifestation \u00e0 l&rsquo;hippodrome d&rsquo;Angers permet de partager les passions m\u00e9caniques et d&rsquo;apporter \u00e0 l&rsquo;association un plus grand rayonnement. Nous avons cr\u00e9\u00e9 Auto Virus France pour p\u00e9renniser cette manifestation. Si des personnes souhaitent [&hellip;]<\/p>\n","protected":false},"author":1,"featured_media":0,"parent":0,"menu_order":0,"comment_status":"closed","ping_status":"closed","template":"","meta":{"vkexunit_cta_each_option":"","footnotes":""},"folder":[],"class_list":["post-1430","page","type-page","status-publish","hentry"],"jetpack_shortlink":"https:\/\/wp.me\/PbNfD9-n4","jetpack_sharing_enabled":true,"_links":{"self":[{"href":"https:\/\/www.asso-audrey.org\/index.php?rest_route=\/wp\/v2\/pages\/1430","targetHints":{"allow":["GET"]}}],"collection":[{"href":"https:\/\/www.asso-audrey.org\/index.php?rest_route=\/wp\/v2\/pages"}],"about":[{"href":"https:\/\/www.asso-audrey.org\/index.php?rest_route=\/wp\/v2\/types\/page"}],"author":[{"embeddable":true,"href":"https:\/\/www.asso-audrey.org\/index.php?rest_route=\/wp\/v2\/users\/1"}],"replies":[{"embeddable":true,"href":"https:\/\/www.asso-audrey.org\/index.php?rest_route=%2Fwp%2Fv2%2Fcomments&post=1430"}],"version-history":[{"count":17,"href":"https:\/\/www.asso-audrey.org\/index.php?rest_route=\/wp\/v2\/pages\/1430\/revisions"}],"predecessor-version":[{"id":1531,"href":"https:\/\/www.asso-audrey.org\/index.php?rest_route=\/wp\/v2\/pages\/1430\/revisions\/1531"}],"wp:attachment":[{"href":"https:\/\/www.asso-audrey.org\/index.php?rest_route=%2Fwp%2Fv2%2Fmedia&parent=1430"}],"wp:term":[{"taxonomy":"folder","embeddable":true,"href":"https:\/\/www.asso-audrey.org\/index.php?rest_route=%2Fwp%2Fv2%2Ffolder&post=1430"}],"curies":[{"name":"wp","href":"https:\/\/api.w.org\/{rel}","templated":true}]}}