{"id":13,"date":"2020-03-13T21:42:25","date_gmt":"2020-03-13T20:42:25","guid":{"rendered":"http:\/\/www.asso-audrey.org\/index.php\/home\/"},"modified":"2025-05-16T16:48:44","modified_gmt":"2025-05-16T14:48:44","slug":"home","status":"publish","type":"page","link":"https:\/\/www.asso-audrey.org\/","title":{"rendered":"Accueil"},"content":{"rendered":"\n<p><a href=\"http:\/\/www.ecouflant.fr\/\">L&rsquo;association Audrey a \u00e9t\u00e9 fond\u00e9e en janvier 2000 \u00e0 Ecouflant dans le d\u00e9partement du Maine et Loire en France.<\/a> <br><br><\/p>\n\n\n\n<div class=\"wp-block-media-text alignwide is-stacked-on-mobile\" style=\"grid-template-columns:26% auto\"><figure class=\"wp-block-media-text__media\"><img data-recalc-dims=\"1\" loading=\"lazy\" decoding=\"async\" width=\"150\" height=\"224\" src=\"https:\/\/i0.wp.com\/www.asso-audrey.org\/wp-content\/uploads\/2020\/03\/audrey_1.jpg?resize=150%2C224&#038;ssl=1\" alt=\"\" class=\"wp-image-64 size-full\"\/><\/figure><div class=\"wp-block-media-text__content\">\n<p>Suite \u00e0&nbsp;notre ignorance concernant la m\u00e9ningite, nous avons perdu notre fille&nbsp;Audrey. Elle avait 12 ans et en 24 heures la maladie l&rsquo;a emport\u00e9e.<br>Avec mon \u00e9pouse nous avons cr\u00e9\u00e9 l&rsquo;association Audrey en janvier 2000, dans le but d&rsquo;informer et d&rsquo;aider le plus grand nombre de personnes.<br>Aujourd&rsquo;hui nous participons \u00e0 plusieurs manifestations&nbsp;et sommes membres et co-fondateurs de la conf\u00e9d\u00e9ration mondiale sur les m\u00e9ningites (C.O.M.O). <\/p>\n<\/div><\/div>\n\n\n\n<div style=\"height:47px\" aria-hidden=\"true\" class=\"wp-block-spacer\"><\/div>\n\n\n\n<p><strong><u>Parrainage<\/u><\/strong><\/p>\n\n\n<div class=\"wp-block-image\">\n<figure class=\"alignleft\"><img decoding=\"async\" src=\"https:\/\/i0.wp.com\/associationaudrey.fr\/wp-content\/uploads\/2020\/05\/p1030117_400x0-1.jpg?resize=245%2C184&amp;ssl=1\" alt=\"\" class=\"wp-image-2050\"\/><\/figure><\/div>\n\n\n<p>Marraine de l\u2019association Mme Odile Herv\u00e9-Bazin \u00e9pouse de l\u2019\u00e9crivain. Cette ann\u00e9e 2017, elle a rejoint son mari.<\/p>\n\n\n\n<p>Jean-Louis Fraquet, ancien pilote de rallye, parraine la manifestation des voitures organis\u00e9e par M\u00e9ningites France-Association Audrey.&nbsp;<\/p>\n\n\n\n<div style=\"height:13px\" aria-hidden=\"true\" class=\"wp-block-spacer\"><\/div>\n\n\n\n<hr class=\"wp-block-separator has-alpha-channel-opacity\"\/>\n\n\n\n<p><strong>Connaissez-vous les m\u00e9ningites bact\u00e9riennes et leur transmission ?<\/strong><\/p>\n\n\n\n<p>Combien de cas par jour et quels sont les sympt\u00f4mes ?<br>N\u2019attendez pas d\u2019\u00eatre concern\u00e9 pour vous informer.<\/p>\n\n\n\n<div style=\"height:26px\" aria-hidden=\"true\" class=\"wp-block-spacer\"><\/div>\n\n\n<h2 class=\"style-scope ytd-watch-metadata\" style=\"text-align: center;\"><span style=\"color: #ff0000;\" data-darkreader-inline-color=\"\">Conf\u00e9rence du 9 f\u00e9vrier 2023<\/span><br \/><span style=\"color: #ff0000;\" data-darkreader-inline-color=\"\">L\u2019\u00e9volution des m\u00e9ningocoques et les nouveaux vaccins.<\/span><\/h2>\n<p>Ce colloque est organis\u00e9 par M\u00e9ningites France \u2013 Association Audrey et Petit Ange et est soutenu par le minist\u00e8re de la Sant\u00e9 et de la Pr\u00e9vention. Diffusion en direct au Minist\u00e8re de la sant\u00e9 et de la pr\u00e9vention.<\/p>\n<p style=\"text-align: center;\"><a href=\"https:\/\/www.youtube.com\/watch?v=T7PS7VWsoKQ\">Cliquez ici ou sur l\u2019image pour acc\u00e9der au replay<\/a><\/p>\n<p><a href=\"https:\/\/www.youtube.com\/watch?v=T7PS7VWsoKQ\"><img data-recalc-dims=\"1\" loading=\"lazy\" decoding=\"async\" class=\"alignnone wp-image-1255 size-full\" src=\"https:\/\/i0.wp.com\/www.asso-audrey.org\/wp-content\/uploads\/2023\/02\/affiches-Audrey.png?resize=648%2C432&#038;ssl=1\" alt=\"\" width=\"648\" height=\"432\" \/><\/a><\/p>\n\n\n<figure class=\"wp-block-table is-style-stripes\"><table  class=\"has-fixed-layout table table-hover\" ><tbody><tr><td class=\"has-text-align-center\" data-align=\"center\"> <strong>SOUTIEN<\/strong> <br><br> Soutenez nos projets.<br>L&rsquo;association recherche des partenaires, m\u00e9c\u00e8nes, des personnes pour parrainer nos actions.<br><br>CLIQUER&nbsp;<a href=\"https:\/\/www.asso-audrey.org\/pageLibre00010085.html\">ICI<\/a>  <\/td><td class=\"has-text-align-center\" data-align=\"center\"><strong>C.O.M.O<\/strong><br><br><img data-recalc-dims=\"1\" loading=\"lazy\" decoding=\"async\" width=\"100\" height=\"101\" class=\"wp-image-92\" style=\"width: 100px;\" src=\"https:\/\/i0.wp.com\/www.asso-audrey.org\/wp-content\/uploads\/2020\/03\/logo_confederation.jpg?resize=100%2C101&#038;ssl=1\" alt=\"\" srcset=\"https:\/\/i0.wp.com\/www.asso-audrey.org\/wp-content\/uploads\/2020\/03\/logo_confederation.jpg?w=462&amp;ssl=1 462w, https:\/\/i0.wp.com\/www.asso-audrey.org\/wp-content\/uploads\/2020\/03\/logo_confederation.jpg?resize=297%2C300&amp;ssl=1 297w, https:\/\/i0.wp.com\/www.asso-audrey.org\/wp-content\/uploads\/2020\/03\/logo_confederation.jpg?resize=150%2C150&amp;ssl=1 150w\" sizes=\"auto, (max-width: 100px) 100vw, 100px\" \/><br> <br>  <a href=\"http:\/\/www.comoonline.org\/\">Action internationale<\/a> <\/td><\/tr><\/tbody><\/table><\/figure>\n\n\n\n<pre class=\"wp-block-preformatted\"> <a href=\"https:\/\/www.asso-audrey.org\/pageLibre0001004c.html\"><strong>Connaissez-vous les m\u00e9ningites et leur transmission ?<\/strong><\/a> \n <a href=\"https:\/\/www.asso-audrey.org\/pageLibre00010061.html\"><strong>Combien de cas par jour ?<\/strong><\/a> \n <a href=\"https:\/\/www.asso-audrey.org\/pageLibre00010055.html\"><strong>Quels sont les sympt\u00f4mes ?<\/strong><\/a> \n N'attendez pas d'\u00eatre concern\u00e9 pour vous informer. <\/pre>\n\n\n\n<div style=\"height:38px\" aria-hidden=\"true\" class=\"wp-block-spacer\"><\/div>\n\n\n\n<p class=\"has-text-align-center\"><strong>Nous venons de faire r\u00e9aliser un livret de pr\u00e9vention sur 13 maladies bact\u00e9riennes. Nous ne pouvions pas \u00e9voqu\u00e9 que les m\u00e9ningites, 11 autres maladies ont \u00e9t\u00e9 ajout\u00e9es.<\/strong><\/p>\n\n\n\n<div style=\"height:12px\" aria-hidden=\"true\" class=\"wp-block-spacer\"><\/div>\n\n\n\n<figure class=\"wp-block-gallery has-nested-images columns-default is-cropped wp-block-gallery-1 is-layout-flex wp-block-gallery-is-layout-flex\">\n<figure class=\"wp-block-image size-full\"><a href=\"https:\/\/www.asso-audrey.org\/wp-content\/uploads\/2025\/05\/Brochure_Meningites_France_2025_BD_planche.pdf\" target=\"_blank\" rel=\" noreferrer noopener\"><img data-recalc-dims=\"1\" loading=\"lazy\" decoding=\"async\" width=\"587\" height=\"834\" data-id=\"1568\" src=\"https:\/\/i0.wp.com\/www.asso-audrey.org\/wp-content\/uploads\/2025\/05\/Capture-decran-2025-05-16-163346.png?resize=587%2C834&#038;ssl=1\" alt=\"\" class=\"wp-image-1568\" srcset=\"https:\/\/i0.wp.com\/www.asso-audrey.org\/wp-content\/uploads\/2025\/05\/Capture-decran-2025-05-16-163346.png?w=587&amp;ssl=1 587w, https:\/\/i0.wp.com\/www.asso-audrey.org\/wp-content\/uploads\/2025\/05\/Capture-decran-2025-05-16-163346.png?resize=211%2C300&amp;ssl=1 211w\" sizes=\"auto, (max-width: 587px) 100vw, 587px\" \/><\/a><\/figure>\n<\/figure>\n\n\n\n<div style=\"height:61px\" aria-hidden=\"true\" class=\"wp-block-spacer\"><\/div>\n\n\n\n<p class=\"has-text-align-center\"><strong>LES INFECTIONS INVASIVES \u00c0 MENINGOCOQUE EN FRANCE EN 2022<\/strong><\/p>\n\n\n<div class=\"wp-block-image\">\n<figure class=\"aligncenter size-full is-resized\"><a href=\"https:\/\/www.asso-audrey.org\/wp-content\/uploads\/2024\/06\/Infections_Invasives_Meningocoque_231016_vf.pdf\"><img data-recalc-dims=\"1\" loading=\"lazy\" decoding=\"async\" width=\"648\" height=\"915\" src=\"https:\/\/i0.wp.com\/www.asso-audrey.org\/wp-content\/uploads\/2024\/06\/image.webp?resize=648%2C915&#038;ssl=1\" alt=\"\" class=\"wp-image-1279\" style=\"width:416px;height:auto\" srcset=\"https:\/\/i0.wp.com\/www.asso-audrey.org\/wp-content\/uploads\/2024\/06\/image.webp?w=725&amp;ssl=1 725w, https:\/\/i0.wp.com\/www.asso-audrey.org\/wp-content\/uploads\/2024\/06\/image.webp?resize=212%2C300&amp;ssl=1 212w\" sizes=\"auto, (max-width: 648px) 100vw, 648px\" \/><\/a><\/figure><\/div>","protected":false},"excerpt":{"rendered":"<p>L&rsquo;association Audrey a \u00e9t\u00e9 fond\u00e9e en janvier 2000 \u00e0 Ecouflant dans le d\u00e9partement du Maine et Loire en France. Suite \u00e0&nbsp;notre ignorance concernant la m\u00e9ningite, nous avons perdu notre fille&nbsp;Audrey. Elle avait 12 ans et en 24 heures la maladie l&rsquo;a emport\u00e9e.Avec mon \u00e9pouse nous avons cr\u00e9\u00e9 l&rsquo;association Audrey en janvier 2000, dans le but [&hellip;]<\/p>\n","protected":false},"author":1,"featured_media":0,"parent":0,"menu_order":0,"comment_status":"closed","ping_status":"closed","template":"","meta":{"vkexunit_cta_each_option":"","footnotes":""},"folder":[],"class_list":["post-13","page","type-page","status-publish","hentry"],"jetpack_shortlink":"https:\/\/wp.me\/PbNfD9-d","jetpack_sharing_enabled":true,"_links":{"self":[{"href":"https:\/\/www.asso-audrey.org\/index.php?rest_route=\/wp\/v2\/pages\/13","targetHints":{"allow":["GET"]}}],"collection":[{"href":"https:\/\/www.asso-audrey.org\/index.php?rest_route=\/wp\/v2\/pages"}],"about":[{"href":"https:\/\/www.asso-audrey.org\/index.php?rest_route=\/wp\/v2\/types\/page"}],"author":[{"embeddable":true,"href":"https:\/\/www.asso-audrey.org\/index.php?rest_route=\/wp\/v2\/users\/1"}],"replies":[{"embeddable":true,"href":"https:\/\/www.asso-audrey.org\/index.php?rest_route=%2Fwp%2Fv2%2Fcomments&post=13"}],"version-history":[{"count":52,"href":"https:\/\/www.asso-audrey.org\/index.php?rest_route=\/wp\/v2\/pages\/13\/revisions"}],"predecessor-version":[{"id":1569,"href":"https:\/\/www.asso-audrey.org\/index.php?rest_route=\/wp\/v2\/pages\/13\/revisions\/1569"}],"wp:attachment":[{"href":"https:\/\/www.asso-audrey.org\/index.php?rest_route=%2Fwp%2Fv2%2Fmedia&parent=13"}],"wp:term":[{"taxonomy":"folder","embeddable":true,"href":"https:\/\/www.asso-audrey.org\/index.php?rest_route=%2Fwp%2Fv2%2Ffolder&post=13"}],"curies":[{"name":"wp","href":"https:\/\/api.w.org\/{rel}","templated":true}]}}