{"id":110,"date":"2020-03-14T15:59:56","date_gmt":"2020-03-14T14:59:56","guid":{"rendered":"http:\/\/www.asso-audrey.org\/?page_id=110"},"modified":"2020-03-21T16:53:24","modified_gmt":"2020-03-21T15:53:24","slug":"lassociation","status":"publish","type":"page","link":"https:\/\/www.asso-audrey.org\/?page_id=110","title":{"rendered":"L&rsquo;association"},"content":{"rendered":"\n<h2 class=\"is-style-vk-heading-background_fill_lightgray wp-block-heading\">Historique <\/h2>\n\n\n<p><\/p>\n<p style=\"text-align: left;\"><img data-recalc-dims=\"1\" loading=\"lazy\" decoding=\"async\" class=\"wp-image-64 alignleft\" src=\"https:\/\/i0.wp.com\/www.asso-audrey.org\/wp-content\/uploads\/2020\/03\/audrey_1.jpg?resize=137%2C205&#038;ssl=1\" alt=\"\" width=\"137\" height=\"205\"><\/p>\n<p style=\"text-align: left;\">Cette association, n\u00e9e du souhait de soulager les parents par la prise en consid\u00e9ration de leur souffrance, a \u00e9t\u00e9&nbsp;<strong>cr\u00e9\u00e9e le 21 janvier 2000<\/strong>&nbsp;\u00e0&nbsp;<strong>Ecouflant<\/strong>&nbsp;(Maine et Loire)&nbsp;par&nbsp;<strong>Mr et Mme VOISINE<\/strong>, parents d&rsquo;Audrey, d\u00e9c\u00e9d\u00e9e brutalement d&rsquo;une m\u00e9ningite \u00e0 l&rsquo;\u00e2ge de 12 ans.<\/p>\n\n\n<p>Audrey est d\u00e9c\u00e9d\u00e9e d\u2019un \u00ab&nbsp;purpura fulminans&nbsp;\u00bb, soit d\u2019une m\u00e9ningite \u00e0 m\u00e9ningocoque C. Si les connaissances sur cette maladie avaient \u00e9t\u00e9 plus r\u00e9pandues, cette derni\u00e8re aurait eu moins de chance d\u2019arriver \u00e0 son terme.<\/p>\n\n\n<p><\/p>\n\n\n<p>Mr et Mme Voisine ont eu l\u2019id\u00e9e de cr\u00e9er cette association&nbsp;<strong>en m\u00e9moire de tous ceux qui ont \u00e9t\u00e9 victime de cette maladie,<\/strong>&nbsp;et&nbsp;<strong>soutenir ceux qui le sont actuellement ainsi que leur famille<\/strong>. Mais, ils souhaitaient surtout, faire de la&nbsp;<strong>pr\u00e9vention<\/strong>&nbsp;aupr\u00e8s des publics, afin de r\u00e9duire les risques de maladie et de cons\u00e9quences graves.<\/p>\n\n\n\n<p>L&rsquo;association Audrey est une&nbsp;<strong>association de parents<\/strong>&nbsp;dont l&rsquo;objectif est&nbsp;<strong>d&rsquo;augmenter les connaissances sur les diff\u00e9rents types de m\u00e9ningites&nbsp;<\/strong>existants, d&rsquo;aider le public \u00e0 mieux comprendre cette maladie et la pr\u00e9venir.<\/p>\n\n\n\n<p>Cette association a acquis une&nbsp;<strong>notori\u00e9t\u00e9 r\u00e9gionale et nationale en mars 2002<\/strong>&nbsp;ce qui lui a permis de mettre en \u0153uvre des actions dans&nbsp;diverses r\u00e9gions de France :<\/p>\n\n\n\n<p>\n\n&#8211; Association Audrey 40 Yohann&nbsp;<strong>(Landes)<br><\/strong>&#8211; Association Audrey 42 Emeric&nbsp;<strong>(Loire)<br><\/strong>&#8211; Association Audrey 76 R\u00e9gis&nbsp;<strong>(Seine Maritime)<\/strong><br>&#8211; Association Audrey 35&nbsp;<strong>(Ille et Vilaine)<br><\/strong>&#8211; Association Audrey 22<strong>&nbsp;(C\u00f4tes d\u2019Armor)<br><\/strong>&#8211; Association Audrey 33&nbsp;<strong>(Gironde)<br><\/strong>&#8211; Association Audrey 59 Steven&nbsp;<strong>(Nord)<\/strong><br>&#8211; Association Audrey 29 S\u00e9bastien&nbsp;<strong>(Finist\u00e8re)<\/strong><\/p>\n\n\n\n<p>\n\nDepuis l\u2019ouverture de plusieurs antennes, l\u2019association souhaite poursuivre son expansion vers d\u2019autres r\u00e9gions, ce qui permettra de mieux&nbsp;<strong>poursuivre le travail de proximit\u00e9 avec les autorit\u00e9s sanitaires<\/strong>&nbsp;et de&nbsp;<strong>renforcer l\u2019efficacit\u00e9 locale de l\u2019ensemble des actions men\u00e9es.<br><\/strong><br>Une campagne d&rsquo;affichage a eu lieu dans les \u00e9coles \u00e9l\u00e9mentaires et maternelles, dans les&nbsp;cr\u00e8ches et dans les salles d&rsquo;attente des m\u00e9decins g\u00e9n\u00e9ralistes pour favoriser un d\u00e9pistage pr\u00e9coce des m\u00e9ningites en&nbsp;<strong>Maine et Loire, d\u00e9partement pilote, en septembre 2001<\/strong>.<\/p>\n\n\n\n<p>En 2002,&nbsp;l&rsquo;association Audrey a organis\u00e9 \u00e0 Angers une soir\u00e9e d&rsquo;information sur les m\u00e9ningites, avec le soutien de la D.D.A.S.S, du C.H.U, la Ville d&rsquo;Angers et l&rsquo;Institut&nbsp;Pasteur. Cette soir\u00e9e&nbsp;a permis de r\u00e9aliser une journ\u00e9e&nbsp;sur les m\u00e9ningites \u00e0 Paris dans les salons du Minist\u00e8re de la Sant\u00e9 en novembre 2003.<\/p>\n\n\n\n<p>L&rsquo;association, en avril 2003, a \u00e9t\u00e9 invit\u00e9e au Congr\u00e8s m\u00e9dical de l&rsquo;Espid en Europe et a cl\u00f4tur\u00e9 une conf\u00e9rence de presse aux cot\u00e9s de l&rsquo;association anglaise \u00ab\u00a0Meningitis trust\u00a0\u00bb.<br><\/p>\n\n\n<p>En septembre 2004, nous venons de signer une charte pour la cr\u00e9ation d&rsquo;une&nbsp;<b>\u00ab\u00a0Conf\u00e9d\u00e9ration Mondiale sur la m\u00e9ningite\u00a0\u00bb<\/b>&nbsp;r\u00e9unissant 12 pays.<\/p>\n<p>Apr\u00e8s la campagne du Maine et Loire en 2001, nous avons renouvel\u00e9 sur le plan national, le 2 f\u00e9vrier 2004, une information sur la m\u00e9ningite \u00e0 m\u00e9ningocoque au sein de l&rsquo;\u00c9ducation Nationale, sous forme d&rsquo;affiches destin\u00e9es de la maternelle au lyc\u00e9e, de d\u00e9pliants destin\u00e9s aux m\u00e9decins et infirmi\u00e8res scolaires, soutenue et financ\u00e9e par les Minist\u00e8res de l&rsquo;\u00c9ducation Nationale et de la Sant\u00e9.<br><img data-recalc-dims=\"1\" loading=\"lazy\" decoding=\"async\" class=\"size-medium wp-image-92 alignright\" src=\"https:\/\/i0.wp.com\/www.asso-audrey.org\/wp-content\/uploads\/2020\/03\/logo_confederation.jpg?resize=297%2C300&#038;ssl=1\" alt=\"\" width=\"297\" height=\"300\" srcset=\"https:\/\/i0.wp.com\/www.asso-audrey.org\/wp-content\/uploads\/2020\/03\/logo_confederation.jpg?resize=297%2C300&amp;ssl=1 297w, https:\/\/i0.wp.com\/www.asso-audrey.org\/wp-content\/uploads\/2020\/03\/logo_confederation.jpg?w=462&amp;ssl=1 462w\" sizes=\"auto, (max-width: 297px) 100vw, 297px\" \/><br>Une information a \u00e9t\u00e9 mise en place avec le Conseil de l&rsquo;Ordre des Pharmaciens sous forme d&rsquo;affichettes et de d\u00e9pliants destin\u00e9s aux pharmacies.<\/p>\n<p>Pour l&rsquo;ann\u00e9e 2004, l&rsquo;association a organis\u00e9 trois soir\u00e9es d&rsquo;information sur la m\u00e9ningite. Le 1er octobre \u00e0 Bordeaux par l&rsquo;antenne des Landes, le 14 octobre \u00e0 Paris \u00e0 l&rsquo;auditorium de l&rsquo;Institut Pasteur et le 17 novembre \u00e0 l&rsquo;H\u00f4tel de Ville de Lyon.<\/p>\n<p><\/p>\n<p>L&rsquo;association Audrey travaille avec le Minist\u00e8re charg\u00e9 de la Famille, la Caisse d&rsquo;Allocations Familiales et le service d&rsquo;\u00c9tat Civil d&rsquo;Angers, pour un soutien psychologique et mat\u00e9riel. Depuis le 1er novembre 2000, l&rsquo;\u00c9tat Civil informe la C.A.F pour qu&rsquo;une assistante sociale apporte son aide aux familles.<\/p>\n<p>Nous sommes \u00e0<b>&nbsp;l&rsquo;origine de la prolongation des prestations familiales de trois mois apr\u00e8s le d\u00e9c\u00e8s de l&rsquo;enfant<\/b>, dans la loi du 1er janvier 2004. Ceci nous a valu une&nbsp;<b>nomination \u00ab\u00a0Chevalier dans l&rsquo;ordre national du M\u00e9rite\u00a0\u00bb.<\/b><\/p>\n<p><b><br>\n<\/b><\/p>\n<p><b><\/b>Nous continuons \u00e0 combler le vide juridique concernant les 7 000 d\u00e9c\u00e8s d&rsquo;enfants par chaque ann\u00e9e en France,&nbsp;<b>toutes causes confondues<\/b>.<\/p>\n<p>Le 22 juin 2006, a \u00e9t\u00e9 adopt\u00e9 au S\u00e9nat, dans le Code du Travail, le&nbsp;<b>cong\u00e9 de 4 jours au lieu de 2 pr\u00e9c\u00e9demment suite au d\u00e9c\u00e8s d&rsquo;un enfant ou d&rsquo;un conjoint.<br><\/b><br>En novembre 2004,&nbsp;<b>cr\u00e9ation d&rsquo;une plaquette sur le deuil<\/b>&nbsp;dans le Maine et Loire distribu\u00e9e par le service fun\u00e9raire du C.H.U d&rsquo;Angers, l&rsquo;\u00c9tat Civil et l&rsquo;Action Sociale de la CAF de l&rsquo;Anjou.<\/p>\n<p>Des journ\u00e9es de formation sur les m\u00e9ningites pour l&rsquo;ann\u00e9e 2008: Strasbourg le 11 mars, Angers le 20 novembre.<\/p>\n<p>Nous mettons en place plusieurs journ\u00e9es de formation sur les m\u00e9ningites&nbsp;<b>\u00e0 Lille le 24 Mars 2009<\/b>.&nbsp;<b>Rennes, Minist\u00e9re de la Sant\u00e9 \u00e0 Paris en 2009.<\/b><\/p>\n<p>L&rsquo;Association Audrey met tout en place pour&nbsp;<b>cr\u00e9er une fondation sur les m\u00e9ningites<\/b>&nbsp;pour mieux aider les familles.<\/p>\n\n\n<h2 class=\"is-style-vk-heading-background_fill_lightgray wp-block-heading\"> Objectifs <\/h2>\n\n\n\n<p><\/p>\n\n\n<p>Depuis sa cr\u00e9ation, l\u2019association poursuit de nombreux projets afin&nbsp;<b>d\u2019informer le public des signes et sympt\u00f4mes pr\u00e9coces<\/b>&nbsp;de la maladie et de ses cons\u00e9quences graves et \u00e9galement de&nbsp;<b>d\u00e9velopper une meilleure connaissance de la maladie<\/b>&nbsp;aupr\u00e8s des personnes qui s\u2019occupent r\u00e9guli\u00e8rement d\u2019enfants au sein des \u00e9coles, des cr\u00e8ches, des centres de loisirs et m\u00eame dans des lieux de sant\u00e9.<\/p>\n<p>L\u2019association sert essentiellement \u00e0&nbsp;<b>soutenir les parents et la fratrie, endeuill\u00e9s<\/b>&nbsp;par le d\u00e9c\u00e8s d\u2019un enfant, d\u2019un fr\u00e8re ou d\u2019une s\u0153ur, toutes causes confondues, afin d\u2019une part que le rapport avec l\u2019administration s\u2019humanise et d\u2019autre part qu\u2019un soutien psychologique et mat\u00e9riel soit propos\u00e9 aux parents.<\/p>\n\n\n<h2 class=\"is-style-vk-heading-background_fill_lightgray wp-block-heading\"> Transparence <\/h2>\n\n\n\n<p><\/p>\n\n\n<p>La clart\u00e9 de nos objectifs et son s\u00e9rieux fait que nous sommes soutenus par les autorit\u00e9s sanitaires dans le cadre des formations, en participant \u00e0 nos c\u00f4t\u00e9s.<br>Nous avons \u00e9t\u00e9 financ\u00e9 par le Minist\u00e8re de la Sant\u00e9, le Minist\u00e8re de l&rsquo;Education Nationale concernant une campagne nationale dans les \u00e9coles en France.<br>L&rsquo;Institut Pasteur participe \u00e0 nos c\u00f4t\u00e9s aux formations que nous organisons.<br>Le Conseil de l&rsquo;Ordre des Pharmaciens collabore pour diffuser l&rsquo;information.<br>Nous nous sommes souvent adapt\u00e9s aux propositions qui nous&nbsp;sont sugg\u00e9r\u00e9es&nbsp;car pour nous cela est un moyen d&rsquo;\u00e9voluer.<\/p>","protected":false},"excerpt":{"rendered":"<p>Historique Cette association, n\u00e9e du souhait de soulager les parents par la prise en consid\u00e9ration de leur souffrance, a \u00e9t\u00e9&nbsp;cr\u00e9\u00e9e le 21 janvier 2000&nbsp;\u00e0&nbsp;Ecouflant&nbsp;(Maine et Loire)&nbsp;par&nbsp;Mr et Mme VOISINE, parents d&rsquo;Audrey, d\u00e9c\u00e9d\u00e9e brutalement d&rsquo;une m\u00e9ningite \u00e0 l&rsquo;\u00e2ge de 12 ans. Audrey est d\u00e9c\u00e9d\u00e9e d\u2019un \u00ab&nbsp;purpura fulminans&nbsp;\u00bb, soit d\u2019une m\u00e9ningite \u00e0 m\u00e9ningocoque C. Si les connaissances [&hellip;]<\/p>\n","protected":false},"author":1,"featured_media":0,"parent":0,"menu_order":0,"comment_status":"closed","ping_status":"closed","template":"","meta":{"vkexunit_cta_each_option":"","footnotes":""},"folder":[],"class_list":["post-110","page","type-page","status-publish","hentry"],"jetpack_shortlink":"https:\/\/wp.me\/PbNfD9-1M","jetpack_sharing_enabled":true,"_links":{"self":[{"href":"https:\/\/www.asso-audrey.org\/index.php?rest_route=\/wp\/v2\/pages\/110","targetHints":{"allow":["GET"]}}],"collection":[{"href":"https:\/\/www.asso-audrey.org\/index.php?rest_route=\/wp\/v2\/pages"}],"about":[{"href":"https:\/\/www.asso-audrey.org\/index.php?rest_route=\/wp\/v2\/types\/page"}],"author":[{"embeddable":true,"href":"https:\/\/www.asso-audrey.org\/index.php?rest_route=\/wp\/v2\/users\/1"}],"replies":[{"embeddable":true,"href":"https:\/\/www.asso-audrey.org\/index.php?rest_route=%2Fwp%2Fv2%2Fcomments&post=110"}],"version-history":[{"count":25,"href":"https:\/\/www.asso-audrey.org\/index.php?rest_route=\/wp\/v2\/pages\/110\/revisions"}],"predecessor-version":[{"id":1119,"href":"https:\/\/www.asso-audrey.org\/index.php?rest_route=\/wp\/v2\/pages\/110\/revisions\/1119"}],"wp:attachment":[{"href":"https:\/\/www.asso-audrey.org\/index.php?rest_route=%2Fwp%2Fv2%2Fmedia&parent=110"}],"wp:term":[{"taxonomy":"folder","embeddable":true,"href":"https:\/\/www.asso-audrey.org\/index.php?rest_route=%2Fwp%2Fv2%2Ffolder&post=110"}],"curies":[{"name":"wp","href":"https:\/\/api.w.org\/{rel}","templated":true}]}}