{"id":1022,"date":"2020-03-17T17:46:34","date_gmt":"2020-03-17T16:46:34","guid":{"rendered":"http:\/\/www.asso-audrey.org\/?page_id=1022"},"modified":"2020-08-27T12:04:19","modified_gmt":"2020-08-27T10:04:19","slug":"partnership","status":"publish","type":"page","link":"https:\/\/www.asso-audrey.org\/?page_id=1022&lang=en","title":{"rendered":"Partnership"},"content":{"rendered":"\n<h3 class=\"is-style-vk-heading-both_ends wp-block-heading\"> <strong>Partnership<\/strong> <\/h3>\n\n\n\n<figure class=\"wp-block-table aligncenter is-style-stripes\"><table  class=\"has-fixed-layout table table-hover\" ><tbody><tr><td class=\"has-text-align-center\" data-align=\"center\"><img data-recalc-dims=\"1\" loading=\"lazy\" decoding=\"async\" width=\"150\" height=\"60\" class=\"wp-image-324\" style=\"width: 150px;\" src=\"https:\/\/i0.wp.com\/www.asso-audrey.org\/wp-content\/uploads\/2020\/03\/logo_seul_200x0.jpg?resize=150%2C60&#038;ssl=1\" alt=\"\"><br><br> <strong>Institut pasteur<\/strong><br><br> INSTITUT PASTEUR often participates in training that we organize for health professionals as a speaker. He has always supported the association since its creation. <\/td><td class=\"has-text-align-center\" data-align=\"center\"><img data-recalc-dims=\"1\" loading=\"lazy\" decoding=\"async\" width=\"150\" height=\"55\" class=\"wp-image-325\" style=\"width: 150px;\" src=\"https:\/\/i0.wp.com\/www.asso-audrey.org\/wp-content\/uploads\/2020\/03\/cespharm_logo_quad_jpeg-1.jpg?resize=150%2C55&#038;ssl=1\" alt=\"\" srcset=\"https:\/\/i0.wp.com\/www.asso-audrey.org\/wp-content\/uploads\/2020\/03\/cespharm_logo_quad_jpeg-1.jpg?w=809&amp;ssl=1 809w, https:\/\/i0.wp.com\/www.asso-audrey.org\/wp-content\/uploads\/2020\/03\/cespharm_logo_quad_jpeg-1.jpg?resize=300%2C111&amp;ssl=1 300w, https:\/\/i0.wp.com\/www.asso-audrey.org\/wp-content\/uploads\/2020\/03\/cespharm_logo_quad_jpeg-1.jpg?resize=768%2C283&amp;ssl=1 768w\" sizes=\"auto, (max-width: 150px) 100vw, 150px\" \/><br><br> <strong>Cespharm<\/strong><br><br> Cespharm is the communication part of the Council of the College of Pharmacists. He participated in the production of documents for the association and disseminates their information to pharmacies in France. <\/td><td class=\"has-text-align-center\" data-align=\"center\"><img data-recalc-dims=\"1\" loading=\"lazy\" decoding=\"async\" width=\"140\" height=\"120\" class=\"wp-image-1244\" style=\"width: 140px;\" src=\"https:\/\/i0.wp.com\/www.asso-audrey.org\/wp-content\/uploads\/2020\/08\/Logo-GSK-1.png?resize=140%2C120&#038;ssl=1\" alt=\"\" srcset=\"https:\/\/i0.wp.com\/www.asso-audrey.org\/wp-content\/uploads\/2020\/08\/Logo-GSK-1.png?w=591&amp;ssl=1 591w, https:\/\/i0.wp.com\/www.asso-audrey.org\/wp-content\/uploads\/2020\/08\/Logo-GSK-1.png?resize=300%2C258&amp;ssl=1 300w\" sizes=\"auto, (max-width: 140px) 100vw, 140px\" \/><br> <br><strong>GSK <\/strong><br><br>  GSK is a pharmaceutical laboratory which supports Meningitis France-Audrey association in our actions such as the Meningitis prevention project.<\/td><\/tr><tr><td class=\"has-text-align-center\" data-align=\"center\"><img data-recalc-dims=\"1\" loading=\"lazy\" decoding=\"async\" width=\"100\" height=\"130\" class=\"wp-image-331\" style=\"width: 100px;\" src=\"https:\/\/i0.wp.com\/www.asso-audrey.org\/wp-content\/uploads\/2020\/03\/Logo_Angers.svg_.png?resize=100%2C130&#038;ssl=1\" alt=\"\" srcset=\"https:\/\/i0.wp.com\/www.asso-audrey.org\/wp-content\/uploads\/2020\/03\/Logo_Angers.svg_.png?w=788&amp;ssl=1 788w, https:\/\/i0.wp.com\/www.asso-audrey.org\/wp-content\/uploads\/2020\/03\/Logo_Angers.svg_.png?resize=231%2C300&amp;ssl=1 231w, https:\/\/i0.wp.com\/www.asso-audrey.org\/wp-content\/uploads\/2020\/03\/Logo_Angers.svg_.png?resize=768%2C998&amp;ssl=1 768w\" sizes=\"auto, (max-width: 100px) 100vw, 100px\" \/><br><br><strong> Mairie d\u2019Angers<\/strong> <br><br>  The City of Angers has supported the association in its various projects since 2000. She was by our side for the automatic declaration of the child&rsquo;s death. <\/td><td class=\"has-text-align-center\" data-align=\"center\"><img data-recalc-dims=\"1\" loading=\"lazy\" decoding=\"async\" width=\"100\" height=\"136\" class=\"wp-image-332\" style=\"width: 100px;\" src=\"https:\/\/i0.wp.com\/www.asso-audrey.org\/wp-content\/uploads\/2020\/03\/384px-Logo_SCO_Angers.svg_.png?resize=100%2C136&#038;ssl=1\" alt=\"\" srcset=\"https:\/\/i0.wp.com\/www.asso-audrey.org\/wp-content\/uploads\/2020\/03\/384px-Logo_SCO_Angers.svg_.png?w=1008&amp;ssl=1 1008w, https:\/\/i0.wp.com\/www.asso-audrey.org\/wp-content\/uploads\/2020\/03\/384px-Logo_SCO_Angers.svg_.png?resize=220%2C300&amp;ssl=1 220w, https:\/\/i0.wp.com\/www.asso-audrey.org\/wp-content\/uploads\/2020\/03\/384px-Logo_SCO_Angers.svg_.png?resize=752%2C1024&amp;ssl=1 752w, https:\/\/i0.wp.com\/www.asso-audrey.org\/wp-content\/uploads\/2020\/03\/384px-Logo_SCO_Angers.svg_.png?resize=768%2C1045&amp;ssl=1 768w\" sizes=\"auto, (max-width: 100px) 100vw, 100px\" \/><br><br> <strong>SCO d\u2019Angers <\/strong><br><br>  The S.C.O. of Angers supports the actions that we carry out in particular a soccer tournament chicks by taking part in the organization. <br><\/td><td class=\"has-text-align-center\" data-align=\"center\"><img data-recalc-dims=\"1\" loading=\"lazy\" decoding=\"async\" width=\"200\" height=\"90\" class=\"wp-image-333\" style=\"width: 200px;\" src=\"https:\/\/i0.wp.com\/www.asso-audrey.org\/wp-content\/uploads\/2020\/03\/169.png?resize=200%2C90&#038;ssl=1\" alt=\"\" srcset=\"https:\/\/i0.wp.com\/www.asso-audrey.org\/wp-content\/uploads\/2020\/03\/169.png?w=378&amp;ssl=1 378w, https:\/\/i0.wp.com\/www.asso-audrey.org\/wp-content\/uploads\/2020\/03\/169.png?resize=300%2C135&amp;ssl=1 300w\" sizes=\"auto, (max-width: 200px) 100vw, 200px\" \/><br><br><br><br><strong>Futuroscope <\/strong><br><br>  Futuroscope supports M\u00e9ningites France-association Audrey by offering lots and welcoming disabled children.  <\/td><\/tr><tr><td class=\"has-text-align-center\" data-align=\"center\"><img data-recalc-dims=\"1\" loading=\"lazy\" decoding=\"async\" width=\"150\" height=\"90\" class=\"wp-image-334\" style=\"width: 150px;\" src=\"https:\/\/i0.wp.com\/www.asso-audrey.org\/wp-content\/uploads\/2020\/03\/logo_pfizer_quadri.jpg?resize=150%2C90&#038;ssl=1\" alt=\"\" srcset=\"https:\/\/i0.wp.com\/www.asso-audrey.org\/wp-content\/uploads\/2020\/03\/logo_pfizer_quadri.jpg?w=650&amp;ssl=1 650w, https:\/\/i0.wp.com\/www.asso-audrey.org\/wp-content\/uploads\/2020\/03\/logo_pfizer_quadri.jpg?resize=300%2C180&amp;ssl=1 300w\" sizes=\"auto, (max-width: 150px) 100vw, 150px\" \/><br><br><strong> Pfizer <\/strong><br><br>  Pfizer is a pharmaceutical laboratory that supports Meningitis France-Audrey association in our actions such as the prevention project on Meningitis. <\/td><td class=\"has-text-align-center\" data-align=\"center\"><img data-recalc-dims=\"1\" loading=\"lazy\" decoding=\"async\" width=\"300\" height=\"86\" class=\"wp-image-335\" style=\"width: 300px;\" src=\"https:\/\/i0.wp.com\/www.asso-audrey.org\/wp-content\/uploads\/2020\/03\/SANOFI-Pasteur-RVB-Colors.jpg?resize=300%2C86&#038;ssl=1\" alt=\"\" srcset=\"https:\/\/i0.wp.com\/www.asso-audrey.org\/wp-content\/uploads\/2020\/03\/SANOFI-Pasteur-RVB-Colors.jpg?w=1052&amp;ssl=1 1052w, https:\/\/i0.wp.com\/www.asso-audrey.org\/wp-content\/uploads\/2020\/03\/SANOFI-Pasteur-RVB-Colors.jpg?resize=300%2C86&amp;ssl=1 300w, https:\/\/i0.wp.com\/www.asso-audrey.org\/wp-content\/uploads\/2020\/03\/SANOFI-Pasteur-RVB-Colors.jpg?resize=1024%2C294&amp;ssl=1 1024w, https:\/\/i0.wp.com\/www.asso-audrey.org\/wp-content\/uploads\/2020\/03\/SANOFI-Pasteur-RVB-Colors.jpg?resize=768%2C220&amp;ssl=1 768w\" sizes=\"auto, (max-width: 300px) 100vw, 300px\" \/><br> <br><br><strong>SANOFI PASTEUR <\/strong><br><br>  SANOFI PASTEUR is a pharmaceutical laboratory that supports Meningitis France-Audrey association in our actions such as the prevention project on Meningitis . <\/td><td class=\"has-text-align-center\" data-align=\"center\"><img data-recalc-dims=\"1\" loading=\"lazy\" decoding=\"async\" width=\"250\" height=\"104\" class=\"wp-image-336\" style=\"width: 250px;\" src=\"https:\/\/i0.wp.com\/www.asso-audrey.org\/wp-content\/uploads\/2020\/03\/avec-le-soutien-de-BD.jpg?resize=250%2C104&#038;ssl=1\" alt=\"\" srcset=\"https:\/\/i0.wp.com\/www.asso-audrey.org\/wp-content\/uploads\/2020\/03\/avec-le-soutien-de-BD.jpg?w=1315&amp;ssl=1 1315w, https:\/\/i0.wp.com\/www.asso-audrey.org\/wp-content\/uploads\/2020\/03\/avec-le-soutien-de-BD.jpg?resize=300%2C124&amp;ssl=1 300w, https:\/\/i0.wp.com\/www.asso-audrey.org\/wp-content\/uploads\/2020\/03\/avec-le-soutien-de-BD.jpg?resize=1024%2C424&amp;ssl=1 1024w, https:\/\/i0.wp.com\/www.asso-audrey.org\/wp-content\/uploads\/2020\/03\/avec-le-soutien-de-BD.jpg?resize=768%2C318&amp;ssl=1 768w\" sizes=\"auto, (max-width: 250px) 100vw, 250px\" \/><br><br><strong> Banque populaire<\/strong> <br><br>  The corporate foundation supports the actions we carry out by making a donation as well as equipment. <br><\/td><\/tr><tr><td class=\"has-text-align-center\" data-align=\"center\"><img loading=\"lazy\" decoding=\"async\" width=\"150\" height=\"105\" class=\"wp-image-338\" style=\"width: 150px;\" src=\"https:\/\/www.asso-audrey.org\/wp-content\/uploads\/2020\/03\/CA-3-coul-1.bmp\" alt=\"\" srcset=\"https:\/\/www.asso-audrey.org\/wp-content\/uploads\/2020\/03\/CA-3-coul-1.bmp 381w, https:\/\/www.asso-audrey.org\/wp-content\/uploads\/2020\/03\/CA-3-coul-1.bmp 300w\" sizes=\"auto, (max-width: 150px) 100vw, 150px\" \/><br><br><strong> Cr\u00e9dit Agricole <\/strong><br><br>  Cr\u00e9dit Agricole supports the association during our events through communication and offers prizes. <\/td><td class=\"has-text-align-center\" data-align=\"center\"><br><img data-recalc-dims=\"1\" loading=\"lazy\" decoding=\"async\" width=\"350\" height=\"90\" class=\"wp-image-340\" style=\"width: 350px;\" src=\"https:\/\/i0.wp.com\/www.asso-audrey.org\/wp-content\/uploads\/2020\/03\/LOGOCAEXISbaselinefiligrane.png?resize=350%2C90&#038;ssl=1\" alt=\"\" srcset=\"https:\/\/i0.wp.com\/www.asso-audrey.org\/wp-content\/uploads\/2020\/03\/LOGOCAEXISbaselinefiligrane.png?w=411&amp;ssl=1 411w, https:\/\/i0.wp.com\/www.asso-audrey.org\/wp-content\/uploads\/2020\/03\/LOGOCAEXISbaselinefiligrane.png?resize=300%2C77&amp;ssl=1 300w\" sizes=\"auto, (max-width: 350px) 100vw, 350px\" \/><br><br><br><strong> Ca\u00e9xis<\/strong><br><br>  Ca\u00e9xis is an accounting firm Chartered accountant and statutory auditors. She supports the association through our administrative procedures. <\/td><td class=\"has-text-align-center\" data-align=\"center\"><img data-recalc-dims=\"1\" loading=\"lazy\" decoding=\"async\" width=\"100\" height=\"100\" class=\"wp-image-341\" style=\"width: 100px;\" src=\"https:\/\/i0.wp.com\/www.asso-audrey.org\/wp-content\/uploads\/2020\/03\/unnamed.png?resize=100%2C100&#038;ssl=1\" alt=\"\" srcset=\"https:\/\/i0.wp.com\/www.asso-audrey.org\/wp-content\/uploads\/2020\/03\/unnamed.png?w=512&amp;ssl=1 512w, https:\/\/i0.wp.com\/www.asso-audrey.org\/wp-content\/uploads\/2020\/03\/unnamed.png?resize=300%2C300&amp;ssl=1 300w, https:\/\/i0.wp.com\/www.asso-audrey.org\/wp-content\/uploads\/2020\/03\/unnamed.png?resize=150%2C150&amp;ssl=1 150w\" sizes=\"auto, (max-width: 100px) 100vw, 100px\" \/><br><br><strong> Elancia <\/strong><br><br>  Elancia is a group of fitness rooms approved by the Ministry of Health. They offer discounts to our members and allow us to broadcast our events. <\/td><\/tr><tr><td class=\"has-text-align-center\" data-align=\"center\"><img data-recalc-dims=\"1\" loading=\"lazy\" decoding=\"async\" width=\"150\" height=\"120\" class=\"wp-image-343\" style=\"width: 150px;\" src=\"https:\/\/i0.wp.com\/www.asso-audrey.org\/wp-content\/uploads\/2020\/03\/201504250_121124.jpg?resize=150%2C120&#038;ssl=1\" alt=\"\" srcset=\"https:\/\/i0.wp.com\/www.asso-audrey.org\/wp-content\/uploads\/2020\/03\/201504250_121124.jpg?w=1821&amp;ssl=1 1821w, https:\/\/i0.wp.com\/www.asso-audrey.org\/wp-content\/uploads\/2020\/03\/201504250_121124.jpg?resize=300%2C241&amp;ssl=1 300w, https:\/\/i0.wp.com\/www.asso-audrey.org\/wp-content\/uploads\/2020\/03\/201504250_121124.jpg?resize=1024%2C822&amp;ssl=1 1024w, https:\/\/i0.wp.com\/www.asso-audrey.org\/wp-content\/uploads\/2020\/03\/201504250_121124.jpg?resize=768%2C616&amp;ssl=1 768w, https:\/\/i0.wp.com\/www.asso-audrey.org\/wp-content\/uploads\/2020\/03\/201504250_121124.jpg?resize=1536%2C1232&amp;ssl=1 1536w, https:\/\/i0.wp.com\/www.asso-audrey.org\/wp-content\/uploads\/2020\/03\/201504250_121124.jpg?w=1296&amp;ssl=1 1296w\" sizes=\"auto, (max-width: 150px) 100vw, 150px\" \/><br><br><strong> GT Passion <\/strong><br><br>  GT Passion is a prestigious and collector car garage which has participated in our events since the start of our event. <br><\/td><td class=\"has-text-align-center\" data-align=\"center\"><img data-recalc-dims=\"1\" loading=\"lazy\" decoding=\"async\" width=\"200\" height=\"99\" class=\"wp-image-345\" style=\"width: 200px;\" src=\"https:\/\/i0.wp.com\/www.asso-audrey.org\/wp-content\/uploads\/2020\/03\/hippodrome2.png?resize=200%2C99&#038;ssl=1\" alt=\"\" srcset=\"https:\/\/i0.wp.com\/www.asso-audrey.org\/wp-content\/uploads\/2020\/03\/hippodrome2.png?w=679&amp;ssl=1 679w, https:\/\/i0.wp.com\/www.asso-audrey.org\/wp-content\/uploads\/2020\/03\/hippodrome2.png?resize=300%2C148&amp;ssl=1 300w\" sizes=\"auto, (max-width: 200px) 100vw, 200px\" \/><br><br><strong> Hippodrome Angers Ecouflant <\/strong><br><br>  Hippodrome Angers provides their premises so that we can organize an event related to the automobile for several years. The racing society allows us to communicate and have resources. <\/td><td class=\"has-text-align-center\" data-align=\"center\"><img data-recalc-dims=\"1\" loading=\"lazy\" decoding=\"async\" width=\"200\" height=\"127\" class=\"wp-image-346\" style=\"width: 200px;\" src=\"https:\/\/i0.wp.com\/www.asso-audrey.org\/wp-content\/uploads\/2020\/03\/PHOTO-FLOU-A4aazDF.png?resize=200%2C127&#038;ssl=1\" alt=\"\" srcset=\"https:\/\/i0.wp.com\/www.asso-audrey.org\/wp-content\/uploads\/2020\/03\/PHOTO-FLOU-A4aazDF.png?w=2048&amp;ssl=1 2048w, https:\/\/i0.wp.com\/www.asso-audrey.org\/wp-content\/uploads\/2020\/03\/PHOTO-FLOU-A4aazDF.png?resize=300%2C191&amp;ssl=1 300w, https:\/\/i0.wp.com\/www.asso-audrey.org\/wp-content\/uploads\/2020\/03\/PHOTO-FLOU-A4aazDF.png?resize=1024%2C651&amp;ssl=1 1024w, https:\/\/i0.wp.com\/www.asso-audrey.org\/wp-content\/uploads\/2020\/03\/PHOTO-FLOU-A4aazDF.png?resize=768%2C488&amp;ssl=1 768w, https:\/\/i0.wp.com\/www.asso-audrey.org\/wp-content\/uploads\/2020\/03\/PHOTO-FLOU-A4aazDF.png?resize=1536%2C977&amp;ssl=1 1536w, https:\/\/i0.wp.com\/www.asso-audrey.org\/wp-content\/uploads\/2020\/03\/PHOTO-FLOU-A4aazDF.png?w=1296&amp;ssl=1 1296w, https:\/\/i0.wp.com\/www.asso-audrey.org\/wp-content\/uploads\/2020\/03\/PHOTO-FLOU-A4aazDF.png?w=1944&amp;ssl=1 1944w\" sizes=\"auto, (max-width: 200px) 100vw, 200px\" \/><br><br><br><strong> Photo\/Flou<\/strong> <br><br> Photo Flou  is a photographer who allows us to illustrate our communication media, he is involved in the association. <\/td><\/tr><tr><td class=\"has-text-align-center\" data-align=\"center\"><br><img data-recalc-dims=\"1\" loading=\"lazy\" decoding=\"async\" width=\"180\" height=\"90\" class=\"wp-image-348\" style=\"width: 180px;\" src=\"https:\/\/i0.wp.com\/www.asso-audrey.org\/wp-content\/uploads\/2020\/03\/Logo_Ecurie_plantagenet.png?resize=180%2C90&#038;ssl=1\" alt=\"\" srcset=\"https:\/\/i0.wp.com\/www.asso-audrey.org\/wp-content\/uploads\/2020\/03\/Logo_Ecurie_plantagenet.png?w=1024&amp;ssl=1 1024w, https:\/\/i0.wp.com\/www.asso-audrey.org\/wp-content\/uploads\/2020\/03\/Logo_Ecurie_plantagenet.png?resize=300%2C150&amp;ssl=1 300w, https:\/\/i0.wp.com\/www.asso-audrey.org\/wp-content\/uploads\/2020\/03\/Logo_Ecurie_plantagenet.png?resize=768%2C384&amp;ssl=1 768w\" sizes=\"auto, (max-width: 180px) 100vw, 180px\" \/><br><br><br><strong> Ecurie Plantagenet <\/strong><br><br>L\u2019\u00e9curie Plantagenet&nbsp;<br> is a partner of our car event at the Angers racecourse under the label of Auto Virus France supports our actions in the health field  <\/td><td class=\"has-text-align-center\" data-align=\"center\"><img data-recalc-dims=\"1\" loading=\"lazy\" decoding=\"async\" width=\"100\" height=\"113\" class=\"wp-image-349\" style=\"width: 100px;\" src=\"https:\/\/i0.wp.com\/www.asso-audrey.org\/wp-content\/uploads\/2020\/03\/Ecurie-Anjou.png?resize=100%2C113&#038;ssl=1\" alt=\"\"><br><br><strong> Ecurie d\u2019Anjou <\/strong><br><br> L\u2019\u00e9curie d\u2019Anjou&nbsp; is a partner of our demonstration of cars at the Angers racecourse under the label of Auto Virus France supports our actions in the health field. <\/td><td class=\"has-text-align-center\" data-align=\"center\"><img data-recalc-dims=\"1\" loading=\"lazy\" decoding=\"async\" width=\"180\" height=\"72\" class=\"wp-image-351\" style=\"width: 180px;\" src=\"https:\/\/i0.wp.com\/www.asso-audrey.org\/wp-content\/uploads\/2020\/03\/tousresponsable.jpg?resize=180%2C72&#038;ssl=1\" alt=\"\" srcset=\"https:\/\/i0.wp.com\/www.asso-audrey.org\/wp-content\/uploads\/2020\/03\/tousresponsable.jpg?w=1399&amp;ssl=1 1399w, https:\/\/i0.wp.com\/www.asso-audrey.org\/wp-content\/uploads\/2020\/03\/tousresponsable.jpg?resize=300%2C119&amp;ssl=1 300w, https:\/\/i0.wp.com\/www.asso-audrey.org\/wp-content\/uploads\/2020\/03\/tousresponsable.jpg?resize=1024%2C407&amp;ssl=1 1024w, https:\/\/i0.wp.com\/www.asso-audrey.org\/wp-content\/uploads\/2020\/03\/tousresponsable.jpg?resize=768%2C305&amp;ssl=1 768w, https:\/\/i0.wp.com\/www.asso-audrey.org\/wp-content\/uploads\/2020\/03\/tousresponsable.jpg?w=1296&amp;ssl=1 1296w\" sizes=\"auto, (max-width: 180px) 100vw, 180px\" \/><br><br><br><strong> S\u00e9curit\u00e9 routi\u00e8re <\/strong><br><br>  Road safety allows us to do prevention during the car demonstration at the Angers racecourse. <\/td><\/tr><tr><td class=\"has-text-align-center\" data-align=\"center\"><img data-recalc-dims=\"1\" loading=\"lazy\" decoding=\"async\" width=\"240\" height=\"97\" class=\"wp-image-354\" style=\"width: 240px;\" src=\"https:\/\/i0.wp.com\/www.asso-audrey.org\/wp-content\/uploads\/2020\/03\/Super-U.png?resize=240%2C97&#038;ssl=1\" alt=\"\" srcset=\"https:\/\/i0.wp.com\/www.asso-audrey.org\/wp-content\/uploads\/2020\/03\/Super-U.png?w=3508&amp;ssl=1 3508w, https:\/\/i0.wp.com\/www.asso-audrey.org\/wp-content\/uploads\/2020\/03\/Super-U.png?resize=300%2C121&amp;ssl=1 300w, https:\/\/i0.wp.com\/www.asso-audrey.org\/wp-content\/uploads\/2020\/03\/Super-U.png?resize=1024%2C412&amp;ssl=1 1024w, https:\/\/i0.wp.com\/www.asso-audrey.org\/wp-content\/uploads\/2020\/03\/Super-U.png?resize=768%2C309&amp;ssl=1 768w, https:\/\/i0.wp.com\/www.asso-audrey.org\/wp-content\/uploads\/2020\/03\/Super-U.png?resize=1536%2C618&amp;ssl=1 1536w, https:\/\/i0.wp.com\/www.asso-audrey.org\/wp-content\/uploads\/2020\/03\/Super-U.png?resize=2048%2C824&amp;ssl=1 2048w, https:\/\/i0.wp.com\/www.asso-audrey.org\/wp-content\/uploads\/2020\/03\/Super-U.png?w=1296&amp;ssl=1 1296w, https:\/\/i0.wp.com\/www.asso-audrey.org\/wp-content\/uploads\/2020\/03\/Super-U.png?w=1944&amp;ssl=1 1944w\" sizes=\"auto, (max-width: 240px) 100vw, 240px\" \/><br><br><strong>Super U<br><br><\/strong> Super U des Banchais  supports us in the purchase of products for the demonstration of cars. <\/td><td class=\"has-text-align-center\" data-align=\"center\"><img data-recalc-dims=\"1\" loading=\"lazy\" decoding=\"async\" width=\"230\" height=\"115\" class=\"wp-image-355\" style=\"width: 230px;\" src=\"https:\/\/i0.wp.com\/www.asso-audrey.org\/wp-content\/uploads\/2020\/03\/joiesdelafete_espace1-1.jpg?resize=230%2C115&#038;ssl=1\" alt=\"\" srcset=\"https:\/\/i0.wp.com\/www.asso-audrey.org\/wp-content\/uploads\/2020\/03\/joiesdelafete_espace1-1.jpg?w=600&amp;ssl=1 600w, https:\/\/i0.wp.com\/www.asso-audrey.org\/wp-content\/uploads\/2020\/03\/joiesdelafete_espace1-1.jpg?resize=300%2C150&amp;ssl=1 300w\" sizes=\"auto, (max-width: 230px) 100vw, 230px\" \/><br><br><strong> Joies de la F\u00eate <\/strong><br><br> Les Joies de la F\u00eate  allows us to animate our events to support the association.  <\/td><td class=\"has-text-align-center\" data-align=\"center\"><img data-recalc-dims=\"1\" loading=\"lazy\" decoding=\"async\" width=\"150\" height=\"102\" class=\"wp-image-357\" style=\"width: 150px;\" src=\"https:\/\/i0.wp.com\/www.asso-audrey.org\/wp-content\/uploads\/2020\/03\/adresse.jpg?resize=150%2C102&#038;ssl=1\" alt=\"\" srcset=\"https:\/\/i0.wp.com\/www.asso-audrey.org\/wp-content\/uploads\/2020\/03\/adresse.jpg?w=576&amp;ssl=1 576w, https:\/\/i0.wp.com\/www.asso-audrey.org\/wp-content\/uploads\/2020\/03\/adresse.jpg?resize=300%2C203&amp;ssl=1 300w\" sizes=\"auto, (max-width: 150px) 100vw, 150px\" \/><br><br><strong> Anselmino <\/strong><br><br> Anselmino  is a partner during our event at the Hippodrome d&rsquo;Angers. <br><br> <\/td><\/tr><tr><td class=\"has-text-align-center\" data-align=\"center\"><br><img data-recalc-dims=\"1\" loading=\"lazy\" decoding=\"async\" width=\"200\" height=\"126\" class=\"wp-image-359\" style=\"width: 200px;\" src=\"https:\/\/i0.wp.com\/www.asso-audrey.org\/wp-content\/uploads\/2020\/03\/Dugu%C3%A9-Olivier-Serrurier.png?resize=200%2C126&#038;ssl=1\" alt=\"\" srcset=\"https:\/\/i0.wp.com\/www.asso-audrey.org\/wp-content\/uploads\/2020\/03\/Dugu%C3%A9-Olivier-Serrurier.png?w=661&amp;ssl=1 661w, https:\/\/i0.wp.com\/www.asso-audrey.org\/wp-content\/uploads\/2020\/03\/Dugu%C3%A9-Olivier-Serrurier.png?resize=300%2C188&amp;ssl=1 300w\" sizes=\"auto, (max-width: 200px) 100vw, 200px\" \/><br><br><strong> SARL Dugu\u00e9 <\/strong><br><br> SARL Dugu\u00e9  has been a partner of our event from the start at the Angers Racecourse.<br><br> <\/td><td class=\"has-text-align-center\" data-align=\"center\"><br><br><img data-recalc-dims=\"1\" loading=\"lazy\" decoding=\"async\" width=\"300\" height=\"105\" class=\"wp-image-360\" style=\"width: 300px;\" src=\"https:\/\/i0.wp.com\/www.asso-audrey.org\/wp-content\/uploads\/2020\/03\/GARAGE-GT.jpg?resize=300%2C105&#038;ssl=1\" alt=\"\" srcset=\"https:\/\/i0.wp.com\/www.asso-audrey.org\/wp-content\/uploads\/2020\/03\/GARAGE-GT.jpg?w=430&amp;ssl=1 430w, https:\/\/i0.wp.com\/www.asso-audrey.org\/wp-content\/uploads\/2020\/03\/GARAGE-GT.jpg?resize=300%2C105&amp;ssl=1 300w\" sizes=\"auto, (max-width: 300px) 100vw, 300px\" \/><br><br><br><strong> Garage GT <\/strong><br><br> Garage GT  has been a partner of our event from the start at the Angers Racecourse.<br><br> <br><br><br><\/td><td class=\"has-text-align-center\" data-align=\"center\"><img data-recalc-dims=\"1\" loading=\"lazy\" decoding=\"async\" width=\"110\" height=\"145\" class=\"wp-image-361\" style=\"width: 110px;\" src=\"https:\/\/i0.wp.com\/www.asso-audrey.org\/wp-content\/uploads\/2020\/03\/Citro%C3%ABn.png?resize=110%2C145&#038;ssl=1\" alt=\"\" srcset=\"https:\/\/i0.wp.com\/www.asso-audrey.org\/wp-content\/uploads\/2020\/03\/Citro%C3%ABn.png?w=1240&amp;ssl=1 1240w, https:\/\/i0.wp.com\/www.asso-audrey.org\/wp-content\/uploads\/2020\/03\/Citro%C3%ABn.png?resize=227%2C300&amp;ssl=1 227w, https:\/\/i0.wp.com\/www.asso-audrey.org\/wp-content\/uploads\/2020\/03\/Citro%C3%ABn.png?resize=776%2C1024&amp;ssl=1 776w, https:\/\/i0.wp.com\/www.asso-audrey.org\/wp-content\/uploads\/2020\/03\/Citro%C3%ABn.png?resize=768%2C1013&amp;ssl=1 768w, https:\/\/i0.wp.com\/www.asso-audrey.org\/wp-content\/uploads\/2020\/03\/Citro%C3%ABn.png?resize=1164%2C1536&amp;ssl=1 1164w\" sizes=\"auto, (max-width: 110px) 100vw, 110px\" \/><br><br><strong> Garage Citro\u00ebn <\/strong><br><br> Garage Citro\u00ebn  has been a partner of our event from the start at the Angers Racecourse.<br><br> <\/td><\/tr><tr><td class=\"has-text-align-center\" data-align=\"center\"><img data-recalc-dims=\"1\" loading=\"lazy\" decoding=\"async\" width=\"150\" height=\"112\" class=\"wp-image-363\" style=\"width: 150px;\" src=\"https:\/\/i0.wp.com\/www.asso-audrey.org\/wp-content\/uploads\/2020\/03\/larrosoir-du-pasteur.png?resize=150%2C112&#038;ssl=1\" alt=\"\" srcset=\"https:\/\/i0.wp.com\/www.asso-audrey.org\/wp-content\/uploads\/2020\/03\/larrosoir-du-pasteur.png?w=604&amp;ssl=1 604w, https:\/\/i0.wp.com\/www.asso-audrey.org\/wp-content\/uploads\/2020\/03\/larrosoir-du-pasteur.png?resize=300%2C224&amp;ssl=1 300w\" sizes=\"auto, (max-width: 150px) 100vw, 150px\" \/><br><br><strong> L\u2019ARROSOIR <\/strong><br><br> L\u2019ARROSOIR  is a Brasserie in Angers, partner of our association from the start at the Hippodrome d&rsquo;Angers. <\/td><td class=\"has-text-align-center\" data-align=\"center\"><img data-recalc-dims=\"1\" loading=\"lazy\" decoding=\"async\" width=\"150\" height=\"108\" class=\"wp-image-365\" style=\"width: 150px;\" src=\"https:\/\/i0.wp.com\/www.asso-audrey.org\/wp-content\/uploads\/2020\/03\/tn_p1010945.jpg?resize=150%2C108&#038;ssl=1\" alt=\"\" srcset=\"https:\/\/i0.wp.com\/www.asso-audrey.org\/wp-content\/uploads\/2020\/03\/tn_p1010945.jpg?w=630&amp;ssl=1 630w, https:\/\/i0.wp.com\/www.asso-audrey.org\/wp-content\/uploads\/2020\/03\/tn_p1010945.jpg?resize=300%2C217&amp;ssl=1 300w\" sizes=\"auto, (max-width: 150px) 100vw, 150px\" \/><br><br><strong> Th\u00e9\u00e2tre <\/strong><br><br>  For several years, the Vivacit\u00e9 association, a theater troupe of volunteers has supported us by playing comedies for the benefit of the Audrey association. The troupe is originally from  Ponts de C\u00e9 \u00e0 c\u00f4t\u00e9 d\u2019Angers. <\/td><td class=\"has-text-align-center\" data-align=\"center\"><\/td><\/tr><\/tbody><\/table><\/figure>\n","protected":false},"excerpt":{"rendered":"<p>Partnership Institut pasteur INSTITUT PASTEUR often participates in training that we organize for health professionals as a speaker. He has always supported the association since its creation. Cespharm Cespharm is the communication part of the Council of the College of Pharmacists. He participated in the production of documents for the association and disseminates their information [&hellip;]<\/p>\n","protected":false},"author":1,"featured_media":0,"parent":0,"menu_order":10,"comment_status":"closed","ping_status":"closed","template":"","meta":{"vkexunit_cta_each_option":"","footnotes":""},"folder":[],"class_list":["post-1022","page","type-page","status-publish","hentry"],"jetpack_shortlink":"https:\/\/wp.me\/PbNfD9-gu","jetpack_sharing_enabled":true,"_links":{"self":[{"href":"https:\/\/www.asso-audrey.org\/index.php?rest_route=\/wp\/v2\/pages\/1022","targetHints":{"allow":["GET"]}}],"collection":[{"href":"https:\/\/www.asso-audrey.org\/index.php?rest_route=\/wp\/v2\/pages"}],"about":[{"href":"https:\/\/www.asso-audrey.org\/index.php?rest_route=\/wp\/v2\/types\/page"}],"author":[{"embeddable":true,"href":"https:\/\/www.asso-audrey.org\/index.php?rest_route=\/wp\/v2\/users\/1"}],"replies":[{"embeddable":true,"href":"https:\/\/www.asso-audrey.org\/index.php?rest_route=%2Fwp%2Fv2%2Fcomments&post=1022"}],"version-history":[{"count":21,"href":"https:\/\/www.asso-audrey.org\/index.php?rest_route=\/wp\/v2\/pages\/1022\/revisions"}],"predecessor-version":[{"id":1246,"href":"https:\/\/www.asso-audrey.org\/index.php?rest_route=\/wp\/v2\/pages\/1022\/revisions\/1246"}],"wp:attachment":[{"href":"https:\/\/www.asso-audrey.org\/index.php?rest_route=%2Fwp%2Fv2%2Fmedia&parent=1022"}],"wp:term":[{"taxonomy":"folder","embeddable":true,"href":"https:\/\/www.asso-audrey.org\/index.php?rest_route=%2Fwp%2Fv2%2Ffolder&post=1022"}],"curies":[{"name":"wp","href":"https:\/\/api.w.org\/{rel}","templated":true}]}}